{"id":6155,"date":"2022-03-28T11:56:50","date_gmt":"2022-03-28T10:56:50","guid":{"rendered":"https:\/\/poppersareus.com\/?page_id=6155"},"modified":"2025-01-31T16:15:35","modified_gmt":"2025-01-31T16:15:35","slug":"homepage","status":"publish","type":"page","link":"https:\/\/poppersareus.com\/en\/","title":{"rendered":"Homepage"},"content":{"rendered":"\n<div id=\"wp-block-themeisle-blocks-advanced-columns-2ee37312\" class=\"wp-block-themeisle-blocks-advanced-columns has-3-columns has-desktop-equal-layout has-tablet-equal-layout has-mobile-collapsedRows-layout has-vertical-unset\"><div class=\"wp-block-themeisle-blocks-advanced-columns-overlay\"><\/div><div class=\"innerblocks-wrap\">\n<div id=\"wp-block-themeisle-blocks-advanced-column-bcebcab5\" class=\"wp-block-themeisle-blocks-advanced-column\">\n<p class=\"has-text-align-center has-small-font-size\" style=\"text-transform:uppercase\"><strong>Fast deliveries with tracking code<\/strong><\/p>\n<\/div>\n\n\n\n<div id=\"wp-block-themeisle-blocks-advanced-column-9ed3a429\" class=\"wp-block-themeisle-blocks-advanced-column\">\n<p class=\"has-text-align-center has-small-font-size\" style=\"text-transform:uppercase\"><strong><strong>Safe and discreet packaging<\/strong><\/strong><\/p>\n<\/div>\n\n\n\n<div id=\"wp-block-themeisle-blocks-advanced-column-de0969ab\" class=\"wp-block-themeisle-blocks-advanced-column\">\n<p class=\"has-text-align-center has-small-font-size\" style=\"text-transform:uppercase\"><strong><strong><strong>Multiple 100% secure payment options<\/strong><\/strong><\/strong><\/p>\n<\/div>\n<\/div><\/div>\n\n\n\n<div id=\"wp-block-themeisle-blocks-advanced-columns-8d8abfc8\" class=\"wp-block-themeisle-blocks-advanced-columns has-1-columns has-desktop-equal-layout has-tablet-equal-layout has-mobile-equal-layout has-vertical-unset\"><div class=\"wp-block-themeisle-blocks-advanced-columns-overlay\"><\/div><div class=\"innerblocks-wrap\">\n<div id=\"wp-block-themeisle-blocks-advanced-column-e9dfe71b\" class=\"wp-block-themeisle-blocks-advanced-column\">\n<div class=\"wp-block-cover alignwide is-light\" style=\"min-height:600px;aspect-ratio:unset;\"><span aria-hidden=\"true\" class=\"wp-block-cover__background has-nv-site-bg-background-color has-background-dim\"><\/span><img loading=\"lazy\" decoding=\"async\" width=\"1050\" height=\"600\" class=\"wp-block-cover__image-background wp-image-3775\" alt=\"\" src=\"https:\/\/poppersareus.com\/wp-content\/uploads\/poppers-are-us-xmas-banner-december-2023.jpg\" data-object-fit=\"cover\" srcset=\"https:\/\/poppersareus.com\/wp-content\/uploads\/poppers-are-us-xmas-banner-december-2023.jpg 1050w, https:\/\/poppersareus.com\/wp-content\/uploads\/poppers-are-us-xmas-banner-december-2023-300x171.jpg 300w, https:\/\/poppersareus.com\/wp-content\/uploads\/poppers-are-us-xmas-banner-december-2023-1024x585.jpg 1024w, https:\/\/poppersareus.com\/wp-content\/uploads\/poppers-are-us-xmas-banner-december-2023-768x439.jpg 768w, https:\/\/poppersareus.com\/wp-content\/uploads\/poppers-are-us-xmas-banner-december-2023-450x257.jpg 450w, https:\/\/poppersareus.com\/wp-content\/uploads\/poppers-are-us-xmas-banner-december-2023-64x37.jpg 64w\" sizes=\"auto, (max-width: 1050px) 100vw, 1050px\" \/><div class=\"wp-block-cover__inner-container is-layout-flow wp-block-cover-is-layout-flow\">\n<p class=\"has-text-align-center\" style=\"font-size:30px;font-style:normal;font-weight:700;text-transform:uppercase\">\ud83c\udf84 Celebra a Magia do Natal \ud83c\udf81<\/p>\n\n\n\n<p class=\"has-text-align-center\" style=\"font-size:18px\">C\u00f3digo: <strong>NATAL5<\/strong> \ud83c\udf1f <strong>5% de desconto<\/strong> em todas as compras a partir de <strong>20\u20ac<\/strong>.<\/p>\n\n\n\n<p class=\"has-text-align-center\" style=\"font-size:20px\">C\u00f3digo:<strong> NATAL10<\/strong> \ud83c\udf1f <strong>10% de desconto<\/strong> em compras a partir de <strong>30\u20ac<\/strong>.<\/p>\n\n\n\n<p class=\"has-text-align-center\" style=\"font-size:22px\"> C\u00f3digo:<strong> NATAL20<\/strong> \ud83c\udf1f <strong>20% de desconto<\/strong> em pedidos a partir de <strong>50\u20ac<\/strong>.<\/p>\n\n\n\n<p class=\"has-text-align-center\"> C\u00f3digos n\u00e3o acumul\u00e1veis e v\u00e1lidos at\u00e9 31\/12\/2023.<\/p>\n<\/div><\/div>\n\n\n\n<div style=\"height:30px\" aria-hidden=\"true\" class=\"wp-block-spacer\"><\/div>\n\n\n\n<div class=\"wp-block-buttons is-content-justification-center is-layout-flex wp-container-core-buttons-is-layout-16018d1d wp-block-buttons-is-layout-flex\">\n<div class=\"wp-block-button has-custom-width wp-block-button__width-50 is-style-primary\"><a class=\"wp-block-button__link wp-element-button\" href=\"https:\/\/poppersareus.com\/en\/poppers\/\">Buy your Poppers<\/a><\/div>\n<\/div>\n<\/div>\n<\/div><\/div>\n\n\n\n<div id=\"wp-block-themeisle-blocks-advanced-columns-b60d641e\" class=\"wp-block-themeisle-blocks-advanced-columns has-2-columns has-desktop-equal-layout has-tablet-equal-layout has-mobile-collapsedRows-layout has-vertical-unset\"><div class=\"wp-block-themeisle-blocks-advanced-columns-overlay\"><\/div><div class=\"innerblocks-wrap\">\n<div id=\"wp-block-themeisle-blocks-advanced-column-7c96cb95\" class=\"wp-block-themeisle-blocks-advanced-column\"><div class=\"wp-block-image is-resized\">\n<figure class=\"alignleft size-full\"><a href=\"https:\/\/poppersareus.com\/en\/poppers\/small-poppers\/\"><img loading=\"lazy\" decoding=\"async\" width=\"600\" height=\"293\" src=\"https:\/\/poppersareus.com\/wp-content\/uploads\/poppers-pequenos.jpg\" alt=\"Frascos de poppers pequenos\" class=\"wp-image-2199\" srcset=\"https:\/\/poppersareus.com\/wp-content\/uploads\/poppers-pequenos.jpg 600w, https:\/\/poppersareus.com\/wp-content\/uploads\/poppers-pequenos-300x147.jpg 300w, https:\/\/poppersareus.com\/wp-content\/uploads\/poppers-pequenos-450x220.jpg 450w, https:\/\/poppersareus.com\/wp-content\/uploads\/poppers-pequenos-64x31.jpg 64w\" sizes=\"auto, (max-width: 600px) 100vw, 600px\" \/><\/a><\/figure>\n<\/div>\n\n\n<div style=\"height:20px\" aria-hidden=\"true\" class=\"wp-block-spacer\"><\/div>\n\n\n\n<p class=\"has-text-align-left has-medium-font-size\">Small poppers<\/p>\n\n\n\n<p>Discover our selection of poppers in compact format, developed for those looking for a more practical and discreet option, without compromising quality and efficiency. These products are the ideal choice for those who want a smaller bottle that is easy to transport.<\/p>\n\n\n\n<p>Manufactured to high-quality standards, these products are carefully developed to guarantee safety and stability over time. Available in various formulas and compositions, they offer a wide variety of options so you can find the choice that best suits your needs.<\/p>\n\n\n\n<div class=\"wp-block-buttons is-content-justification-left is-layout-flex wp-container-core-buttons-is-layout-fdcfc74e wp-block-buttons-is-layout-flex\">\n<div class=\"wp-block-button has-custom-width wp-block-button__width-75 is-style-primary\"><a class=\"wp-block-button__link wp-element-button\" href=\"https:\/\/poppersareus.com\/en\/poppers\/small-poppers\/\">Buy Small Poppers<\/a><\/div>\n<\/div>\n<\/div>\n\n\n\n<div id=\"wp-block-themeisle-blocks-advanced-column-ac324582\" class=\"wp-block-themeisle-blocks-advanced-column\"><div class=\"wp-block-image is-resized\">\n<figure class=\"alignleft size-full\"><a href=\"https:\/\/poppersareus.com\/en\/poppers\/big-poppers\/\"><img loading=\"lazy\" decoding=\"async\" width=\"600\" height=\"293\" src=\"https:\/\/poppersareus.com\/wp-content\/uploads\/poppers-grandes.jpg\" alt=\"Frascos de poppers grandes\" class=\"wp-image-2198\" srcset=\"https:\/\/poppersareus.com\/wp-content\/uploads\/poppers-grandes.jpg 600w, https:\/\/poppersareus.com\/wp-content\/uploads\/poppers-grandes-300x147.jpg 300w, https:\/\/poppersareus.com\/wp-content\/uploads\/poppers-grandes-450x220.jpg 450w, https:\/\/poppersareus.com\/wp-content\/uploads\/poppers-grandes-64x31.jpg 64w\" sizes=\"auto, (max-width: 600px) 100vw, 600px\" \/><\/a><\/figure>\n<\/div>\n\n\n<div style=\"height:20px\" aria-hidden=\"true\" class=\"wp-block-spacer\"><\/div>\n\n\n\n<p class=\"has-text-align-left has-medium-font-size\">Big poppers<\/p>\n\n\n\n<p>Discover our selection of large format poppers, developed for those looking for a larger capacity bottle, ensuring more quantity without compromising effectiveness. These products are ideal for those who want prolonged use, maintaining quality and performance over time.<\/p>\n\n\n\n<p>Manufactured according to strict quality standards, large poppers are formulated to guarantee stability and safety, preserving their composition in an optimized way. With larger volume bottles, they reduce the need for frequent replacement, making them a practical choice for different uses.<\/p>\n\n\n\n<div class=\"wp-block-buttons is-content-justification-left is-layout-flex wp-container-core-buttons-is-layout-fdcfc74e wp-block-buttons-is-layout-flex\">\n<div class=\"wp-block-button has-custom-width wp-block-button__width-75 is-style-primary\"><a class=\"wp-block-button__link has-nv-text-dark-bg-color has-neve-link-color-background-color has-text-color has-background wp-element-button\" href=\"https:\/\/poppersareus.com\/en\/poppers\/big-poppers\/\">Buy Big Poppers<\/a><\/div>\n<\/div>\n<\/div>\n<\/div><\/div>\n\n\n\n<div id=\"wp-block-themeisle-blocks-advanced-columns-6295a3de\" class=\"wp-block-themeisle-blocks-advanced-columns has-1-columns has-desktop-equal-layout has-tablet-equal-layout has-mobile-equal-layout has-vertical-unset\"><div class=\"wp-block-themeisle-blocks-advanced-columns-overlay\"><\/div><div class=\"innerblocks-wrap\">\n<div id=\"wp-block-themeisle-blocks-advanced-column-2dca6631\" class=\"wp-block-themeisle-blocks-advanced-column\">\n<div class=\"wp-block-cover\"><span aria-hidden=\"true\" class=\"wp-block-cover__background has-nv-dark-bg-background-color has-background-dim-100 has-background-dim\"><\/span><div class=\"wp-block-cover__inner-container is-layout-flow wp-block-cover-is-layout-flow\">\n<p class=\"has-text-align-center has-medium-font-size\"><strong>Stay ahead of the offers: subscribe to our newsletter now!<\/strong><\/p>\n\n\n\n<p class=\"has-text-align-center\">Don&#8217;t miss the best offers! Subscribe to our newsletter now and receive exclusive discounts, product news and information about future products.<\/p>\n\n\n\n<div class=\"wp-block-buttons is-content-justification-center is-layout-flex wp-container-core-buttons-is-layout-16018d1d wp-block-buttons-is-layout-flex\">\n<div class=\"wp-block-button is-style-default\"><a class=\"wp-block-button__link has-neve-link-color-color has-nv-light-bg-background-color has-text-color has-background wp-element-button\" href=\"https:\/\/poppersareus.com\/en\/newsletter\/\">Subscribe Now<\/a><\/div>\n<\/div>\n<\/div><\/div>\n<\/div>\n<\/div><\/div>\n\n\n\n<div id=\"wp-block-themeisle-blocks-advanced-columns-60b25e10\" class=\"wp-block-themeisle-blocks-advanced-columns has-1-columns has-desktop-oneTwo-layout has-tablet-equal-layout has-mobile-collapsedRows-layout has-vertical-top\"><div class=\"wp-block-themeisle-blocks-advanced-columns-overlay\"><\/div><div class=\"innerblocks-wrap\">\n<div id=\"wp-block-themeisle-blocks-advanced-column-10acb951\" class=\"wp-block-themeisle-blocks-advanced-column\">\n<h1 class=\"wp-block-heading\">Poppers Are Us \u2014 Buy poppers online at the best price<\/h1>\n\n\n\n<p>Hello! Welcome to Poppers Are Us, the online poppers sales specialist. Since 2022, we have put all our knowledge at your service to offer you the best poppers at the best price.<\/p>\n\n\n\n<p>Buy the best brands of poppers. From Rush to Super Rush, including Amsterdam, Blue Boy\u2026 You can count on numerous poppers references available for purchase. Our product catalogue is frequently updated to present new features and exclusives.<\/p>\n\n\n\n<p>We carefully select our suppliers to guarantee the highest quality to our customers. Our products are carefully stored in the shade in a well-ventilated place. This way, our poppers maintain perfect nitrite. By choosing Poppers Are Us, you are guaranteed to buy genuine poppers from a 100% safe website. Just click and we deliver discreetly within 24 hours!<\/p>\n\n\n\n<h2 class=\"wp-block-heading\">What are poppers?<\/h2>\n\n\n\n<p>Poppers are nitrite-based liquids (such as amyl nitrite, butyl nitrite, pentyl nitrite or isopropyl nitrite), traditionally sold in small bottles. These products are used for technical purposes, including cleaning and treating leather and fur. If you are interested in buying, it is important to research safe use and buy from a reliable seller, such as Poppers Are Us, a specialist in selling poppers online in Portugal.<\/p>\n\n\n\n<p><strong>Attention: Poppers must only be used according to the manufacturer&#8217;s instructions. Inappropriate use can lead to unwanted side effects, such as headache, dizziness, nausea, chest pain, among others. The use of poppers should be avoided by minors, people with heart problems, high or low blood pressure, glaucoma or other health problems.<\/strong><\/p>\n\n\n\n<h2 class=\"wp-block-heading\">Where to buy poppers in Portugal?<\/h2>\n\n\n\n<p>If you are looking for poppers to buy in Portugal, you have several options, including physical and online stores. However, it is essential to buy from a reliable seller who guarantees the quality and authenticity of the products. Poppers Are Us specializes in selling poppers online in Portugal, offering a wide variety of brands and scents.<\/p>\n\n\n\n<p>Buying poppers online is convenient and discreet, with delivery straight to your door. Additionally, Poppers Are Us offers competitive prices and exclusive promotions for loyal customers. Make sure to read the instructions for use and precautions before use, to ensure you use them with maximum safety.<\/p>\n\n\n\n<p>Don&#8217;t take the risk of buying poppers from unknown sources with no quality guarantees. Choose Poppers Are Us, the most reliable and safe online store to buy poppers in Portugal.<\/p>\n\n\n\n<h2 class=\"wp-block-heading\">Are poppers legal in Portugal?<\/h2>\n\n\n\n<p>Poppers are legal products in Portugal, as long as they are not sold for human consumption. As chemical substances, they are considered cleaning products or solvents and are sold as such by our store.<\/p>\n\n\n\n<p>However, it is important to use them carefully and follow the manufacturer&#8217;s instructions. Do not exceed the recommended times, and make sure you use the poppers in a safe and ventilated environment. Avoid mixing them with other chemicals or alcohol, as this can be dangerous for your health.<\/p>\n\n\n\n<p>At Poppers Are Us, we take our customers&#8217; safety very seriously and ensure that all of our products are authentic and of high quality. Make sure you only buy from reliable and safe sources, such as our online store, to ensure your safety and satisfaction.<\/p>\n\n\n\n<p><strong>Always remember that poppers should only be used as solvents, never for human consumption.<\/strong><\/p>\n\n\n\n<h2 class=\"wp-block-heading\">Buy online and receive discreetly<\/h2>\n\n\n\n<p>At Poppers Are Us, you can buy poppers online and have them delivered to your home discreetly. We offer secure payment options and a simple return and refund process. For more information, visit our shipping and returns page. Shop at Poppers Are Us and enjoy an easy and safe online shopping experience.<\/p>\n\n\n\n<h3 class=\"wp-block-heading\">Shipping Methods<\/h3>\n\n\n\n<p>At Poppers Are Us, we offer different shipping methods so you can receive your poppers safely and quickly. For shipments in Portugal, you can choose between CTT Expresso, Correos Express or DPD pickup, with delivery from 1 day. If you are in Spain, we ship by Correos Express, with delivery until 2 days. If you are in Brazil, we ship via CTT International, with arrival in the country in 5 days. Regardless of the method you select, you can track your shipment using a tracking code. Visit our shipping and returns page for more information.<\/p>\n\n\n\n<h3 class=\"wp-block-heading\">Payment methods<\/h3>\n\n\n\n<p>At Poppers Are Us, we offer various payment methods to make your online shopping experience easier and safer. We accept payments with VISA, Mastercard, Maestro, AMEX, JCB and, for Portugal, you still have the option to pay with Multibanco, MBWay and Payshop. Pick the payment method that works best for you and use the best poppers in Portugal.<\/p>\n\n\n\n<div class=\"wp-block-buttons is-content-justification-center is-layout-flex wp-container-core-buttons-is-layout-16018d1d wp-block-buttons-is-layout-flex\">\n<div class=\"wp-block-button has-custom-width wp-block-button__width-50 is-style-primary\"><a class=\"wp-block-button__link wp-element-button\" href=\"https:\/\/poppersareus.com\/en\/poppers\/\">Choose your Poppers<\/a><\/div>\n<\/div>\n<\/div>\n<\/div><\/div>\n","protected":false},"excerpt":{"rendered":"","protected":false},"author":3,"featured_media":6157,"parent":0,"menu_order":0,"comment_status":"closed","ping_status":"closed","template":"","meta":{"neve_meta_sidebar":"","neve_meta_container":"","neve_meta_enable_content_width":"","neve_meta_content_width":0,"neve_meta_title_alignment":"","neve_meta_author_avatar":"","neve_post_elements_order":"","neve_meta_disable_header":"","neve_meta_disable_footer":"","neve_meta_disable_title":"","neve_meta_reading_time":"","_themeisle_gutenberg_block_has_review":false,"footnotes":""},"class_list":["post-6155","page","type-page","status-publish","has-post-thumbnail","hentry"],"_links":{"self":[{"href":"https:\/\/poppersareus.com\/en\/wp-json\/wp\/v2\/pages\/6155","targetHints":{"allow":["GET"]}}],"collection":[{"href":"https:\/\/poppersareus.com\/en\/wp-json\/wp\/v2\/pages"}],"about":[{"href":"https:\/\/poppersareus.com\/en\/wp-json\/wp\/v2\/types\/page"}],"author":[{"embeddable":true,"href":"https:\/\/poppersareus.com\/en\/wp-json\/wp\/v2\/users\/3"}],"replies":[{"embeddable":true,"href":"https:\/\/poppersareus.com\/en\/wp-json\/wp\/v2\/comments?post=6155"}],"version-history":[{"count":0,"href":"https:\/\/poppersareus.com\/en\/wp-json\/wp\/v2\/pages\/6155\/revisions"}],"wp:featuredmedia":[{"embeddable":true,"href":"https:\/\/poppersareus.com\/en\/wp-json\/wp\/v2\/media\/6157"}],"wp:attachment":[{"href":"https:\/\/poppersareus.com\/en\/wp-json\/wp\/v2\/media?parent=6155"}],"curies":[{"name":"wp","href":"https:\/\/api.w.org\/{rel}","templated":true}]}}