{"id":5821,"date":"2023-12-06T22:26:52","date_gmt":"2023-12-06T22:26:52","guid":{"rendered":"https:\/\/poppersareus.com\/poppers\/amyl-deja-vu-30ml\/"},"modified":"2026-02-07T11:30:28","modified_gmt":"2026-02-07T11:30:28","slug":"amyl-deja-vu-30ml","status":"publish","type":"product","link":"https:\/\/poppersareus.com\/en\/poppers\/amyl-deja-vu-30ml\/","title":{"rendered":"Amyl D\u00e9j\u00e0 Vu 30ml"},"content":{"rendered":"<h2>Poppers Amyl D\u00e9j\u00e0 Vu 30ml<\/h2>\n<p>When everything you&#8217;ve ever seen happens and what hasn&#8217;t happened yet seems to have happened. This is the sensation of Amyl D\u00e9j\u00e0 Vu poppers, which will give you the best sensations and invite you to dive into a world of ecstasy. Amyl D\u00e9j\u00e0 Vu 30ml poppers are made in France, with the highest quality standards, it is a popper that will free you from your daily routine. Amyl D\u00e9j\u00e0 Vu will take you back to the wild poppers years. It&#8217;s one of the strongest poppers you&#8217;ll find, thanks to its pure quality amyl nitrite. Its 30ml format will transform your night, with more refined senses and unique effects, they are, therefore, mandatory at any party or get-together. Will you try it? Or will you be left with that feeling of d\u00e9j\u00e0 vu? Take advantage of this new feature in our store, and it will certainly be a great success, as it is already being at a European level.<\/p>\n<h3>Composition of Amyl D\u00e9j\u00e0 Vu 30ml<\/h3>\n<p>Amyl nitrite (CAS: 110-46-3) (EC: 203-770-8), 3-methylbutan-1-ol (CAS: 123-51-3) (EC: 204-633-5).<\/p>\n<p>&nbsp;<\/p>\n","protected":false},"excerpt":{"rendered":"<ul>\n<li>A unique experience.<\/li>\n<li>Explore intense sensations in a world of ecstasy.<\/li>\n<li>Produced in France with high-quality standards.<\/li>\n<li>Relive the wild poppers years.<\/li>\n<\/ul>\n","protected":false},"featured_media":5822,"comment_status":"open","ping_status":"closed","template":"","meta":{"neve_meta_sidebar":"","neve_meta_container":"","neve_meta_enable_content_width":"off","neve_meta_content_width":100,"neve_meta_title_alignment":"","neve_meta_author_avatar":"","neve_post_elements_order":"","neve_meta_disable_header":"","neve_meta_disable_footer":"","neve_meta_disable_title":"","neve_meta_reading_time":"","_themeisle_gutenberg_block_has_review":false,"neve_tabs_data":"","neve_override_tab_layout":""},"product_brand":[],"product_cat":[213,207],"product_tag":[228],"class_list":{"0":"post-5821","1":"product","2":"type-product","3":"status-publish","4":"has-post-thumbnail","6":"product_cat-big-poppers","7":"product_cat-poppers","8":"product_tag-sale","10":"first","11":"instock","12":"sale","13":"taxable","14":"shipping-taxable","15":"purchasable","16":"product-type-simple"},"bundled_by":[],"bundle_stock_status":"instock","bundle_stock_quantity":12,"bundle_virtual":false,"bundle_layout":"","bundle_add_to_cart_form_location":"","bundle_editable_in_cart":false,"bundle_sold_individually_context":"","bundle_item_grouping":"","bundle_min_size":"","bundle_max_size":"","bundle_price":[],"bundled_items":[],"bundle_sell_ids":[],"_links":{"self":[{"href":"https:\/\/poppersareus.com\/en\/wp-json\/wp\/v2\/product\/5821","targetHints":{"allow":["GET"]}}],"collection":[{"href":"https:\/\/poppersareus.com\/en\/wp-json\/wp\/v2\/product"}],"about":[{"href":"https:\/\/poppersareus.com\/en\/wp-json\/wp\/v2\/types\/product"}],"replies":[{"embeddable":true,"href":"https:\/\/poppersareus.com\/en\/wp-json\/wp\/v2\/comments?post=5821"}],"wp:featuredmedia":[{"embeddable":true,"href":"https:\/\/poppersareus.com\/en\/wp-json\/wp\/v2\/media\/5822"}],"wp:attachment":[{"href":"https:\/\/poppersareus.com\/en\/wp-json\/wp\/v2\/media?parent=5821"}],"wp:term":[{"taxonomy":"product_brand","embeddable":true,"href":"https:\/\/poppersareus.com\/en\/wp-json\/wp\/v2\/product_brand?post=5821"},{"taxonomy":"product_cat","embeddable":true,"href":"https:\/\/poppersareus.com\/en\/wp-json\/wp\/v2\/product_cat?post=5821"},{"taxonomy":"product_tag","embeddable":true,"href":"https:\/\/poppersareus.com\/en\/wp-json\/wp\/v2\/product_tag?post=5821"}],"curies":[{"name":"wp","href":"https:\/\/api.w.org\/{rel}","templated":true}]}}