{"id":2936,"date":"2022-04-01T16:52:04","date_gmt":"2022-04-01T16:52:04","guid":{"rendered":"https:\/\/poppersareus.com\/politica-de-cookies-2\/"},"modified":"2025-01-21T10:28:38","modified_gmt":"2025-01-21T10:28:38","slug":"politica-de-cookies","status":"publish","type":"page","link":"https:\/\/poppersareus.com\/es\/politica-de-cookies\/","title":{"rendered":"Pol\u00edtica de cookies"},"content":{"rendered":"\n<h1 class=\"wp-block-heading\">Pol\u00edtica de cookies<\/h1>\n\n<p>Aqu\u00ed encontrar\u00e1 informaci\u00f3n sobre el uso que hacemos de las cookies y similares instaladas en los navegadores de nuestros clientes y usuarios a trav\u00e9s del sitio web <em>https:\/\/poppersareus.com\/<\/em>. El uso de cookies puede estar relacionado con el tratamiento de datos personales, por lo que le recomendamos que consulte nuestra <a href=\"https:\/\/poppersareus.com\/es\/politica-de-privacidad\/\">Pol\u00edtica de Privacidad<\/a>.<\/p>\n\n<h2 class=\"wp-block-heading\">\u00bfQu\u00e9 es un cookie?<\/h2>\n\n<p>Una cookie es un peque\u00f1o archivo de texto que un sitio web, aplicaci\u00f3n u otra plataforma almacena en su dispositivo, con informaci\u00f3n sobre su navegaci\u00f3n o uso, como una etiqueta que identifica su dispositivo. Las cookies son necesarias, por ejemplo, para facilitar la navegaci\u00f3n y saber c\u00f3mo interact\u00faan los usuarios con las plataformas, con el fin de permitir su mejora.<\/p>\n\n<h2 class=\"wp-block-heading\">Uso de cookies<\/h2>\n\n<p>Como la mayor\u00eda de los sitios web, nuestro sitio web utiliza cookies propias y de terceros para diversos fines. Las cookies de origen son principalmente necesarias para que el sitio web funcione correctamente y no recopilan ninguna informaci\u00f3n de identificaci\u00f3n personal.<\/p>\n\n<p>Las cookies de terceros utilizadas en nuestro sitio web son principalmente para comprender c\u00f3mo funciona el sitio web, c\u00f3mo interact\u00faa con nuestro sitio web, mantener nuestros servicios seguros y, en resumen, brindarle una experiencia de usuario mejor y mejorada y ayudar a acelerar sus futuras interacciones con nuestra p\u00e1gina web.<\/p>\n\n<p>Para gestionar las cookies y tecnolog\u00edas similares utilizadas y sus consentimientos relacionados, utilizamos la herramienta de consentimiento \u201cReal Cookie Banner\u201d. Puede encontrar detalles sobre c\u00f3mo funciona el \u201cBanner de cookies reales\u201d en <a href=\"https:\/\/devowl.io\/rcb\/data-processing\/\" target=\"_blank\" rel=\"noreferrer noopener nofollow\">https:\/\/devowl.io\/rcb\/data-processing\/<\/a>. <\/p>\n\n<p>La base legal para el procesamiento de datos personales en este contexto es el art\u00edculo 6 (1) letra c del RGPD y el art\u00edculo 6 (1) letra f del RGPD. Nuestro inter\u00e9s leg\u00edtimo es la gesti\u00f3n de las cookies y tecnolog\u00edas similares utilizadas y los consentimientos relacionados. <\/p>\n\n<p>El suministro de datos personales no es contractual ni necesario para la celebraci\u00f3n de un contrato. No est\u00e1s obligado a facilitar datos personales. Si no proporcionas datos personales, no podremos gestionar tus consentimientos.  <\/p>\n\n<h2 class=\"wp-block-heading\">Cookies utilizadas<\/h2>\n\n<p><strong>Necesario<\/strong>: Algunas cookies son esenciales para que pueda experimentar la funcionalidad completa de nuestro sitio web. Nos permiten mantener las sesiones de los usuarios y prevenir cualquier amenaza a la seguridad. No recopilan ni almacenan ninguna informaci\u00f3n personal. Por ejemplo, estas cookies le permiten iniciar sesi\u00f3n en su cuenta y agregar productos a su cesta y pagar de forma segura.<\/p>\n\n<p><strong>Estad\u00edsticas<\/strong>: estas cookies almacenan informaci\u00f3n como el n\u00famero de visitantes del sitio web, el n\u00famero de visitantes \u00fanicos, qu\u00e9 p\u00e1ginas del sitio web fueron visitadas, el origen de la visita, etc. Estos datos nos ayudan a comprender y analizar el rendimiento del sitio y d\u00f3nde necesita mejorar.<\/p>\n\n<h2 class=\"wp-block-heading\">Controla tus preferencias<\/h2>\n\n<p>Puede cambiar o retirar su consentimiento para el uso de cookies en nuestro sitio web en cualquier momento. Puede encontrar estas opciones en cualquier p\u00e1gina del sitio web en la parte inferior de la p\u00e1gina. <\/p>\n","protected":false},"excerpt":{"rendered":"<p>Pol\u00edtica de cookies Aqu\u00ed encontrar\u00e1 informaci\u00f3n sobre el uso que hacemos de las cookies y similares instaladas en los navegadores de nuestros clientes y usuarios a trav\u00e9s del sitio web https:\/\/poppersareus.com\/. El uso de cookies puede estar relacionado con el tratamiento de datos personales, por lo que le recomendamos que consulte nuestra Pol\u00edtica de Privacidad.&hellip;&nbsp;<a href=\"https:\/\/poppersareus.com\/es\/politica-de-cookies\/\" rel=\"bookmark\">Continue reading<span class=\"screen-reader-text\">Pol\u00edtica de cookies<\/span><\/a><\/p>\n","protected":false},"author":6,"featured_media":0,"parent":0,"menu_order":0,"comment_status":"closed","ping_status":"closed","template":"","meta":{"neve_meta_sidebar":"","neve_meta_container":"","neve_meta_enable_content_width":"","neve_meta_content_width":0,"neve_meta_title_alignment":"","neve_meta_author_avatar":"","neve_post_elements_order":"","neve_meta_disable_header":"","neve_meta_disable_footer":"","neve_meta_disable_title":"","neve_meta_reading_time":"","_themeisle_gutenberg_block_has_review":false,"footnotes":""},"class_list":["post-2936","page","type-page","status-publish","hentry"],"_links":{"self":[{"href":"https:\/\/poppersareus.com\/es\/wp-json\/wp\/v2\/pages\/2936","targetHints":{"allow":["GET"]}}],"collection":[{"href":"https:\/\/poppersareus.com\/es\/wp-json\/wp\/v2\/pages"}],"about":[{"href":"https:\/\/poppersareus.com\/es\/wp-json\/wp\/v2\/types\/page"}],"author":[{"embeddable":true,"href":"https:\/\/poppersareus.com\/es\/wp-json\/wp\/v2\/users\/6"}],"replies":[{"embeddable":true,"href":"https:\/\/poppersareus.com\/es\/wp-json\/wp\/v2\/comments?post=2936"}],"version-history":[{"count":0,"href":"https:\/\/poppersareus.com\/es\/wp-json\/wp\/v2\/pages\/2936\/revisions"}],"wp:attachment":[{"href":"https:\/\/poppersareus.com\/es\/wp-json\/wp\/v2\/media?parent=2936"}],"curies":[{"name":"wp","href":"https:\/\/api.w.org\/{rel}","templated":true}]}}