{"id":2941,"date":"2022-03-28T11:56:50","date_gmt":"2022-03-28T10:56:50","guid":{"rendered":"https:\/\/poppersareus.com\/pagina-de-inicio\/"},"modified":"2025-01-31T16:21:08","modified_gmt":"2025-01-31T16:21:08","slug":"pagina-de-inicio","status":"publish","type":"page","link":"https:\/\/poppersareus.com\/es\/","title":{"rendered":"P\u00e1gina de inicio"},"content":{"rendered":"\n<div id=\"wp-block-themeisle-blocks-advanced-columns-2ee37312\" class=\"wp-block-themeisle-blocks-advanced-columns has-3-columns has-desktop-equal-layout has-tablet-equal-layout has-mobile-collapsedRows-layout has-vertical-unset\"><div class=\"wp-block-themeisle-blocks-advanced-columns-overlay\"><\/div><div class=\"innerblocks-wrap\">\n<div id=\"wp-block-themeisle-blocks-advanced-column-bcebcab5\" class=\"wp-block-themeisle-blocks-advanced-column\">\n<p class=\"has-text-align-center has-small-font-size\" style=\"text-transform:uppercase\"><strong>Entregas r\u00e1pidas con c\u00f3digo de seguimiento<\/strong><\/p>\n<\/div>\n\n\n\n<div id=\"wp-block-themeisle-blocks-advanced-column-9ed3a429\" class=\"wp-block-themeisle-blocks-advanced-column\">\n<p class=\"has-text-align-center has-small-font-size\" style=\"text-transform:uppercase\"><strong><strong>Embalaje seguro y discreto<\/strong><\/strong><\/p>\n<\/div>\n\n\n\n<div id=\"wp-block-themeisle-blocks-advanced-column-de0969ab\" class=\"wp-block-themeisle-blocks-advanced-column\">\n<p class=\"has-text-align-center has-small-font-size\" style=\"text-transform:uppercase\"><strong><strong><strong>Varias opciones de pago 100% seguras<\/strong><\/strong><\/strong><\/p>\n<\/div>\n<\/div><\/div>\n\n\n\n<div id=\"wp-block-themeisle-blocks-advanced-columns-8d8abfc8\" class=\"wp-block-themeisle-blocks-advanced-columns has-1-columns has-desktop-equal-layout has-tablet-equal-layout has-mobile-equal-layout has-vertical-unset\"><div class=\"wp-block-themeisle-blocks-advanced-columns-overlay\"><\/div><div class=\"innerblocks-wrap\">\n<div id=\"wp-block-themeisle-blocks-advanced-column-e9dfe71b\" class=\"wp-block-themeisle-blocks-advanced-column\">\n<div class=\"wp-block-cover alignwide is-light\" style=\"min-height:600px;aspect-ratio:unset;\"><span aria-hidden=\"true\" class=\"wp-block-cover__background has-nv-site-bg-background-color has-background-dim\"><\/span><img loading=\"lazy\" decoding=\"async\" width=\"1050\" height=\"600\" class=\"wp-block-cover__image-background wp-image-3775\" alt=\"\" src=\"https:\/\/poppersareus.com\/wp-content\/uploads\/poppers-are-us-xmas-banner-december-2023.jpg\" data-object-fit=\"cover\" srcset=\"https:\/\/poppersareus.com\/wp-content\/uploads\/poppers-are-us-xmas-banner-december-2023.jpg 1050w, https:\/\/poppersareus.com\/wp-content\/uploads\/poppers-are-us-xmas-banner-december-2023-300x171.jpg 300w, https:\/\/poppersareus.com\/wp-content\/uploads\/poppers-are-us-xmas-banner-december-2023-1024x585.jpg 1024w, https:\/\/poppersareus.com\/wp-content\/uploads\/poppers-are-us-xmas-banner-december-2023-768x439.jpg 768w, https:\/\/poppersareus.com\/wp-content\/uploads\/poppers-are-us-xmas-banner-december-2023-450x257.jpg 450w, https:\/\/poppersareus.com\/wp-content\/uploads\/poppers-are-us-xmas-banner-december-2023-64x37.jpg 64w\" sizes=\"auto, (max-width: 1050px) 100vw, 1050px\" \/><div class=\"wp-block-cover__inner-container is-layout-flow wp-block-cover-is-layout-flow\">\n<p class=\"has-text-align-center\" style=\"font-size:30px;font-style:normal;font-weight:700;text-transform:uppercase\">\ud83c\udf84 CELEBRA LA MAGIA DE LA NAVIDAD \ud83c\udf81<\/p>\n\n\n\n<p class=\"has-text-align-center\" style=\"font-size:18px\">C\u00f3digo: <strong>NAVIDAD5<\/strong> \ud83c\udf1f <strong>5% de descuento<\/strong> en todas las compras a partir de <strong>20\u20ac<\/strong>.<\/p>\n\n\n\n<p class=\"has-text-align-center\" style=\"font-size:20px\">C\u00f3digo:<strong> NAVIDAD10<\/strong> \ud83c\udf1f <strong>10% de descuento<\/strong> en todas las compras a partir de <strong>30\u20ac<\/strong>.<\/p>\n\n\n\n<p class=\"has-text-align-center\" style=\"font-size:22px\"> C\u00f3digo:<strong> NAVIDAD20<\/strong> \ud83c\udf1f <strong>20% de descuento<\/strong> en todas las compras a partir de <strong>50\u20ac<\/strong>.<\/p>\n\n\n\n<p class=\"has-text-align-center\">C\u00f3digos no acumulables y v\u00e1lidos hasta el 31\/12\/2023.<\/p>\n<\/div><\/div>\n\n\n\n<div style=\"height:30px\" aria-hidden=\"true\" class=\"wp-block-spacer\"><\/div>\n\n\n\n<div class=\"wp-block-buttons is-content-justification-center is-layout-flex wp-container-core-buttons-is-layout-16018d1d wp-block-buttons-is-layout-flex\">\n<div class=\"wp-block-button has-custom-width wp-block-button__width-50 is-style-primary\"><a class=\"wp-block-button__link wp-element-button\" href=\"https:\/\/poppersareus.com\/es\/poppers\/\">Compre sus Poppers<\/a><\/div>\n<\/div>\n<\/div>\n<\/div><\/div>\n\n\n\n<div id=\"wp-block-themeisle-blocks-advanced-columns-b60d641e\" class=\"wp-block-themeisle-blocks-advanced-columns has-2-columns has-desktop-equal-layout has-tablet-equal-layout has-mobile-collapsedRows-layout has-vertical-unset\"><div class=\"wp-block-themeisle-blocks-advanced-columns-overlay\"><\/div><div class=\"innerblocks-wrap\">\n<div id=\"wp-block-themeisle-blocks-advanced-column-7c96cb95\" class=\"wp-block-themeisle-blocks-advanced-column\"><div class=\"wp-block-image\">\n<figure class=\"alignleft size-full is-resized\"><a href=\"https:\/\/poppersareus.com\/es\/poppers\/poppers-pequenos\/\"><img loading=\"lazy\" decoding=\"async\" width=\"600\" height=\"293\" src=\"https:\/\/poppersareus.com\/wp-content\/uploads\/poppers-pequenos.jpg\" alt=\"Tarro de palomitas\" class=\"wp-image-2199\" style=\"width:600px;height:293px\" srcset=\"https:\/\/poppersareus.com\/wp-content\/uploads\/poppers-pequenos.jpg 600w, https:\/\/poppersareus.com\/wp-content\/uploads\/poppers-pequenos-300x147.jpg 300w, https:\/\/poppersareus.com\/wp-content\/uploads\/poppers-pequenos-450x220.jpg 450w, https:\/\/poppersareus.com\/wp-content\/uploads\/poppers-pequenos-64x31.jpg 64w\" sizes=\"auto, (max-width: 600px) 100vw, 600px\" \/><\/a><\/figure>\n<\/div>\n\n\n<div style=\"height:20px\" aria-hidden=\"true\" class=\"wp-block-spacer\"><\/div>\n\n\n\n<p class=\"has-text-align-left has-medium-font-size\">Poppers peque\u00f1os<\/p>\n\n\n\n<p>Descubre nuestra selecci\u00f3n de poppers en formato compacto, desarrollada para quienes buscan una opci\u00f3n m\u00e1s pr\u00e1ctica y discreta, sin renunciar a la calidad y la eficacia. Estos productos son la opci\u00f3n ideal para quienes desean una botella m\u00e1s peque\u00f1a y f\u00e1cil de transportar.<\/p>\n\n\n\n<p>Fabricados con altos est\u00e1ndares de calidad, estos productos se desarrollan cuidadosamente para garantizar seguridad y estabilidad en el tiempo. Disponibles en varias f\u00f3rmulas y composiciones, ofrecen una amplia variedad de opciones para que puedas encontrar la opci\u00f3n que mejor se adapta a tus necesidades.<\/p>\n\n\n\n<div class=\"wp-block-buttons is-content-justification-left is-layout-flex wp-container-core-buttons-is-layout-fdcfc74e wp-block-buttons-is-layout-flex\">\n<div class=\"wp-block-button has-custom-width wp-block-button__width-75 is-style-primary\"><a class=\"wp-block-button__link wp-element-button\" href=\"https:\/\/poppersareus.com\/es\/poppers\/poppers-pequenos\/\">Comprar Poppers Peque\u00f1os<\/a><\/div>\n<\/div>\n<\/div>\n\n\n\n<div id=\"wp-block-themeisle-blocks-advanced-column-ac324582\" class=\"wp-block-themeisle-blocks-advanced-column\"><div class=\"wp-block-image\">\n<figure class=\"alignleft size-full is-resized\"><a href=\"https:\/\/poppersareus.com\/es\/poppers\/poppers-grandes\/\"><img loading=\"lazy\" decoding=\"async\" width=\"600\" height=\"293\" src=\"https:\/\/poppersareus.com\/wp-content\/uploads\/poppers-grandes.jpg\" alt=\"Tarros de palomitas grandes\" class=\"wp-image-2198\" style=\"width:600px;height:293px\" srcset=\"https:\/\/poppersareus.com\/wp-content\/uploads\/poppers-grandes.jpg 600w, https:\/\/poppersareus.com\/wp-content\/uploads\/poppers-grandes-300x147.jpg 300w, https:\/\/poppersareus.com\/wp-content\/uploads\/poppers-grandes-450x220.jpg 450w, https:\/\/poppersareus.com\/wp-content\/uploads\/poppers-grandes-64x31.jpg 64w\" sizes=\"auto, (max-width: 600px) 100vw, 600px\" \/><\/a><\/figure>\n<\/div>\n\n\n<div style=\"height:20px\" aria-hidden=\"true\" class=\"wp-block-spacer\"><\/div>\n\n\n\n<p class=\"has-text-align-left has-medium-font-size\">Poppers grandes<\/p>\n\n\n\n<p>Descubra nuestra selecci\u00f3n de poppers de gran formato, desarrollados para quienes buscan una botella de mayor capacidad, asegurando m\u00e1s cantidad sin comprometer la eficacia. Estos productos son ideales para quienes desean un uso prolongado, manteniendo la calidad y el rendimiento en el tiempo.<\/p>\n\n\n\n<p>Fabricados siguiendo estrictos est\u00e1ndares de calidad, los poppers de gran tama\u00f1o est\u00e1n formulados para garantizar estabilidad y seguridad, preservando su composici\u00f3n de forma optimizada. Con botellas de mayor volumen, reducen la necesidad de reemplazo frecuente, lo que las convierte en una opci\u00f3n pr\u00e1ctica para diferentes usos.<\/p>\n\n\n\n<div class=\"wp-block-buttons is-content-justification-left is-layout-flex wp-container-core-buttons-is-layout-fdcfc74e wp-block-buttons-is-layout-flex\">\n<div class=\"wp-block-button has-custom-width wp-block-button__width-75 is-style-primary\"><a class=\"wp-block-button__link has-nv-text-dark-bg-color has-neve-link-color-background-color has-text-color has-background wp-element-button\" href=\"https:\/\/poppersareus.com\/es\/poppers\/poppers-grandes\/\">Comprar Poppers Grandes<\/a><\/div>\n<\/div>\n<\/div>\n<\/div><\/div>\n\n\n\n<div id=\"wp-block-themeisle-blocks-advanced-columns-6295a3de\" class=\"wp-block-themeisle-blocks-advanced-columns has-1-columns has-desktop-equal-layout has-tablet-equal-layout has-mobile-equal-layout has-vertical-unset\"><div class=\"wp-block-themeisle-blocks-advanced-columns-overlay\"><\/div><div class=\"innerblocks-wrap\">\n<div id=\"wp-block-themeisle-blocks-advanced-column-2dca6631\" class=\"wp-block-themeisle-blocks-advanced-column\">\n<div class=\"wp-block-cover\"><span aria-hidden=\"true\" class=\"wp-block-cover__background has-nv-dark-bg-background-color has-background-dim-100 has-background-dim\"><\/span><div class=\"wp-block-cover__inner-container is-layout-flow wp-block-cover-is-layout-flow\">\n<p class=\"has-text-align-center has-medium-font-size\"><strong>Adel\u00e1ntese a las ofertas: \u00a1suscr\u00edbase ahora a nuestro bolet\u00edn de noticias!<\/strong><\/p>\n\n\n\n<p class=\"has-text-align-center\">\u00a1No te pierdas las mejores ofertas! Suscr\u00edbase ahora a nuestro bolet\u00edn y reciba descuentos exclusivos, novedades de productos e informaci\u00f3n sobre productos futuros.<\/p>\n\n\n\n<div class=\"wp-block-buttons is-content-justification-center is-layout-flex wp-container-core-buttons-is-layout-16018d1d wp-block-buttons-is-layout-flex\">\n<div class=\"wp-block-button is-style-default\"><a class=\"wp-block-button__link has-neve-link-color-color has-nv-light-bg-background-color has-text-color has-background wp-element-button\" href=\"https:\/\/poppersareus.com\/es\/boletin-electronico\/\">Suscr\u00edbase ahora<\/a><\/div>\n<\/div>\n<\/div><\/div>\n<\/div>\n<\/div><\/div>\n\n\n\n<div id=\"wp-block-themeisle-blocks-advanced-columns-60b25e10\" class=\"wp-block-themeisle-blocks-advanced-columns has-1-columns has-desktop-oneTwo-layout has-tablet-equal-layout has-mobile-collapsedRows-layout has-vertical-top\"><div class=\"wp-block-themeisle-blocks-advanced-columns-overlay\"><\/div><div class=\"innerblocks-wrap\">\n<div id=\"wp-block-themeisle-blocks-advanced-column-10acb951\" class=\"wp-block-themeisle-blocks-advanced-column\">\n<h1 class=\"wp-block-heading\">Poppers Are Us &#8211; Comprar poppers online al mejor precio<\/h1>\n\n\n\n<p>\u00a1Hola! Bienvenido a Poppers Are Us, el especialista en ventas de poppers online. Desde 2022, ponemos todo nuestro conocimiento a tu servicio para ofrecerte los mejores poppers al mejor precio.<\/p>\n\n\n\n<p>Compra las mejores marcas de poppers. Desde Rush hasta Super Rush, pasando por Amsterdam, Blue Boy\u2026 Puedes contar con muchas referencias de poppers disponibles para comprar. Nuestro cat\u00e1logo de productos se actualiza frecuentemente para presentar nuevas caracter\u00edsticas y exclusivas.<\/p>\n\n\n\n<p>Seleccionamos cuidadosamente a nuestros proveedores para garantizar la m\u00e1xima calidad a nuestros clientes. Nuestros productos se almacenan cuidadosamente a la sombra en un lugar bien ventilado. De esta manera, nuestros poppers mantienen el nitrito perfecto. Al elegir Poppers Are Us, tiene la garant\u00eda de comprar poppers genuinos en un sitio web 100\u202f% seguro. \u00a1Simplemente, haz clic y te lo entregamos discretamente en 24 horas!<\/p>\n\n\n\n<h2 class=\"wp-block-heading\">\u00bfQu\u00e9 son los poppers?<\/h2>\n\n\n\n<p>Los poppers son l\u00edquidos a base de nitritos (como el nitrito de amilo, el nitrito de butilo, el nitrito de pentilo o el nitrito de isopropilo), que tradicionalmente se venden en botellas peque\u00f1as. Estos productos se utilizan con fines t\u00e9cnicos, incluida la limpieza y el tratamiento del cuero y las pieles. Si est\u00e1 interesado en comprar, es importante investigar el uso seguro y comprar a un vendedor confiable, como Poppers Are Us, especialista en la venta de poppers online en Portugal.<\/p>\n\n\n\n<p><strong>Atenci\u00f3n: Los poppers solo deben utilizarse seg\u00fan las instrucciones del fabricante. Un uso inadecuado puede provocar efectos secundarios no deseados, como dolor de cabeza, mareos, n\u00e1useas, dolor en el pecho, entre otros. El empleo de poppers debe ser evitado por menores de edad, personas con problemas card\u00edacos, presi\u00f3n arterial alta o baja, glaucoma u otros problemas de salud.<\/strong><\/p>\n\n\n\n<h2 class=\"wp-block-heading\">\u00bfD\u00f3nde comprar poppers en Espa\u00f1a?<\/h2>\n\n\n\n<p>Si buscas poppers para comprar en Portugal, tienes varias opciones, incluidas tiendas f\u00edsicas y en l\u00ednea. Sin embargo, es importante comprar a un vendedor confiable que garantice la calidad y autenticidad de los productos. Poppers Are Us se especializa en la venta de poppers online en Portugal, ofreciendo una amplia variedad de marcas y aromas.<\/p>\n\n\n\n<p>Comprar poppers online es c\u00f3modo y discreto, y se entrega directamente en tu puerta. Adem\u00e1s, Poppers Are Us ofrece precios competitivos y promociones exclusivas para clientes leales. Aseg\u00farate de leer las instrucciones de uso y precauciones antes de su uso, para asegurarte de utilizarlos con la m\u00e1xima seguridad.<\/p>\n\n\n\n<p>No corra el riesgo de comprar poppers de fuentes desconocidas sin garant\u00edas de calidad. Elija Poppers Are Us, la tienda en l\u00ednea m\u00e1s confiable y segura para comprar poppers en Espa\u00f1a.<\/p>\n\n\n\n<h2 class=\"wp-block-heading\">\u00bfSon legales los poppers en Portugal?<\/h2>\n\n\n\n<p>Los poppers son productos legales en Portugal, siempre que no se vendan para consumo humano. Como sustancias qu\u00edmicas, se consideran productos de limpieza o disolventes y se venden como tales.<\/p>\n\n\n\n<p>Sin embargo, es importante utilizarlos con cuidado y seguir las instrucciones del fabricante. No excedas los tiempos recomendados y aseg\u00farate de utilizar los poppers en un ambiente seguro y ventilado. Evite mezclarlos con otros qu\u00edmicos o alcohol, ya que esto puede ser peligroso para su salud.<\/p>\n\n\n\n<p>En Poppers Are Us, nos tomamos muy en serio la seguridad de nuestros clientes y nos aseguramos de que todos nuestros productos sean aut\u00e9nticos y de alta calidad. Aseg\u00farese de comprar \u00fanicamente de fuentes confiables y seguras, como nuestra tienda en l\u00ednea, para garantizar su seguridad y satisfacci\u00f3n.<\/p>\n\n\n\n<p><strong>Recuerda siempre que los poppers solo deben usarse como solventes, nunca para consumo humano.<\/strong><\/p>\n\n\n\n<h2 class=\"wp-block-heading\">Compre en l\u00ednea y reciba discretamente<\/h2>\n\n\n\n<p>En Poppers Are Us, puede comprar poppers en l\u00ednea y recibirlos discretamente en su domicilio. Ofrecemos opciones de pago seguras y un sencillo proceso de devoluci\u00f3n y reembolso. Para m\u00e1s informaci\u00f3n, visite nuestra p\u00e1gina de <a href=\"https:\/\/poppersareus.com\/envios\/\" data-type=\"page\" data-id=\"1189\">Env\u00edos y Devoluciones<\/a>. Compre en Poppers Are Us y disfrute de una experiencia de compra en l\u00ednea f\u00e1cil y segura.<\/p>\n\n\n\n<h3 class=\"wp-block-heading\">M\u00e9todos de env\u00edo<\/h3>\n\n\n\n<p>En Poppers Are Us, ofrecemos diferentes m\u00e9todos de env\u00edo para que pueda recibir sus poppers de forma segura y r\u00e1pida. Para entregas en Portugal, puede elegir entre CTT Expresso, Correos Express o DPD pickup, con entrega a partir de 1 d\u00eda. Si est\u00e1s en Espa\u00f1a, enviamos por Correos Express, con entrega a partir de 2 d\u00edas. Si usted est\u00e1 en Brasil, enviamos por CTT Internacional, con recepci\u00f3n en el pa\u00eds a partir de 5 d\u00edas. Sea cual sea el m\u00e9todo que elija, puede seguir su env\u00edo con un c\u00f3digo de seguimiento. Visite nuestra p\u00e1gina de <a href=\"https:\/\/poppersareus.com\/envios\/\" data-type=\"page\" data-id=\"1189\">env\u00edos y devoluciones<\/a> para obtener m\u00e1s informaci\u00f3n.<\/p>\n\n\n\n<h3 class=\"wp-block-heading\">Formas de pago<\/h3>\n\n\n\n<p>En Poppers Are Us, ofrecemos una variedad de m\u00e9todos de pago para que su experiencia de compra en l\u00ednea sea m\u00e1s f\u00e1cil y segura. Aceptamos pagos con VISA, Mastercard, Maestro, AMEX, JCB y, para Portugal, todav\u00eda tienes la opci\u00f3n de pagar con Multibanco, MBWay y Payshop. Elija el m\u00e9todo de pago que mejor se adapte a sus necesidades y utilice los mejores poppers de Espa\u00f1a.<\/p>\n\n\n\n<div class=\"wp-block-buttons is-content-justification-center is-layout-flex wp-container-core-buttons-is-layout-16018d1d wp-block-buttons-is-layout-flex\">\n<div class=\"wp-block-button has-custom-width wp-block-button__width-50 is-style-primary\"><a class=\"wp-block-button__link wp-element-button\" href=\"https:\/\/poppersareus.com\/es\/poppers\/\">Elija sus Poppers<\/a><\/div>\n<\/div>\n<\/div>\n<\/div><\/div>\n","protected":false},"excerpt":{"rendered":"","protected":false},"author":6,"featured_media":2534,"parent":0,"menu_order":0,"comment_status":"closed","ping_status":"closed","template":"","meta":{"neve_meta_sidebar":"","neve_meta_container":"","neve_meta_enable_content_width":"","neve_meta_content_width":0,"neve_meta_title_alignment":"","neve_meta_author_avatar":"","neve_post_elements_order":"","neve_meta_disable_header":"","neve_meta_disable_footer":"","neve_meta_disable_title":"","neve_meta_reading_time":"","_themeisle_gutenberg_block_has_review":false,"footnotes":""},"class_list":["post-2941","page","type-page","status-publish","has-post-thumbnail","hentry"],"_links":{"self":[{"href":"https:\/\/poppersareus.com\/es\/wp-json\/wp\/v2\/pages\/2941","targetHints":{"allow":["GET"]}}],"collection":[{"href":"https:\/\/poppersareus.com\/es\/wp-json\/wp\/v2\/pages"}],"about":[{"href":"https:\/\/poppersareus.com\/es\/wp-json\/wp\/v2\/types\/page"}],"author":[{"embeddable":true,"href":"https:\/\/poppersareus.com\/es\/wp-json\/wp\/v2\/users\/6"}],"replies":[{"embeddable":true,"href":"https:\/\/poppersareus.com\/es\/wp-json\/wp\/v2\/comments?post=2941"}],"version-history":[{"count":0,"href":"https:\/\/poppersareus.com\/es\/wp-json\/wp\/v2\/pages\/2941\/revisions"}],"wp:featuredmedia":[{"embeddable":true,"href":"https:\/\/poppersareus.com\/es\/wp-json\/wp\/v2\/media\/2534"}],"wp:attachment":[{"href":"https:\/\/poppersareus.com\/es\/wp-json\/wp\/v2\/media?parent=2941"}],"curies":[{"name":"wp","href":"https:\/\/api.w.org\/{rel}","templated":true}]}}