{"id":2951,"date":"2022-03-26T01:09:19","date_gmt":"2022-03-26T01:09:19","guid":{"rendered":"https:\/\/poppersareus.com\/politica-de-privacidad\/"},"modified":"2023-09-27T04:27:17","modified_gmt":"2023-09-27T04:27:17","slug":"politica-de-privacidad","status":"publish","type":"page","link":"https:\/\/poppersareus.com\/es\/politica-de-privacidad\/","title":{"rendered":"Pol\u00edtica de privacidad"},"content":{"rendered":"\n<h1 class=\"wp-block-heading\">Pol\u00edtica de privacidad<\/h1>\n\n<p>Somos transparentes con respecto al uso que hacemos de sus datos personales, con el fin de comprender las implicaciones de c\u00f3mo usamos sus datos y los derechos que le otorgamos en relaci\u00f3n con sus datos, ponemos a su disposici\u00f3n de forma permanente toda la informaci\u00f3n contenida en esta Pol\u00edtica de Privacidad. Pol\u00edtica, que podr\u00e1 consultar cuando lo considere oportuno, y donde tambi\u00e9n podr\u00e1 encontrar informaci\u00f3n adicional sobre el uso que hacemos de sus datos.<\/p>\n\n<p>Al aceptar la presente Pol\u00edtica de Privacidad, el usuario otorga su consentimiento informado, expreso, libre e inequ\u00edvoco para que los datos personales facilitados a trav\u00e9s del sitio web <em>https:\/\/poppersareus.com\/<\/em> Se incluyen en un fichero bajo nuestra responsabilidad, cuyo tratamiento en los t\u00e9rminos del RGPD cumple con las medidas de seguridad t\u00e9cnicas y organizativas apropiadas.<\/p>\n\n<h2 class=\"wp-block-heading\">Responsable del tratamiento de sus datos<\/h2>\n\n<p><strong>Compa\u00f1\u00eda<\/strong>: Fabio Manuel Correia Viana<br\/><strong>Sede social:<\/strong> Rua Florinda Ma\u00e7\u00e3es, Loja 5, 4490-090, P\u00f3voa de Varzim<br\/><strong>DNI<\/strong>: PT 248341952<br\/><strong>Contacto delegado de Protecci\u00f3n de Datos<\/strong>: data-protection@poppersareus.com<\/p>\n\n<h2 class=\"wp-block-heading\">Para qu\u00e9 usamos tus datos<\/h2>\n\n<p>Dependiendo de la finalidad para la que tratemos sus datos en cada momento, tal y como se explica a continuaci\u00f3n, tenemos la necesidad de tratar algunos datos que, con car\u00e1cter general, ser\u00e1n, seg\u00fan cada caso:<\/p>\n\n<ul class=\"wp-block-list\">\n<li>Sus datos identificativos (por ejemplo, su nombre, apellidos, idioma, pa\u00eds desde el que interact\u00faa con nosotros, datos de contacto, etc.);<\/li>\n\n\n\n<li>Informaci\u00f3n econ\u00f3mica y transaccional (por ejemplo, sus datos de pago o tarjeta, informaci\u00f3n sobre sus compras, pedidos, devoluciones, etc.);<\/li>\n\n\n\n<li>Datos de conexi\u00f3n, geolocalizaci\u00f3n o navegaci\u00f3n (por ejemplo, datos de ubicaci\u00f3n, n\u00famero de identificaci\u00f3n del dispositivo, ID de publicidad, etc.);<\/li>\n\n\n\n<li>Informaci\u00f3n comercial (por ejemplo, si se ha suscrito a nuestro bolet\u00edn electr\u00f3nico);<\/li>\n\n\n\n<li>Informaci\u00f3n sobre sus gustos y preferencias;<\/li>\n<\/ul>\n\n<p>Cuando le solicitamos que complete sus datos personales para darle acceso a cualquier funci\u00f3n o servicio, marcaremos ciertos campos como obligatorios, ya que esta es la informaci\u00f3n que necesitamos para poder brindarle el servicio o darle acceso a la caracter\u00edstica en cuesti\u00f3n. Si decide no proporcionar dichos datos, es posible que no pueda completar su registro de usuario o que no pueda disfrutar de esos servicios o caracter\u00edsticas.<\/p>\n\n<p>En casos espec\u00edficos, un tercero puede habernos proporcionado informaci\u00f3n sobre usted al usar una funci\u00f3n o servicio, por ejemplo, al enviar un pedido a su direcci\u00f3n. En estos casos, solo procesamos sus datos cuando son relevantes para la funcionalidad o el servicio. En otros casos, podemos recopilar informaci\u00f3n de forma pasiva, ya que podemos utilizar herramientas de seguimiento como cookies y otras tecnolog\u00edas similares en nuestro sitio web y en las comunicaciones que le enviamos.<\/p>\n\n<p>Dependiendo de la finalidad para la que tratemos sus datos en un momento dado, necesitaremos tratar algunos datos que, con car\u00e1cter general, ser\u00e1n, seg\u00fan cada caso. Los datos personales que tratamos solo ser\u00e1n utilizados para las siguientes finalidades:<\/p>\n\n<p><strong>Registro como usuario:<\/strong><br\/>Si decide convertirse en un usuario registrado, necesitamos procesar sus datos para identificarlo como usuario y darle acceso a sus diversas funciones, productos y servicios que est\u00e1n disponibles para usted como usuario registrado. Puede cancelar su cuenta de usuario registrado en cualquier momento en la p\u00e1gina de su cuenta o a trav\u00e9s de uno de nuestros contactos.<\/p>\n\n<p><strong>Ejecuci\u00f3n del contrato de compra o servicio:<\/strong><br\/>Para contactarlo respecto a actualizaciones o comunicaciones informativas relacionadas con las funcionalidades, productos o servicios contratados. Tambi\u00e9n para gestionar el pago de los productos que hayas comprado, y para la facturaci\u00f3n.<\/p>\n\n<p><strong>Apoyo al cliente:<\/strong><br\/>Solo tratamos los datos personales estrictamente necesarios para gestionar o resolver su solicitud.<\/p>\n\n<p><strong>Marketing:<\/strong><br\/>Esta finalidad incluye el tratamiento de sus datos, principalmente para personalizar los servicios que le prestamos y poder formular recomendaciones con base en sus interacciones con nosotros. Si te suscribes a nuestro bolet\u00edn electr\u00f3nico o similar, trataremos tus datos personales para gestionar tu suscripci\u00f3n, incluso para enviarte informaci\u00f3n personalizada o acciones promocionales sobre nuestros productos o servicios. Puedes cancelar tu suscripci\u00f3n en cualquier momento sin coste alguno a trav\u00e9s de las instrucciones que ponemos a tu disposici\u00f3n en cada comunicaci\u00f3n.<\/p>\n\n<p><strong>An\u00e1lisis de funcionalidad y calidad:<\/strong><br\/>Al acceder a nuestro sitio web, le informamos que trataremos sus datos de navegaci\u00f3n con fines anal\u00edticos y estad\u00edsticos, es decir, comprender c\u00f3mo interact\u00faan los usuarios con nuestro sitio web.<\/p>\n\n<h2 class=\"wp-block-heading\">Autorizaci\u00f3n para el tratamiento de sus datos<\/h2>\n\n<p>Las bases legales que nos permiten tratar sus datos personales tambi\u00e9n dependen de la finalidad para la que<br\/>Que los tratamos, tal y como se indica a continuaci\u00f3n:<\/p>\n\n<p><strong>Gestiona tu registro como usuario:<\/strong><br\/>Para registrarse como usuario, necesitamos tratar sus datos personales, de lo contrario no podr\u00edamos gestionar su registro. Consideramos que tenemos un inter\u00e9s leg\u00edtimo en asociar su cuenta con sus compras y los datos recopilados en relaci\u00f3n con su actividad.<\/p>\n\n<p><strong>Cumplimiento y ejecuci\u00f3n del contrato de compra o prestaci\u00f3n de servicios:<\/strong><br\/>El procesamiento de sus datos es necesario para la celebraci\u00f3n de un contrato de compra o servicio con usted. Ciertos tratamientos de datos relacionados con el proceso de compra se activan \u00fanicamente porque usted lo solicita o autoriza. En estos casos, el tratamiento que hacemos de sus datos se basa en su propio consentimiento.<\/p>\n\n<p><strong>Apoyo al cliente:<\/strong><br\/>Consideramos que tenemos un inter\u00e9s leg\u00edtimo en atender las solicitudes o consultas que nos plantee a trav\u00e9s de los distintos canales de contacto existentes. Entendemos que el tratamiento de estos datos tambi\u00e9n es beneficioso para usted, ya que nos permite atenderle adecuadamente y dar respuesta a las solicitudes realizadas. Al contactar con nosotros, en particular, para la gesti\u00f3n de incidencias relacionadas con su pedido o el producto\/servicio adquirido a trav\u00e9s de la web, el tratamiento de sus datos es necesario para la celebraci\u00f3n del contrato de compraventa. Cuando su solicitud est\u00e9 relacionada con el ejercicio de los derechos que le informamos a continuaci\u00f3n, estamos legalmente autorizados para tratar sus datos en cumplimiento de nuestras obligaciones legales.<\/p>\n\n<p><strong>Marketing:<\/strong><br\/>La base de legitimaci\u00f3n para tratar tus datos con fines de marketing es el consentimiento que nos otorgas cuando aceptas recibir informaci\u00f3n personalizada por diversos medios, cuando autorizas el env\u00edo de notificaciones, push en tu dispositivo, cuando lo configuras en los ajustes de tu dispositivo o cuando usted da su consentimiento a trav\u00e9s de la configuraci\u00f3n de cookies.<\/p>\n\n<p><strong>An\u00e1lisis de funcionalidad y calidad:<\/strong><br\/>Consideramos que tenemos un inter\u00e9s leg\u00edtimo en analizar la funcionalidad del sitio web y el grado de satisfacci\u00f3n del usuario, ya que entendemos que el tratamiento de estos datos tambi\u00e9n es beneficioso para usted, porque la finalidad es mejorar la experiencia del usuario y ofrecer una mayor calidad. Servicio.<\/p>\n\n<h2 class=\"wp-block-heading\">Duraci\u00f3n de la retenci\u00f3n de sus datos<\/h2>\n\n<p>El plazo de conservaci\u00f3n de sus datos depender\u00e1 de las finalidades para las que los tratemos como si<br\/>explica a continuaci\u00f3n:<\/p>\n\n<p><strong>Gestiona tu registro como usuario:<\/strong><br\/>Trataremos tus datos mientras sigas siendo un usuario registrado (es decir, hasta que decidas dar de baja tu registro).<\/p>\n\n<p><strong>Cumplimiento y ejecuci\u00f3n del contrato de compra o prestaci\u00f3n de servicios:<\/strong><br\/>Trataremos tus datos durante el tiempo imprescindible para gestionar la compra de los productos o servicios que hayas adquirido, incluidas las posibles devoluciones, quejas o reclamaciones asociadas a la compra del producto o servicio en cuesti\u00f3n.<\/p>\n\n<p><strong>Apoyo al cliente:<\/strong><br\/>Trataremos sus datos durante el tiempo fundamental para que tenga lugar su solicitud o pedido.<\/p>\n\n<p><strong>Marketing:<\/strong><br\/>Trataremos sus datos hasta que se d\u00e9 de baja de los boletines electr\u00f3nicos.<\/p>\n\n<p><strong>An\u00e1lisis de funcionalidad y calidad:<\/strong><br\/>Trataremos tus datos espor\u00e1dicamente mientras realicemos una determinada acci\u00f3n o encuesta de calidad, o hasta que anonimicemos tus datos de navegaci\u00f3n.<\/p>\n\n<p>Independientemente de que tratemos sus datos durante el tiempo estrictamente necesario para cumplir con la correspondiente finalidad, los mantendremos debidamente almacenados y protegidos mientras puedan derivarse responsabilidades derivadas del tratamiento, en funci\u00f3n de la legislaci\u00f3n vigente en cada momento. Cuando expire cada una de las posibles acciones, procederemos a la eliminaci\u00f3n de los datos personales.<\/p>\n\n<h2 class=\"wp-block-heading\">Compartir sus datos con terceros<\/h2>\n\n<p>Puede ser necesario que demos acceso a sus datos personales a terceros que nos brindan soporte en algunos servicios. Estos est\u00e1n obligados a guardar la debida confidencialidad conforme a lo dispuesto en este documento.<\/p>\n\n<h2 class=\"wp-block-heading\">Ejercicio de derechos<\/h2>\n\n<p>Nos comprometemos a respetar la confidencialidad de sus datos personales y a garantizarle el ejercicio de sus derechos. Puede ejercer sus derechos de forma gratuita envi\u00e1ndonos un correo electr\u00f3nico a una direcci\u00f3n de correo electr\u00f3nico \u00fanica: <strong>data-protection@poppersareus.com<\/strong>, indicando el derecho que desea ejercer, como acceder, rectificar o suprimir sus datos personales.<\/p>\n\n<p>Le informamos que tiene derecho a presentar una reclamaci\u00f3n ante la autoridad de control en materia de protecci\u00f3n de datos: <em>https:\/\/edpb.europa.eu\/about-edpb\/about-edpb\/members_en#member-pt<\/em><\/p>\n\n<h2 class=\"wp-block-heading\">Informaci\u00f3n sobre las cookies<\/h2>\n\n<p>Lea nuestra <a href=\"https:\/\/poppersareus.com\/es\/politica-de-cookies\/\">Pol\u00edtica de cookies<\/a> para comprender mejor las cookies y dispositivos similares que utilizamos, su prop\u00f3sito, c\u00f3mo administrar sus preferencias y otra informaci\u00f3n \u00fatil.<\/p>\n\n<h2 class=\"wp-block-heading\">Cambios en la pol\u00edtica de privacidad<\/h2>\n\n<p>Podemos cambiar la informaci\u00f3n contenida en esta Pol\u00edtica de Privacidad cuando lo consideremos apropiado. Le recomendamos que consulte peri\u00f3dicamente esta <a href=\"https:\/\/poppersareus.com\/es\/politica-de-privacidad\/\">Pol\u00edtica de Privacidad<\/a> y tambi\u00e9n la <a href=\"https:\/\/poppersareus.com\/es\/politica-de-cookies\/\">Pol\u00edtica de Cookies<\/a>, en caso de que se hayan introducido cambios.<\/p>\n","protected":false},"excerpt":{"rendered":"<p>Pol\u00edtica de privacidad Somos transparentes con respecto al uso que hacemos de sus datos personales, con el fin de comprender las implicaciones de c\u00f3mo usamos sus datos y los derechos que le otorgamos en relaci\u00f3n con sus datos, ponemos a su disposici\u00f3n de forma permanente toda la informaci\u00f3n contenida en esta Pol\u00edtica de Privacidad. Pol\u00edtica,&hellip;&nbsp;<a href=\"https:\/\/poppersareus.com\/es\/politica-de-privacidad\/\" rel=\"bookmark\">Continue reading<span class=\"screen-reader-text\">Pol\u00edtica de privacidad<\/span><\/a><\/p>\n","protected":false},"author":6,"featured_media":0,"parent":0,"menu_order":0,"comment_status":"closed","ping_status":"open","template":"","meta":{"neve_meta_sidebar":"","neve_meta_container":"","neve_meta_enable_content_width":"","neve_meta_content_width":0,"neve_meta_title_alignment":"","neve_meta_author_avatar":"","neve_post_elements_order":"","neve_meta_disable_header":"","neve_meta_disable_footer":"","neve_meta_disable_title":"","neve_meta_reading_time":"","_themeisle_gutenberg_block_has_review":false,"footnotes":""},"class_list":["post-2951","page","type-page","status-publish","hentry"],"_links":{"self":[{"href":"https:\/\/poppersareus.com\/es\/wp-json\/wp\/v2\/pages\/2951","targetHints":{"allow":["GET"]}}],"collection":[{"href":"https:\/\/poppersareus.com\/es\/wp-json\/wp\/v2\/pages"}],"about":[{"href":"https:\/\/poppersareus.com\/es\/wp-json\/wp\/v2\/types\/page"}],"author":[{"embeddable":true,"href":"https:\/\/poppersareus.com\/es\/wp-json\/wp\/v2\/users\/6"}],"replies":[{"embeddable":true,"href":"https:\/\/poppersareus.com\/es\/wp-json\/wp\/v2\/comments?post=2951"}],"version-history":[{"count":0,"href":"https:\/\/poppersareus.com\/es\/wp-json\/wp\/v2\/pages\/2951\/revisions"}],"wp:attachment":[{"href":"https:\/\/poppersareus.com\/es\/wp-json\/wp\/v2\/media?parent=2951"}],"curies":[{"name":"wp","href":"https:\/\/api.w.org\/{rel}","templated":true}]}}