{"id":2974,"date":"2023-05-16T09:51:13","date_gmt":"2023-05-16T08:51:13","guid":{"rendered":"https:\/\/poppersareus.com\/poppers\/jungle-juice-black-label-24ml\/"},"modified":"2026-02-25T08:34:27","modified_gmt":"2026-02-25T08:34:27","slug":"jungle-juice-black-label-24ml","status":"publish","type":"product","link":"https:\/\/poppersareus.com\/es\/poppers\/jungle-juice-black-label-24ml\/","title":{"rendered":"Jungle Juice Black Label 25ml"},"content":{"rendered":"<h2>Poppers Jungle Juice Black Label Retro 25ml<\/h2>\n<p>Descubre la esencia de la intensidad con Jungle Juice Black Label Retro 25ml. Este poderoso poppers es la elecci\u00f3n de los verdaderos aventureros en busca de momentos notables e inolvidables.<\/p>\n<p>Con su f\u00f3rmula exclusiva, despierta sensaciones abrumadoras, elevando tu energ\u00eda y brindando experiencias \u00fanicas. Cada uso es una oportunidad para disfrutar de una mezcla de emociones.<\/p>\n<p>Su botella compacta y pr\u00e1ctica te permite llevarla a cualquier lugar (ya sea una fiesta, un festival, una reuni\u00f3n con amigos), y siempre est\u00e1 lista para hacer a\u00fan m\u00e1s memorables tus momentos especiales.<\/p>\n<p>Elige estos poppers y d\u00e9jate envolver por la intensidad sin l\u00edmites. Avent\u00farate en este viaje y disfruta de momentos realmente inolvidables.<\/p>\n<p>Fabricado con la m\u00e1xima calidad, Black Label Retro garantiza una experiencia de primera. Compra ya el tuyo y experimenta la intensidad que buscas. \u00a1Vive momentos \u00fanicos!<\/p>\n<h3>Composici\u00f3n de Jungle Juice Black Label Retro 25ml<\/h3>\n<p><span data-sheets-value=\"{\"1\":2,\"2\":\"Nitrito de pentilo (CAS: 463-04-7) (EC: 207-332-7), pentan-1-ol (CAS: 71-41-0) (EC: 200-752-1), 2-methylbutan-1-ol (CAS: 137-32-6) (EC: 205-289-9)\"}\" data-sheets-userformat=\"{\"2\":769,\"3\":{\"1\":0},\"11\":4,\"12\":0}\">Nitrito de pentilo (CAS: 463-04-7) (CE: 207-332-7), pentan-1-ol (CAS: 71-41-0) (CE: 200-752-1), 2-metilbutan-1 -ol (CAS: 137-32-6) (CE: 205-289-9)<\/span><\/p>\n","protected":false},"excerpt":{"rendered":"<ul>\n<li>F\u00f3rmula exclusiva a base de amilo.<\/li>\n<li>Primera calidad garantizada.<\/li>\n<li>Intensidad ilimitada.<\/li>\n<li>Garant\u00eda de calidad y marca.<\/li>\n<\/ul>\n","protected":false},"featured_media":3359,"comment_status":"open","ping_status":"closed","template":"","meta":{"neve_meta_sidebar":"","neve_meta_container":"","neve_meta_enable_content_width":"off","neve_meta_content_width":100,"neve_meta_title_alignment":"","neve_meta_author_avatar":"","neve_post_elements_order":"","neve_meta_disable_header":"","neve_meta_disable_footer":"","neve_meta_disable_title":"","neve_meta_reading_time":"","_themeisle_gutenberg_block_has_review":false,"neve_tabs_data":"","neve_override_tab_layout":""},"product_brand":[152],"product_cat":[131,134],"product_tag":[],"class_list":{"0":"post-2974","1":"product","2":"type-product","3":"status-publish","4":"has-post-thumbnail","6":"product_brand-jungle-juice","7":"product_cat-poppers","8":"product_cat-poppers-grandes","10":"first","11":"instock","12":"taxable","13":"shipping-taxable","14":"purchasable","15":"product-type-simple"},"bundled_by":[],"bundle_stock_status":"instock","bundle_stock_quantity":15,"bundle_virtual":false,"bundle_layout":"","bundle_add_to_cart_form_location":"","bundle_editable_in_cart":false,"bundle_sold_individually_context":"","bundle_item_grouping":"","bundle_min_size":"","bundle_max_size":"","bundle_price":[],"bundled_items":[],"bundle_sell_ids":[],"_links":{"self":[{"href":"https:\/\/poppersareus.com\/es\/wp-json\/wp\/v2\/product\/2974","targetHints":{"allow":["GET"]}}],"collection":[{"href":"https:\/\/poppersareus.com\/es\/wp-json\/wp\/v2\/product"}],"about":[{"href":"https:\/\/poppersareus.com\/es\/wp-json\/wp\/v2\/types\/product"}],"replies":[{"embeddable":true,"href":"https:\/\/poppersareus.com\/es\/wp-json\/wp\/v2\/comments?post=2974"}],"wp:featuredmedia":[{"embeddable":true,"href":"https:\/\/poppersareus.com\/es\/wp-json\/wp\/v2\/media\/3359"}],"wp:attachment":[{"href":"https:\/\/poppersareus.com\/es\/wp-json\/wp\/v2\/media?parent=2974"}],"wp:term":[{"taxonomy":"product_brand","embeddable":true,"href":"https:\/\/poppersareus.com\/es\/wp-json\/wp\/v2\/product_brand?post=2974"},{"taxonomy":"product_cat","embeddable":true,"href":"https:\/\/poppersareus.com\/es\/wp-json\/wp\/v2\/product_cat?post=2974"},{"taxonomy":"product_tag","embeddable":true,"href":"https:\/\/poppersareus.com\/es\/wp-json\/wp\/v2\/product_tag?post=2974"}],"curies":[{"name":"wp","href":"https:\/\/api.w.org\/{rel}","templated":true}]}}