{"id":2985,"date":"2023-02-28T11:24:55","date_gmt":"2023-02-28T11:24:55","guid":{"rendered":"https:\/\/poppersareus.com\/poppers\/ice-rush-30ml\/"},"modified":"2025-11-24T16:58:50","modified_gmt":"2025-11-24T16:58:50","slug":"ice-rush-30ml","status":"publish","type":"product","link":"https:\/\/poppersareus.com\/es\/poppers\/ice-rush-30ml\/","title":{"rendered":"Ice Rush 30ml"},"content":{"rendered":"<h2>Poppers Ice Rush 30ml<\/h2>\n<p>Presentamos el nuevo y esperado Ice Rush de la ic\u00f3nica marca Rush, un poppers con puro amyl que proporciona una noche inolvidable. Con un refrescante toque a menta, este producto ofrece una sensaci\u00f3n de frescor \u00fanica que te dar\u00e1 un nuevo impulso para una noche intensa y excitante.<\/p>\n<p>Con un envase de 30ml, el Ice Rush es perfecto para compartir con amigos en cualquier situaci\u00f3n. Ya sea para paseos al aire libre o momentos \u00edntimos, es un aliado indispensable y exclusivo para todas tus noches y momentos festivos.<\/p>\n<p>Con su botella de aluminio, es m\u00e1s ligero y resistente que las botellas de vidrio, lo que lo hace perfecto para llevar tus poppers contigo a donde quieras, de manera discreta y segura.<\/p>\n<p>El Ice Rush es un producto fuerte y de excelente calidad, siendo que la Rush fue una de las primeras en traer el amyl al mercado europeo. Con este nuevo producto Rush, podr\u00e1s disfrutar de una experiencia \u00fanica e intensa, que dejar\u00e1 una impresi\u00f3n duradera.<\/p>\n<p>No esperes m\u00e1s para probar el Ice Rush, el poppers perfecto para quien busca una noche inolvidable.<\/p>\n<p>Adquiere ya tu Ice Rush y disfruta de una noche intensa y emocionante con amigos o pareja. Con la garant\u00eda de Rush de traer lo mejor en calidad y experiencia, este poppers es lo que estabas esperando.<\/p>\n<p>\u00a1Compra ahora y descubre el mejor poppers del mercado!<\/p>\n<h3>Composici\u00f3n del Ice Rush 30ml<\/h3>\n<p>Nitrito de amilo (CAS: 110-46-3) (CE: 203-770-8), 3-metilbutan-1-ol (CAS: 123-51-3) (CE: 204-633-5).<\/p>\n<div id=\"gtx-trans\" style=\"position: absolute; left: 251px; top: 558.344px;\">\n<div class=\"gtx-trans-icon\"><\/div>\n<\/div>\n","protected":false},"excerpt":{"rendered":"<ul>\n<li>F\u00f3rmula de amilo.<\/li>\n<li>Refrescante aroma a menta.<\/li>\n<li>Botella de aluminio ligera y resistente.<\/li>\n<li>Producto de excelente calidad de la marca Rush.<\/li>\n<\/ul>\n","protected":false},"featured_media":2496,"comment_status":"open","ping_status":"closed","template":"","meta":{"neve_meta_sidebar":"","neve_meta_container":"","neve_meta_enable_content_width":"off","neve_meta_content_width":100,"neve_meta_title_alignment":"","neve_meta_author_avatar":"","neve_post_elements_order":"","neve_meta_disable_header":"","neve_meta_disable_footer":"","neve_meta_disable_title":"","neve_meta_reading_time":"","_themeisle_gutenberg_block_has_review":false,"neve_tabs_data":"","neve_override_tab_layout":""},"product_brand":[150],"product_cat":[134,131],"product_tag":[],"class_list":{"0":"post-2985","1":"product","2":"type-product","3":"status-publish","4":"has-post-thumbnail","6":"product_brand-rush","7":"product_cat-poppers-grandes","8":"product_cat-poppers","10":"first","11":"instock","12":"taxable","13":"shipping-taxable","14":"purchasable","15":"product-type-simple"},"bundled_by":[],"bundle_stock_status":"instock","bundle_stock_quantity":9,"bundle_virtual":false,"bundle_layout":"","bundle_add_to_cart_form_location":"","bundle_editable_in_cart":false,"bundle_sold_individually_context":"","bundle_item_grouping":"","bundle_min_size":"","bundle_max_size":"","bundle_price":[],"bundled_items":[],"bundle_sell_ids":[],"_links":{"self":[{"href":"https:\/\/poppersareus.com\/es\/wp-json\/wp\/v2\/product\/2985","targetHints":{"allow":["GET"]}}],"collection":[{"href":"https:\/\/poppersareus.com\/es\/wp-json\/wp\/v2\/product"}],"about":[{"href":"https:\/\/poppersareus.com\/es\/wp-json\/wp\/v2\/types\/product"}],"replies":[{"embeddable":true,"href":"https:\/\/poppersareus.com\/es\/wp-json\/wp\/v2\/comments?post=2985"}],"wp:featuredmedia":[{"embeddable":true,"href":"https:\/\/poppersareus.com\/es\/wp-json\/wp\/v2\/media\/2496"}],"wp:attachment":[{"href":"https:\/\/poppersareus.com\/es\/wp-json\/wp\/v2\/media?parent=2985"}],"wp:term":[{"taxonomy":"product_brand","embeddable":true,"href":"https:\/\/poppersareus.com\/es\/wp-json\/wp\/v2\/product_brand?post=2985"},{"taxonomy":"product_cat","embeddable":true,"href":"https:\/\/poppersareus.com\/es\/wp-json\/wp\/v2\/product_cat?post=2985"},{"taxonomy":"product_tag","embeddable":true,"href":"https:\/\/poppersareus.com\/es\/wp-json\/wp\/v2\/product_tag?post=2985"}],"curies":[{"name":"wp","href":"https:\/\/api.w.org\/{rel}","templated":true}]}}