{"id":2987,"date":"2023-01-05T16:26:57","date_gmt":"2023-01-05T16:26:57","guid":{"rendered":"https:\/\/poppersareus.com\/poppers\/radikal-rush-10ml\/"},"modified":"2026-05-04T09:47:58","modified_gmt":"2026-05-04T08:47:58","slug":"radikal-rush-10ml","status":"publish","type":"product","link":"https:\/\/poppersareus.com\/es\/poppers\/radikal-rush-10ml\/","title":{"rendered":"Radikal Rush 10ml"},"content":{"rendered":"<h2>Poppers Radikal Rush botella peque\u00f1a 10ml<\/h2>\n<p>\u00bfBuscas un producto de alta calidad y larga duraci\u00f3n? Entonces el Radikal Rush es la elecci\u00f3n perfecta para ti. Con su f\u00f3rmula exclusiva, puedes aprovechar al m\u00e1ximo tu tiempo sin preocuparte por el cansancio.<\/p>\n<p>Con el Radikal Rush, tienes la seguridad de que tendr\u00e1s energ\u00eda para durar horas y horas. No te preocupes por quedarte sin energ\u00eda en medio de tus actividades de ocio preferidas. Siempre puedes contar con la fuerza y resistencia que este producto proporciona.<\/p>\n<p>Adem\u00e1s, con el Radikal Rush, tienes la confianza necesaria para superar tus l\u00edmites y alcanzar tus objetivos. Ya sea en un momento con amigos o en una noche en la que buscas un poco m\u00e1s de energ\u00eda y liberaci\u00f3n del estr\u00e9s diario, este producto es la elecci\u00f3n correcta para ti.<\/p>\n<p>No pierdas m\u00e1s tiempo y prueba esta poderosa f\u00f3rmula. Compra la tuya ahora mismo y siente la diferencia que este producto puede hacer en tus momentos de relajaci\u00f3n.<\/p>\n<p>No dejes que la fatiga arruine tus planes. Aprovecha al m\u00e1ximo tu tiempo con el Radikal Rush y tienes todo lo que necesitas para conquistar tus objetivos.<\/p>\n<h3>Composici\u00f3n del Radikal Rush 10ml<\/h3>\n<p>Nitrito de amilo (CAS: 110-46-3) (CE: 203-770-8), 3-metilbutan-1-ol (CAS: 123-51-3) (CE: 204-633-5).<\/p>\n<div id=\"gtx-trans\" style=\"position: absolute; left: 254px; top: 454.344px;\">\n<div class=\"gtx-trans-icon\"><\/div>\n<\/div>\n","protected":false},"excerpt":{"rendered":"<ul>\n<li>Efectos de larga duraci\u00f3n.<\/li>\n<li>Desinhibici\u00f3n m\u00e1s f\u00e1cil.<\/li>\n<li>F\u00f3rmula exclusiva y de alta calidad.<\/li>\n<li>Los poppers favoritos de Francia.<\/li>\n<li>Con la calidad de la marca Rush.<\/li>\n<\/ul>\n","protected":false},"featured_media":2470,"comment_status":"open","ping_status":"closed","template":"","meta":{"neve_meta_sidebar":"","neve_meta_container":"","neve_meta_enable_content_width":"off","neve_meta_content_width":100,"neve_meta_title_alignment":"","neve_meta_author_avatar":"","neve_post_elements_order":"","neve_meta_disable_header":"","neve_meta_disable_footer":"","neve_meta_disable_title":"","neve_meta_reading_time":"","_themeisle_gutenberg_block_has_review":false,"neve_tabs_data":"","neve_override_tab_layout":""},"product_brand":[149,150],"product_cat":[131,133],"product_tag":[188],"class_list":{"0":"post-2987","1":"product","2":"type-product","3":"status-publish","4":"has-post-thumbnail","6":"product_brand-pwd","7":"product_brand-rush","8":"product_cat-poppers","9":"product_cat-poppers-pequenos","10":"product_tag-ofertas","12":"first","13":"instock","14":"sale","15":"taxable","16":"shipping-taxable","17":"purchasable","18":"product-type-simple"},"bundled_by":[],"bundle_stock_status":"instock","bundle_stock_quantity":20,"bundle_virtual":false,"bundle_layout":"","bundle_add_to_cart_form_location":"","bundle_editable_in_cart":false,"bundle_sold_individually_context":"","bundle_item_grouping":"","bundle_min_size":"","bundle_max_size":"","bundle_price":[],"bundled_items":[],"bundle_sell_ids":[],"_links":{"self":[{"href":"https:\/\/poppersareus.com\/es\/wp-json\/wp\/v2\/product\/2987","targetHints":{"allow":["GET"]}}],"collection":[{"href":"https:\/\/poppersareus.com\/es\/wp-json\/wp\/v2\/product"}],"about":[{"href":"https:\/\/poppersareus.com\/es\/wp-json\/wp\/v2\/types\/product"}],"replies":[{"embeddable":true,"href":"https:\/\/poppersareus.com\/es\/wp-json\/wp\/v2\/comments?post=2987"}],"wp:featuredmedia":[{"embeddable":true,"href":"https:\/\/poppersareus.com\/es\/wp-json\/wp\/v2\/media\/2470"}],"wp:attachment":[{"href":"https:\/\/poppersareus.com\/es\/wp-json\/wp\/v2\/media?parent=2987"}],"wp:term":[{"taxonomy":"product_brand","embeddable":true,"href":"https:\/\/poppersareus.com\/es\/wp-json\/wp\/v2\/product_brand?post=2987"},{"taxonomy":"product_cat","embeddable":true,"href":"https:\/\/poppersareus.com\/es\/wp-json\/wp\/v2\/product_cat?post=2987"},{"taxonomy":"product_tag","embeddable":true,"href":"https:\/\/poppersareus.com\/es\/wp-json\/wp\/v2\/product_tag?post=2987"}],"curies":[{"name":"wp","href":"https:\/\/api.w.org\/{rel}","templated":true}]}}