{"id":2988,"date":"2023-01-05T15:45:20","date_gmt":"2023-01-05T15:45:20","guid":{"rendered":"https:\/\/poppersareus.com\/poppers\/juicd-10ml\/"},"modified":"2025-11-02T08:50:40","modified_gmt":"2025-11-02T08:50:40","slug":"juicd-10ml","status":"publish","type":"product","link":"https:\/\/poppersareus.com\/es\/poppers\/juicd-10ml\/","title":{"rendered":"Juic&#8217;d 10ml"},"content":{"rendered":"<h2>Poppers Juic&#8217;d 10ml botella peque\u00f1a<\/h2>\n<p>\u00a1Juic&#8217;d es la novedad que estabas esperando! Con su f\u00f3rmula \u00fanica a base de nitrito de isopropilo, este producto promete resultados fuertes y r\u00e1pidos que aparecen despu\u00e9s del primer uso.<\/p>\n<p>Si buscas momentos intensos e inolvidables, este es el producto adecuado para ti. Con este poppers, sentir\u00e1s olas de calor, sensaciones de relajaci\u00f3n y desinhibici\u00f3n, que te llevar\u00e1n a un mundo de placer sin l\u00edmites.<\/p>\n<p>Este producto es una primicia en nuestra tienda y podemos decir que es una de las novedades m\u00e1s interesantes del mercado de poppers.<\/p>\n<p>Con un peque\u00f1o frasco de 10 ml, Juic&#8217;d es muy divertido en tonos de azul y naranja, transmitiendo la sensaci\u00f3n de juventud y el aroma a medio camino entre la fruta.<\/p>\n<p>No pierdas la oportunidad de probar esta f\u00f3rmula \u00fanica e innovadora, ya que este producto te sorprender\u00e1 y te proporcionar\u00e1 momentos de placer incomparables.<\/p>\n<p>Obtenga Juic&#8217;d 10ml ahora y descubra por qu\u00e9 es una de las novedades m\u00e1s emocionantes en el mercado del poppers. Prueba este producto y disfruta de sus fuertes y r\u00e1pidas sensaciones que te dejar\u00e1n sin aliento.<\/p>\n<h3>Composici\u00f3n de Juic&#8217;d 10ml<\/h3>\n<p><span data-sheets-value=\"{\"1\":2,\"2\":\"Nitrito de isopropyl (CAS: 541-42-4) (EC: 208-779-0), propan-2-ol (CAS: 67-63-0) (EC: 200-661-7)\"}\" data-sheets-userformat=\"{\"2\":769,\"3\":{\"1\":0},\"11\":4,\"12\":0}\">Nitrito de isopropil (CAS: 541-42-4) (EC: 208-779-0), propan-2-ol (CAS: 67-63-0) (EC: 200-661-7).<\/span><\/p>\n","protected":false},"excerpt":{"rendered":"<ul>\n<li>F\u00f3rmula de isopropilo.<\/li>\n<li>F\u00f3rmula \u00fanica e innovadora.<\/li>\n<li>Resultados fuertes y r\u00e1pidos.<\/li>\n<li>Botella peque\u00f1a, discreta, divertida y f\u00e1cil de llevar.<\/li>\n<\/ul>\n","protected":false},"featured_media":2498,"comment_status":"open","ping_status":"closed","template":"","meta":{"neve_meta_sidebar":"","neve_meta_container":"","neve_meta_enable_content_width":"off","neve_meta_content_width":100,"neve_meta_title_alignment":"","neve_meta_author_avatar":"","neve_post_elements_order":"","neve_meta_disable_header":"","neve_meta_disable_footer":"","neve_meta_disable_title":"","neve_meta_reading_time":"","_themeisle_gutenberg_block_has_review":false,"neve_tabs_data":"","neve_override_tab_layout":""},"product_brand":[],"product_cat":[133,131],"product_tag":[188],"class_list":{"0":"post-2988","1":"product","2":"type-product","3":"status-publish","4":"has-post-thumbnail","6":"product_cat-poppers-pequenos","7":"product_cat-poppers","8":"product_tag-ofertas","10":"first","11":"instock","12":"sale","13":"taxable","14":"shipping-taxable","15":"purchasable","16":"product-type-simple"},"bundled_by":[],"bundle_stock_status":"instock","bundle_stock_quantity":16,"bundle_virtual":false,"bundle_layout":"","bundle_add_to_cart_form_location":"","bundle_editable_in_cart":false,"bundle_sold_individually_context":"","bundle_item_grouping":"","bundle_min_size":"","bundle_max_size":"","bundle_price":[],"bundled_items":[],"bundle_sell_ids":[],"_links":{"self":[{"href":"https:\/\/poppersareus.com\/es\/wp-json\/wp\/v2\/product\/2988","targetHints":{"allow":["GET"]}}],"collection":[{"href":"https:\/\/poppersareus.com\/es\/wp-json\/wp\/v2\/product"}],"about":[{"href":"https:\/\/poppersareus.com\/es\/wp-json\/wp\/v2\/types\/product"}],"replies":[{"embeddable":true,"href":"https:\/\/poppersareus.com\/es\/wp-json\/wp\/v2\/comments?post=2988"}],"wp:featuredmedia":[{"embeddable":true,"href":"https:\/\/poppersareus.com\/es\/wp-json\/wp\/v2\/media\/2498"}],"wp:attachment":[{"href":"https:\/\/poppersareus.com\/es\/wp-json\/wp\/v2\/media?parent=2988"}],"wp:term":[{"taxonomy":"product_brand","embeddable":true,"href":"https:\/\/poppersareus.com\/es\/wp-json\/wp\/v2\/product_brand?post=2988"},{"taxonomy":"product_cat","embeddable":true,"href":"https:\/\/poppersareus.com\/es\/wp-json\/wp\/v2\/product_cat?post=2988"},{"taxonomy":"product_tag","embeddable":true,"href":"https:\/\/poppersareus.com\/es\/wp-json\/wp\/v2\/product_tag?post=2988"}],"curies":[{"name":"wp","href":"https:\/\/api.w.org\/{rel}","templated":true}]}}