{"id":2991,"date":"2023-01-04T16:44:00","date_gmt":"2023-01-04T16:44:00","guid":{"rendered":"https:\/\/poppersareus.com\/poppers\/moustache-10ml\/"},"modified":"2024-03-07T21:36:46","modified_gmt":"2024-03-07T21:36:46","slug":"moustache-10ml","status":"publish","type":"product","link":"https:\/\/poppersareus.com\/es\/poppers\/moustache-10ml\/","title":{"rendered":"Moustache 10ml"},"content":{"rendered":"<h2>Poppers Moustache 10ml<\/h2>\n<p>\u00bfBuscas un poppers fuerte y potente que proporcione momentos de ocio y relajaci\u00f3n \u00fanicos? \u00a1El poppers Moustache es exactamente lo que necesitas!<\/p>\n<p>Su f\u00f3rmula especial promueve la euforia y la relajaci\u00f3n, prolonga el placer, amplifica los receptores sensoriales y aumenta la sensibilidad general, para que puedas disfrutar de sensaciones intensas y placenteras como nunca antes.<\/p>\n<p>Con una composici\u00f3n fuerte y potente, el poppers Moustache viene en una botella divertida y en formato peque\u00f1o, lo que lo hace f\u00e1cil de transportar y lo suficientemente discreto como para llevar contigo a cualquier lugar. Ya sea para momentos de relajaci\u00f3n con amigos o para disfrutar del tiempo a solas, este poppers es perfecto para ti.<\/p>\n<p>Su f\u00f3rmula especialmente formulada tiene un efecto de larga duraci\u00f3n y puedes estar seguro de que est\u00e1s invirtiendo en un producto de alta calidad que te proporcionar\u00e1 una experiencia \u00fanica y satisfactoria en cada uso.<\/p>\n<p>Entonces, si buscas un poppers fuerte y potente que ofrezca relajaci\u00f3n, euforia y placer prolongado, el Moustache es la elecci\u00f3n perfecta para ti. \u00a1Compra y pru\u00e9balo por ti mismo!<\/p>\n<h3>Composici\u00f3n del Moustache 10ml<\/h3>\n<p>Nitrito de amilo (CAS: 110-46-3) (CE: 203-770-8), 3-metilbutan-1-ol (CAS: 123-51-3) (CE: 204-633-5).<\/p>\n<div id=\"gtx-trans\" style=\"position: absolute; left: 231px; top: 454.344px;\">\n<div class=\"gtx-trans-icon\"><\/div>\n<\/div>\n","protected":false},"excerpt":{"rendered":"<ul>\n<li>F\u00f3rmula especial.<\/li>\n<li>Aumenta la sensibilidad general.<\/li>\n<li>Composici\u00f3n fuerte y poderosa.<\/li>\n<li>Efecto de larga duraci\u00f3n.<\/li>\n<li>Producto de alta calidad.<\/li>\n<\/ul>\n","protected":false},"featured_media":2506,"comment_status":"open","ping_status":"closed","template":"","meta":{"neve_meta_sidebar":"","neve_meta_container":"","neve_meta_enable_content_width":"off","neve_meta_content_width":100,"neve_meta_title_alignment":"","neve_meta_author_avatar":"","neve_post_elements_order":"","neve_meta_disable_header":"","neve_meta_disable_footer":"","neve_meta_disable_title":"","neve_meta_reading_time":"","_themeisle_gutenberg_block_has_review":false,"neve_tabs_data":"","neve_override_tab_layout":""},"product_brand":[],"product_cat":[131,133],"product_tag":[],"class_list":{"0":"post-2991","1":"product","2":"type-product","3":"status-publish","4":"has-post-thumbnail","6":"product_cat-poppers","7":"product_cat-poppers-pequenos","9":"first","10":"instock","11":"taxable","12":"shipping-taxable","13":"product-type-simple"},"bundled_by":[],"bundle_stock_status":"instock","bundle_stock_quantity":0,"bundle_virtual":false,"bundle_layout":"","bundle_add_to_cart_form_location":"","bundle_editable_in_cart":false,"bundle_sold_individually_context":"","bundle_item_grouping":"","bundle_min_size":"","bundle_max_size":"","bundle_price":[],"bundled_items":[],"bundle_sell_ids":[],"_links":{"self":[{"href":"https:\/\/poppersareus.com\/es\/wp-json\/wp\/v2\/product\/2991","targetHints":{"allow":["GET"]}}],"collection":[{"href":"https:\/\/poppersareus.com\/es\/wp-json\/wp\/v2\/product"}],"about":[{"href":"https:\/\/poppersareus.com\/es\/wp-json\/wp\/v2\/types\/product"}],"replies":[{"embeddable":true,"href":"https:\/\/poppersareus.com\/es\/wp-json\/wp\/v2\/comments?post=2991"}],"wp:featuredmedia":[{"embeddable":true,"href":"https:\/\/poppersareus.com\/es\/wp-json\/wp\/v2\/media\/2506"}],"wp:attachment":[{"href":"https:\/\/poppersareus.com\/es\/wp-json\/wp\/v2\/media?parent=2991"}],"wp:term":[{"taxonomy":"product_brand","embeddable":true,"href":"https:\/\/poppersareus.com\/es\/wp-json\/wp\/v2\/product_brand?post=2991"},{"taxonomy":"product_cat","embeddable":true,"href":"https:\/\/poppersareus.com\/es\/wp-json\/wp\/v2\/product_cat?post=2991"},{"taxonomy":"product_tag","embeddable":true,"href":"https:\/\/poppersareus.com\/es\/wp-json\/wp\/v2\/product_tag?post=2991"}],"curies":[{"name":"wp","href":"https:\/\/api.w.org\/{rel}","templated":true}]}}