{"id":2992,"date":"2023-01-04T16:14:49","date_gmt":"2023-01-04T16:14:49","guid":{"rendered":"https:\/\/poppersareus.com\/poppers\/fist-90-pure-24ml\/"},"modified":"2025-11-02T08:51:28","modified_gmt":"2025-11-02T08:51:28","slug":"fist-90-pure-24ml","status":"publish","type":"product","link":"https:\/\/poppersareus.com\/es\/poppers\/fist-90-pure-24ml\/","title":{"rendered":"Fist 90% Pure 24ml"},"content":{"rendered":"<h2>Poppers Fist 90% Pure 24ml botella grande<\/h2>\n<p>\u00bfBuscas una experiencia incre\u00edble de relajaci\u00f3n? Prueba este producto con un 90% de pureza y a base de isopropilo, ideal para nuevos usuarios que desean probar algo suave y prolongado.<\/p>\n<p>A diferencia de otros poppers en el mercado, Fist 90% Pure ofrece un efecto duradero para que puedas disfrutar de muchas horas de sensaci\u00f3n de bienestar. Y lo mejor de todo, el frasco compacto hace que el transporte sea f\u00e1cil y discreto para que puedas llevarlo contigo donde sea que vayas.<\/p>\n<p>La composici\u00f3n arom\u00e1tica es suave pero con efectos fuertes, proporcionando una experiencia \u00fanica de relajaci\u00f3n y placer. Disfruta de la sensaci\u00f3n de estar en la cima del mundo mientras tu mente y tu cuerpo se relajan por completo.<\/p>\n<p>Adem\u00e1s, si quieres probar algo a\u00fan m\u00e1s fuerte, tambi\u00e9n tenemos disponible en nuestra tienda la versi\u00f3n Black Label. Con tantas opciones para elegir, puedes encontrar los poppers que mejor se adapten a tus necesidades.<\/p>\n<p>No pierdas m\u00e1s tiempo buscando una buena manera de relajarte y sentirte bien. Pruebe Fist 90% Pure y comience a disfrutar de los beneficios hoy. \u00a1Compre ahora y descubra una nueva sensaci\u00f3n de bienestar que solo este producto puede proporcionar!<\/p>\n<h3>Composici\u00f3n del Fist 90% Pure 24ml<\/h3>\n<p>Nitrito de isopropil (CAS: 541-42-4) (EC: 208-779-0), propan-2-ol (CAS: 67-63-0) (EC: 200-661-7).<\/p>\n","protected":false},"excerpt":{"rendered":"<ul>\n<li>F\u00f3rmula de isopropilo.<\/li>\n<li>Efecto prolongado y duradero.<\/li>\n<li>Proporciona muchas horas de relajaci\u00f3n y bienestar.<\/li>\n<li>Botella compacta y transporte discreto.<\/li>\n<li>Disponible en versi\u00f3n Black Label.<\/li>\n<\/ul>\n","protected":false},"featured_media":2472,"comment_status":"open","ping_status":"closed","template":"","meta":{"neve_meta_sidebar":"","neve_meta_container":"","neve_meta_enable_content_width":"off","neve_meta_content_width":100,"neve_meta_title_alignment":"","neve_meta_author_avatar":"","neve_post_elements_order":"","neve_meta_disable_header":"","neve_meta_disable_footer":"","neve_meta_disable_title":"","neve_meta_reading_time":"","_themeisle_gutenberg_block_has_review":false,"neve_tabs_data":"","neve_override_tab_layout":""},"product_brand":[],"product_cat":[134,131],"product_tag":[],"class_list":{"0":"post-2992","1":"product","2":"type-product","3":"status-publish","4":"has-post-thumbnail","6":"product_cat-poppers-grandes","7":"product_cat-poppers","9":"first","10":"instock","11":"taxable","12":"shipping-taxable","13":"purchasable","14":"product-type-simple"},"bundled_by":[],"bundle_stock_status":"instock","bundle_stock_quantity":21,"bundle_virtual":false,"bundle_layout":"","bundle_add_to_cart_form_location":"","bundle_editable_in_cart":false,"bundle_sold_individually_context":"","bundle_item_grouping":"","bundle_min_size":"","bundle_max_size":"","bundle_price":[],"bundled_items":[],"bundle_sell_ids":[],"_links":{"self":[{"href":"https:\/\/poppersareus.com\/es\/wp-json\/wp\/v2\/product\/2992","targetHints":{"allow":["GET"]}}],"collection":[{"href":"https:\/\/poppersareus.com\/es\/wp-json\/wp\/v2\/product"}],"about":[{"href":"https:\/\/poppersareus.com\/es\/wp-json\/wp\/v2\/types\/product"}],"replies":[{"embeddable":true,"href":"https:\/\/poppersareus.com\/es\/wp-json\/wp\/v2\/comments?post=2992"}],"wp:featuredmedia":[{"embeddable":true,"href":"https:\/\/poppersareus.com\/es\/wp-json\/wp\/v2\/media\/2472"}],"wp:attachment":[{"href":"https:\/\/poppersareus.com\/es\/wp-json\/wp\/v2\/media?parent=2992"}],"wp:term":[{"taxonomy":"product_brand","embeddable":true,"href":"https:\/\/poppersareus.com\/es\/wp-json\/wp\/v2\/product_brand?post=2992"},{"taxonomy":"product_cat","embeddable":true,"href":"https:\/\/poppersareus.com\/es\/wp-json\/wp\/v2\/product_cat?post=2992"},{"taxonomy":"product_tag","embeddable":true,"href":"https:\/\/poppersareus.com\/es\/wp-json\/wp\/v2\/product_tag?post=2992"}],"curies":[{"name":"wp","href":"https:\/\/api.w.org\/{rel}","templated":true}]}}