{"id":2995,"date":"2023-01-03T13:50:00","date_gmt":"2023-01-03T13:50:00","guid":{"rendered":"https:\/\/poppersareus.com\/poppers\/gold-skull-24ml\/"},"modified":"2025-11-02T08:51:35","modified_gmt":"2025-11-02T08:51:35","slug":"gold-skull-24ml","status":"publish","type":"product","link":"https:\/\/poppersareus.com\/es\/poppers\/gold-skull-24ml\/","title":{"rendered":"Gold Skull 24ml"},"content":{"rendered":"<h2>Poppers Gold Skull botella grande 24ml<\/h2>\n<p>Si est\u00e1 buscando un producto fuerte y de alta calidad, entonces los poppers Gold Skull son la elecci\u00f3n perfecta. Viniendo directamente de B\u00e9lgica, el pa\u00eds famoso por su capacidad para crear productos excepcionales como papas fritas con chocolate, cerveza y mayonesa, este producto es la \u00faltima incorporaci\u00f3n a nuestra l\u00ednea de poppers.<\/p>\n<p>Con un dise\u00f1o elegante y sobrio, estos poppers son ideales para uso decorativo o como regalo para alguien especial. Adem\u00e1s, est\u00e1n elaborados con una f\u00f3rmula fuerte y consistente a base de nitrito de pentilo, para ofrecer momentos de mayor intensidad y durabilidad.<\/p>\n<p>A diferencia de otros poppers disponibles en el mercado, no te decepcionar\u00e1, ya que se sabe que los belgas son perfeccionistas en todo lo que hacen. El mismo nivel de cuidado y atenci\u00f3n se dedica a la producci\u00f3n de estos poppers fuera de lo com\u00fan, que ahora est\u00e1n disponibles en Europa.<\/p>\n<p>La botella es hermosa y la tapa de seguridad mantiene la composici\u00f3n y la fuerza de la f\u00f3rmula por m\u00e1s tiempo, permiti\u00e9ndole disfrutar de los beneficios del producto por m\u00e1s tiempo. Son la elecci\u00f3n perfecta para cualquiera que busque un producto fuerte, confiable y de alta calidad.<\/p>\n<p>No esperes m\u00e1s para experimentar esta novedad. Haz tu pedido ahora mismo y empieza a aprovechar las propiedades que te ofrecen. Compra ahora y d\u00e9jate llevar por esta novedad exclusiva y de gran calidad.<\/p>\n<h3>Composici\u00f3n de Gold Skull 24ml<\/h3>\n<p>Nitrito de pentilo (CAS: 463-04-7) (CE: 207-332-7), 3-metilbutan-1-ol (CAS: 123-51-3) (CE: 204-633-5).<\/p>\n<div id=\"gtx-trans\" style=\"position: absolute; left: 273px; top: 573.344px;\">\n<div class=\"gtx-trans-icon\"><\/div>\n<\/div>\n","protected":false},"excerpt":{"rendered":"<ul>\n<li>Producido en B\u00e9lgica.<\/li>\n<li>F\u00f3rmula fuerte y pronunciada de nitrito de pentilo.<\/li>\n<li>Producto de alta calidad.<\/li>\n<li>Proporciona momentos de mayor intensidad.<\/li>\n<li>Experiencias excepcionales.<\/li>\n<\/ul>\n","protected":false},"featured_media":2495,"comment_status":"open","ping_status":"closed","template":"","meta":{"neve_meta_sidebar":"","neve_meta_container":"","neve_meta_enable_content_width":"off","neve_meta_content_width":100,"neve_meta_title_alignment":"","neve_meta_author_avatar":"","neve_post_elements_order":"","neve_meta_disable_header":"","neve_meta_disable_footer":"","neve_meta_disable_title":"","neve_meta_reading_time":"","_themeisle_gutenberg_block_has_review":false,"neve_tabs_data":"","neve_override_tab_layout":""},"product_brand":[264],"product_cat":[134,131],"product_tag":[],"class_list":{"0":"post-2995","1":"product","2":"type-product","3":"status-publish","4":"has-post-thumbnail","6":"product_brand-quick-silver","7":"product_cat-poppers-grandes","8":"product_cat-poppers","10":"first","11":"instock","12":"sale","13":"taxable","14":"shipping-taxable","15":"purchasable","16":"product-type-simple"},"bundled_by":[],"bundle_stock_status":"instock","bundle_stock_quantity":17,"bundle_virtual":false,"bundle_layout":"","bundle_add_to_cart_form_location":"","bundle_editable_in_cart":false,"bundle_sold_individually_context":"","bundle_item_grouping":"","bundle_min_size":"","bundle_max_size":"","bundle_price":[],"bundled_items":[],"bundle_sell_ids":[],"_links":{"self":[{"href":"https:\/\/poppersareus.com\/es\/wp-json\/wp\/v2\/product\/2995","targetHints":{"allow":["GET"]}}],"collection":[{"href":"https:\/\/poppersareus.com\/es\/wp-json\/wp\/v2\/product"}],"about":[{"href":"https:\/\/poppersareus.com\/es\/wp-json\/wp\/v2\/types\/product"}],"replies":[{"embeddable":true,"href":"https:\/\/poppersareus.com\/es\/wp-json\/wp\/v2\/comments?post=2995"}],"wp:featuredmedia":[{"embeddable":true,"href":"https:\/\/poppersareus.com\/es\/wp-json\/wp\/v2\/media\/2495"}],"wp:attachment":[{"href":"https:\/\/poppersareus.com\/es\/wp-json\/wp\/v2\/media?parent=2995"}],"wp:term":[{"taxonomy":"product_brand","embeddable":true,"href":"https:\/\/poppersareus.com\/es\/wp-json\/wp\/v2\/product_brand?post=2995"},{"taxonomy":"product_cat","embeddable":true,"href":"https:\/\/poppersareus.com\/es\/wp-json\/wp\/v2\/product_cat?post=2995"},{"taxonomy":"product_tag","embeddable":true,"href":"https:\/\/poppersareus.com\/es\/wp-json\/wp\/v2\/product_tag?post=2995"}],"curies":[{"name":"wp","href":"https:\/\/api.w.org\/{rel}","templated":true}]}}