{"id":2996,"date":"2023-01-03T13:05:23","date_gmt":"2023-01-03T13:05:23","guid":{"rendered":"https:\/\/poppersareus.com\/poppers\/amsterdam-special-10ml\/"},"modified":"2024-12-02T00:00:27","modified_gmt":"2024-12-02T00:00:27","slug":"amsterdam-special-10ml","status":"publish","type":"product","link":"https:\/\/poppersareus.com\/es\/poppers\/amsterdam-special-10ml\/","title":{"rendered":"Amsterdam Special 10ml"},"content":{"rendered":"<h2>Poppers Amsterdam Special 10ml<\/h2>\n<p>Descubre una nueva sensaci\u00f3n con los poppers Amsterdam Special.<\/p>\n<p>Si eres un usuario experimentado de poppers, sabr\u00e1s que la marca Amsterdam no deja indiferente y es una de las mejores del mercado.<\/p>\n<p>Ahora, con una nueva f\u00f3rmula especial, y mucho porque la marca mir\u00f3 al mercado europeo y cre\u00f3 una experiencia a\u00fan m\u00e1s sorprendente, diferente a todo lo que hayas experimentado.<\/p>\n<p>Con un aroma suave y una respuesta r\u00e1pida, sentir\u00e1s una sensaci\u00f3n de bienestar y relajaci\u00f3n inigualable. Y lo mejor de todo es que esta nueva composici\u00f3n est\u00e1 disponible en dos tama\u00f1os, una botella peque\u00f1a de 10ml y una botella vintage de 30ml.<\/p>\n<p>Experimente la sensaci\u00f3n \u00fanica de ser conducido por la Red Light de \u00c1msterdam. Con los poppers Amsterdam Special vivir\u00e1s una experiencia intensa y \u00fanica que te llevar\u00e1 a nuevas cotas de placer.<\/p>\n<p>No pierdas m\u00e1s tiempo buscando los mejores poppers del mercado. Elija Amsterdam Special y experimente una dimensi\u00f3n diferente del placer. Compra ya tu botella peque\u00f1a, o la grande con una botella retro y vintage, y siente t\u00fa mismo la diferencia.<\/p>\n<h3>Composici\u00f3n de Amsterdam Special 10ml<\/h3>\n<p>Nitrito de amilo (CAS: 110-46-3) (CE: 203-770-8), 3-metilbutan-1-ol (CAS: 123-51-3) (CE: 204-633-5).<\/p>\n","protected":false},"excerpt":{"rendered":"<ul>\n<li>Calidad y eficacia.<\/li>\n<li>Nueva f\u00f3rmula especial.<\/li>\n<li>Aroma suave y respuesta r\u00e1pida.<\/li>\n<li>Disponible en formato de 30 ml.<\/li>\n<\/ul>\n","protected":false},"featured_media":2476,"comment_status":"open","ping_status":"closed","template":"","meta":{"neve_meta_sidebar":"","neve_meta_container":"","neve_meta_enable_content_width":"off","neve_meta_content_width":100,"neve_meta_title_alignment":"","neve_meta_author_avatar":"","neve_post_elements_order":"","neve_meta_disable_header":"","neve_meta_disable_footer":"","neve_meta_disable_title":"","neve_meta_reading_time":"","_themeisle_gutenberg_block_has_review":false,"neve_tabs_data":"","neve_override_tab_layout":""},"product_brand":[148],"product_cat":[131,133],"product_tag":[159],"class_list":{"0":"post-2996","1":"product","2":"type-product","3":"status-publish","4":"has-post-thumbnail","6":"product_brand-amsterdam","7":"product_cat-poppers","8":"product_cat-poppers-pequenos","9":"product_tag-black-friday","11":"first","12":"instock","13":"taxable","14":"shipping-taxable","15":"purchasable","16":"product-type-simple"},"bundled_by":[],"bundle_stock_status":"instock","bundle_stock_quantity":1,"bundle_virtual":false,"bundle_layout":"","bundle_add_to_cart_form_location":"","bundle_editable_in_cart":false,"bundle_sold_individually_context":"","bundle_item_grouping":"","bundle_min_size":"","bundle_max_size":"","bundle_price":[],"bundled_items":[],"bundle_sell_ids":[],"_links":{"self":[{"href":"https:\/\/poppersareus.com\/es\/wp-json\/wp\/v2\/product\/2996","targetHints":{"allow":["GET"]}}],"collection":[{"href":"https:\/\/poppersareus.com\/es\/wp-json\/wp\/v2\/product"}],"about":[{"href":"https:\/\/poppersareus.com\/es\/wp-json\/wp\/v2\/types\/product"}],"replies":[{"embeddable":true,"href":"https:\/\/poppersareus.com\/es\/wp-json\/wp\/v2\/comments?post=2996"}],"wp:featuredmedia":[{"embeddable":true,"href":"https:\/\/poppersareus.com\/es\/wp-json\/wp\/v2\/media\/2476"}],"wp:attachment":[{"href":"https:\/\/poppersareus.com\/es\/wp-json\/wp\/v2\/media?parent=2996"}],"wp:term":[{"taxonomy":"product_brand","embeddable":true,"href":"https:\/\/poppersareus.com\/es\/wp-json\/wp\/v2\/product_brand?post=2996"},{"taxonomy":"product_cat","embeddable":true,"href":"https:\/\/poppersareus.com\/es\/wp-json\/wp\/v2\/product_cat?post=2996"},{"taxonomy":"product_tag","embeddable":true,"href":"https:\/\/poppersareus.com\/es\/wp-json\/wp\/v2\/product_tag?post=2996"}],"curies":[{"name":"wp","href":"https:\/\/api.w.org\/{rel}","templated":true}]}}