{"id":2997,"date":"2022-12-21T18:32:05","date_gmt":"2022-12-21T18:32:05","guid":{"rendered":"https:\/\/poppersareus.com\/poppers\/amyl-10ml\/"},"modified":"2026-01-09T08:30:35","modified_gmt":"2026-01-09T08:30:35","slug":"amyl-10ml","status":"publish","type":"product","link":"https:\/\/poppersareus.com\/es\/poppers\/amyl-10ml\/","title":{"rendered":"Amyl 10ml"},"content":{"rendered":"<h2>Amyl poppers botella peque\u00f1a 10ml<\/h2>\n<p>\u00bfEst\u00e1s buscando una experiencia fuerte e intensa? \u00a1Nuestra selecci\u00f3n de poppers es la elecci\u00f3n perfecta para ti!<\/p>\n<p>Presentamos la peque\u00f1a pero poderosa botella Amyl de 10 ml. Con la misma f\u00f3rmula que su hermano mayor de 24 ml, este peque\u00f1o bote es perfecto para quienes buscan una mayor facilidad de transporte, sin renunciar a la potencia de los efectos.<\/p>\n<p>Se sabe que el nitrito de amilo es una de las f\u00f3rmulas m\u00e1s fuertes y potentes disponibles en el mercado, y esta no es una excepci\u00f3n. Est\u00e1 disponible para ti, que amas los desaf\u00edos, ya que su f\u00f3rmula ultra fuerte garantiza una experiencia intensa y duradera.<\/p>\n<p>No te arrepentir\u00e1s de probar este producto, y si quieres probar la f\u00f3rmula de 24 ml, tambi\u00e9n la tenemos disponible.<\/p>\n<p>\u00bfVas a perder la oportunidad de probar uno de los mejores poppers disponibles en la Europa? Con su f\u00f3rmula ultra fuerte, tienes garantizada una experiencia \u00fanica e intensa.<\/p>\n<p>Obtenga su botella peque\u00f1a, pero poderosa ahora, y pruebe una de las f\u00f3rmulas m\u00e1s fuertes disponibles en el mercado.<\/p>\n<p>No pierdas m\u00e1s tiempo y vive una experiencia inolvidable con Amyl 10ml.<\/p>\n<h3>Composici\u00f3n de Amyl 10ml<\/h3>\n<p>Nitrito de amilo (CAS: 110-46-3) (CE: 203-770-8), 3-metilbutan-1-ol (CAS: 123-51-3) (CE: 204-633-5).<\/p>\n","protected":false},"excerpt":{"rendered":"<ul>\n<li>F\u00f3rmula ultra fuerte con mayor durabilidad.<\/li>\n<li>Uno de los poppers m\u00e1s fuertes en Espa\u00f1a.<\/li>\n<li>Disponible en formatos de 24 y 30ml.<\/li>\n<li>Producto de alta calidad.<\/li>\n<\/ul>\n","protected":false},"featured_media":2478,"comment_status":"open","ping_status":"closed","template":"","meta":{"neve_meta_sidebar":"","neve_meta_container":"","neve_meta_enable_content_width":"off","neve_meta_content_width":100,"neve_meta_title_alignment":"","neve_meta_author_avatar":"","neve_post_elements_order":"","neve_meta_disable_header":"","neve_meta_disable_footer":"","neve_meta_disable_title":"","neve_meta_reading_time":"","_themeisle_gutenberg_block_has_review":false,"neve_tabs_data":"","neve_override_tab_layout":""},"product_brand":[],"product_cat":[131,133],"product_tag":[],"class_list":{"0":"post-2997","1":"product","2":"type-product","3":"status-publish","4":"has-post-thumbnail","6":"product_cat-poppers","7":"product_cat-poppers-pequenos","9":"first","10":"instock","11":"taxable","12":"shipping-taxable","13":"purchasable","14":"product-type-simple"},"bundled_by":[],"bundle_stock_status":"instock","bundle_stock_quantity":15,"bundle_virtual":false,"bundle_layout":"","bundle_add_to_cart_form_location":"","bundle_editable_in_cart":false,"bundle_sold_individually_context":"","bundle_item_grouping":"","bundle_min_size":"","bundle_max_size":"","bundle_price":[],"bundled_items":[],"bundle_sell_ids":[],"_links":{"self":[{"href":"https:\/\/poppersareus.com\/es\/wp-json\/wp\/v2\/product\/2997","targetHints":{"allow":["GET"]}}],"collection":[{"href":"https:\/\/poppersareus.com\/es\/wp-json\/wp\/v2\/product"}],"about":[{"href":"https:\/\/poppersareus.com\/es\/wp-json\/wp\/v2\/types\/product"}],"replies":[{"embeddable":true,"href":"https:\/\/poppersareus.com\/es\/wp-json\/wp\/v2\/comments?post=2997"}],"wp:featuredmedia":[{"embeddable":true,"href":"https:\/\/poppersareus.com\/es\/wp-json\/wp\/v2\/media\/2478"}],"wp:attachment":[{"href":"https:\/\/poppersareus.com\/es\/wp-json\/wp\/v2\/media?parent=2997"}],"wp:term":[{"taxonomy":"product_brand","embeddable":true,"href":"https:\/\/poppersareus.com\/es\/wp-json\/wp\/v2\/product_brand?post=2997"},{"taxonomy":"product_cat","embeddable":true,"href":"https:\/\/poppersareus.com\/es\/wp-json\/wp\/v2\/product_cat?post=2997"},{"taxonomy":"product_tag","embeddable":true,"href":"https:\/\/poppersareus.com\/es\/wp-json\/wp\/v2\/product_tag?post=2997"}],"curies":[{"name":"wp","href":"https:\/\/api.w.org\/{rel}","templated":true}]}}