{"id":3005,"date":"2022-12-05T13:42:20","date_gmt":"2022-12-05T13:42:20","guid":{"rendered":"https:\/\/poppersareus.com\/poppers\/jungle-juice-plus-10ml\/"},"modified":"2025-12-03T12:58:13","modified_gmt":"2025-12-03T12:58:13","slug":"jungle-juice-plus-10ml","status":"publish","type":"product","link":"https:\/\/poppersareus.com\/es\/poppers\/jungle-juice-plus-10ml\/","title":{"rendered":"Jungle Juice Plus 10ml"},"content":{"rendered":"<h2>Poppers Jungle Juice Plus botella peque\u00f1a 10ml<\/h2>\n<p> Si eres fan de la marca Jungle Juice de Lockerroom, te presentamos \u00abPLUS\u00bb, lo mismo que extra fuerte y extra intenso. Con la calidad y las caracter\u00edsticas tradicionales de los productos Jungle Juice, puedes confiar en el dominio de Lockeroom para una experiencia a\u00fan m\u00e1s intensa. Jungle Juice Plus es ideal para aquellos que buscan poppers con aromas m\u00e1s agradables, pero con un efecto y durabilidad superiores. El peque\u00f1o bote asegura una mayor comodidad y facilidad de transporte, permiti\u00e9ndote disfrutar de su intensidad y aroma en cualquier lugar. Como dicen, \u201ces en las botellas m\u00e1s peque\u00f1as donde se encuentran los mejores aromas\u201d. Con una f\u00f3rmula a base de nitrito de pentilo, este poppers te garantiza una experiencia \u00fanica e inolvidable, mientras que la mezcla de aromas la hace a\u00fan m\u00e1s agradable. Si buscas poppers de calidad, con un aroma agradable y un efecto duradero, Jungle Juice Plus es la elecci\u00f3n adecuada. \u00a1Compre ahora y sienta la diferencia en su pr\u00f3xima experiencia! No pierdas m\u00e1s tiempo y aseg\u00farate de tener el tuyo, con la calidad, confianza y maestr\u00eda de Lockeroom, estos poppers son la elecci\u00f3n adecuada para quien busca una experiencia \u00fanica e intensa. \u00a1Disfr\u00fatalo!  <\/p>\n<h3>Composici\u00f3n de Jungle Juice Plus 10ml<\/h3>\n<p><span data-sheets-value=\"{\"1\":2,\"2\":\"Nitrito de pentilo (CAS: 463-04-7) (EC: 207-332-7), pentan-1-ol (CAS: 71-41-0) (EC: 200-752-1), 2-methylbutan-1-ol (CAS: 137-32-6) (EC: 205-289-9)\"}\" data-sheets-userformat=\"{\"2\":769,\"3\":{\"1\":0},\"11\":4,\"12\":0}\">Nitrito de pentilo (CAS: 463-04-7) (CE: 207-332-7), pentan-1-ol (CAS: 71-41-0) (CE: 200-752-1), 2-metilbutan-1 -ol (CAS: 137-32-6) (CE: 205-289-9)<\/span><\/p>\n","protected":false},"excerpt":{"rendered":"<ul>\n<li>Producida por Lockerroom.<\/li>\n<li>F\u00f3rmula extrafuerte.<\/li>\n<li>Agradable aroma y mayor duraci\u00f3n.<\/li>\n<li>Nitrito de pentilo &#8211; uno de los m\u00e1s fuertes.<\/li>\n<li>Calidad de la marca Jungle Juice.<\/li>\n<\/ul>\n","protected":false},"featured_media":4735,"template":"","meta":{"neve_meta_sidebar":"","neve_meta_container":"","neve_meta_enable_content_width":"off","neve_meta_content_width":100,"neve_meta_title_alignment":"","neve_meta_author_avatar":"","neve_post_elements_order":"","neve_meta_disable_header":"","neve_meta_disable_footer":"","neve_meta_disable_title":"","neve_meta_reading_time":"","_themeisle_gutenberg_block_has_review":false,"neve_tabs_data":"","neve_override_tab_layout":""},"product_brand":[152,151],"product_cat":[131,133],"product_tag":[159],"class_list":{"0":"post-3005","1":"product","2":"type-product","3":"status-publish","4":"has-post-thumbnail","6":"product_brand-jungle-juice","7":"product_brand-lockerroom","8":"product_cat-poppers","9":"product_cat-poppers-pequenos","10":"product_tag-black-friday","12":"first","13":"instock","14":"taxable","15":"shipping-taxable","16":"purchasable","17":"product-type-simple"},"bundled_by":[],"bundle_stock_status":"instock","bundle_stock_quantity":11,"bundle_virtual":false,"bundle_layout":"","bundle_add_to_cart_form_location":"","bundle_editable_in_cart":false,"bundle_sold_individually_context":"","bundle_item_grouping":"","bundle_min_size":"","bundle_max_size":"","bundle_price":[],"bundled_items":[],"bundle_sell_ids":[],"_links":{"self":[{"href":"https:\/\/poppersareus.com\/es\/wp-json\/wp\/v2\/product\/3005","targetHints":{"allow":["GET"]}}],"collection":[{"href":"https:\/\/poppersareus.com\/es\/wp-json\/wp\/v2\/product"}],"about":[{"href":"https:\/\/poppersareus.com\/es\/wp-json\/wp\/v2\/types\/product"}],"wp:featuredmedia":[{"embeddable":true,"href":"https:\/\/poppersareus.com\/es\/wp-json\/wp\/v2\/media\/4735"}],"wp:attachment":[{"href":"https:\/\/poppersareus.com\/es\/wp-json\/wp\/v2\/media?parent=3005"}],"wp:term":[{"taxonomy":"product_brand","embeddable":true,"href":"https:\/\/poppersareus.com\/es\/wp-json\/wp\/v2\/product_brand?post=3005"},{"taxonomy":"product_cat","embeddable":true,"href":"https:\/\/poppersareus.com\/es\/wp-json\/wp\/v2\/product_cat?post=3005"},{"taxonomy":"product_tag","embeddable":true,"href":"https:\/\/poppersareus.com\/es\/wp-json\/wp\/v2\/product_tag?post=3005"}],"curies":[{"name":"wp","href":"https:\/\/api.w.org\/{rel}","templated":true}]}}