{"id":3007,"date":"2022-12-05T13:12:09","date_gmt":"2022-12-05T13:12:09","guid":{"rendered":"https:\/\/poppersareus.com\/poppers\/bare-24ml\/"},"modified":"2026-05-04T09:47:55","modified_gmt":"2026-05-04T08:47:55","slug":"bare-24ml","status":"publish","type":"product","link":"https:\/\/poppersareus.com\/es\/poppers\/bare-24ml\/","title":{"rendered":"Bare 24ml"},"content":{"rendered":"<h2>Poppers Bare botella grande 24ml<\/h2>\n<p>Si los poppers son un tema de conversaci\u00f3n que despierta su curiosidad, es probable que haya o\u00eddo hablar de sus desagradables efectos secundarios, como dolores de cabeza y olores fuertes y desagradables.<\/p>\n<p>Sin embargo, Bare 24ml es un poppers que te har\u00e1 cambiar de opini\u00f3n sobre este tipo de productos.<\/p>\n<p>Este poppers est\u00e1 elaborado a base de nitrito de isopropilo, lo que le confiere un olor agradable, pero presente e intenso. Adem\u00e1s, tiene peque\u00f1as propiedades afrodis\u00edacas, por lo que es ideal para aquellas personas cohibidas y poco confiadas.<\/p>\n<p>La calidad de este poppers es innegable, por lo que se presenta en una botella de cristal oscuro, para proteger el producto de la luz y garantizar una mayor durabilidad.<\/p>\n<p>El envase tambi\u00e9n fue dise\u00f1ado para ser discreto, con un formato similar a un pintalabios. Bare 24ml es una novedad reciente en el mercado y junto a sus \u201chermanos\u201d Boy y Bad, forman el Tr\u00edo dos B, o si lo prefieres, el B Team.<\/p>\n<p>No dejes de probar esta novedad que promete revolucionar tu opini\u00f3n sobre los poppers.<\/p>\n<h3>Composici\u00f3n de Bare 24ml<\/h3>\n<p><span data-sheets-value=\"{\"1\":2,\"2\":\"Nitrito de isopropyl (CAS: 541-42-4) (EC: 208-779-0), propan-2-ol (CAS: 67-63-0) (EC: 200-661-7)\"}\" data-sheets-userformat=\"{\"2\":769,\"3\":{\"1\":0},\"11\":4,\"12\":0}\">Nitrito de isopropil (CAS: 541-42-4) (EC: 208-779-0), propan-2-ol (CAS: 67-63-0) (EC: 200-661-7).<\/span><\/p>\n","protected":false},"excerpt":{"rendered":"<ul>\n<li>Composici\u00f3n del nitrito de isopropilo.<\/li>\n<li>Alta calidad.<\/li>\n<li>Frasco de vidrio oscuro.<\/li>\n<li>Embalaje discreto en forma delgada.<\/li>\n<\/ul>\n","protected":false},"featured_media":2480,"comment_status":"open","ping_status":"closed","template":"","meta":{"neve_meta_sidebar":"","neve_meta_container":"","neve_meta_enable_content_width":"off","neve_meta_content_width":100,"neve_meta_title_alignment":"","neve_meta_author_avatar":"","neve_post_elements_order":"","neve_meta_disable_header":"","neve_meta_disable_footer":"","neve_meta_disable_title":"","neve_meta_reading_time":"","_themeisle_gutenberg_block_has_review":false,"neve_tabs_data":"","neve_override_tab_layout":""},"product_brand":[],"product_cat":[134,131],"product_tag":[],"class_list":{"0":"post-3007","1":"product","2":"type-product","3":"status-publish","4":"has-post-thumbnail","6":"product_cat-poppers-grandes","7":"product_cat-poppers","9":"first","10":"instock","11":"taxable","12":"shipping-taxable","13":"purchasable","14":"product-type-simple"},"bundled_by":[],"bundle_stock_status":"instock","bundle_stock_quantity":19,"bundle_virtual":false,"bundle_layout":"","bundle_add_to_cart_form_location":"","bundle_editable_in_cart":false,"bundle_sold_individually_context":"","bundle_item_grouping":"","bundle_min_size":"","bundle_max_size":"","bundle_price":[],"bundled_items":[],"bundle_sell_ids":[],"_links":{"self":[{"href":"https:\/\/poppersareus.com\/es\/wp-json\/wp\/v2\/product\/3007","targetHints":{"allow":["GET"]}}],"collection":[{"href":"https:\/\/poppersareus.com\/es\/wp-json\/wp\/v2\/product"}],"about":[{"href":"https:\/\/poppersareus.com\/es\/wp-json\/wp\/v2\/types\/product"}],"replies":[{"embeddable":true,"href":"https:\/\/poppersareus.com\/es\/wp-json\/wp\/v2\/comments?post=3007"}],"wp:featuredmedia":[{"embeddable":true,"href":"https:\/\/poppersareus.com\/es\/wp-json\/wp\/v2\/media\/2480"}],"wp:attachment":[{"href":"https:\/\/poppersareus.com\/es\/wp-json\/wp\/v2\/media?parent=3007"}],"wp:term":[{"taxonomy":"product_brand","embeddable":true,"href":"https:\/\/poppersareus.com\/es\/wp-json\/wp\/v2\/product_brand?post=3007"},{"taxonomy":"product_cat","embeddable":true,"href":"https:\/\/poppersareus.com\/es\/wp-json\/wp\/v2\/product_cat?post=3007"},{"taxonomy":"product_tag","embeddable":true,"href":"https:\/\/poppersareus.com\/es\/wp-json\/wp\/v2\/product_tag?post=3007"}],"curies":[{"name":"wp","href":"https:\/\/api.w.org\/{rel}","templated":true}]}}