{"id":3023,"date":"2022-04-16T18:58:03","date_gmt":"2022-04-16T18:58:03","guid":{"rendered":"https:\/\/poppersareus.com\/poppers\/quicksilver-skull-25ml\/"},"modified":"2025-11-02T08:51:39","modified_gmt":"2025-11-02T08:51:39","slug":"quicksilver-skull","status":"publish","type":"product","link":"https:\/\/poppersareus.com\/es\/poppers\/quicksilver-skull\/","title":{"rendered":"Quicksilver Skull 25ml"},"content":{"rendered":"<h2>Poppers Quicksilver Skull 25ml<\/h2>\n<p>Este poppers Quicksilver Skull de 25 ml es una aut\u00e9ntica maravilla. Con su f\u00f3rmula ultra poderosa y exclusiva, este poppers no solo es poderoso, sino que tambi\u00e9n te brindar\u00e1 sensaciones \u00fanicas e intensas que nunca has experimentado.<\/p>\n<p>A diferencia de otros poppers, Quicksilver Skull se basa en una f\u00f3rmula \u00fanica que te brinda resultados incre\u00edbles.<\/p>\n<p>La botella de cristal plateada es tan bonita que puede convertirse en un objeto decorativo para tu hogar. Es perfecto para aquellos a los que les gustan los productos exclusivos y elegantes, y tambi\u00e9n es una gran opci\u00f3n para regalar a alguien especial.<\/p>\n<p>No importa si prefieres el dorado o el plateado, con esta botella podr\u00e1s garantizar el \u00e9xito en tus sensaciones. Adem\u00e1s, con su f\u00f3rmula exclusiva, los resultados est\u00e1n garantizados.<\/p>\n<p>No pierdas la oportunidad de probar este exclusivo poppers Quicksilver Skull. \u00a1Disfr\u00fatalo ahora y pide el tuyo ahora!<\/p>\n<h3>Composici\u00f3n de Quicksilver Skull 25ml<\/h3>\n<p>Nitrito de amilo (CAS: 110-46-3) (CE: 203-770-8), 3-metilbutan-1-ol (CAS: 123-51-3) (CE: 204-633-5).<\/p>\n<div id=\"gtx-trans\" style=\"position: absolute; left: 254px; top: 382.344px;\">\n<div class=\"gtx-trans-icon\"><\/div>\n<\/div>\n","protected":false},"excerpt":{"rendered":"<ul>\n<li>F\u00f3rmula ultra potente a base de amilo.<\/li>\n<li>Botella tem\u00e1tica exclusiva de vidrio plateado.<\/li>\n<li>Ideal para quienes gustan de productos exclusivos.<\/li>\n<li>Botella decorativa.<\/li>\n<\/ul>\n","protected":false},"featured_media":2510,"comment_status":"open","ping_status":"closed","template":"","meta":{"neve_meta_sidebar":"","neve_meta_container":"","neve_meta_enable_content_width":"off","neve_meta_content_width":100,"neve_meta_title_alignment":"","neve_meta_author_avatar":"","neve_post_elements_order":"","neve_meta_disable_header":"","neve_meta_disable_footer":"","neve_meta_disable_title":"","neve_meta_reading_time":"","_themeisle_gutenberg_block_has_review":false,"neve_tabs_data":"","neve_override_tab_layout":""},"product_brand":[264],"product_cat":[134,131],"product_tag":[],"class_list":{"0":"post-3023","1":"product","2":"type-product","3":"status-publish","4":"has-post-thumbnail","6":"product_brand-quick-silver","7":"product_cat-poppers-grandes","8":"product_cat-poppers","10":"first","11":"instock","12":"sale","13":"taxable","14":"shipping-taxable","15":"purchasable","16":"product-type-simple"},"bundled_by":[],"bundle_stock_status":"instock","bundle_stock_quantity":19,"bundle_virtual":false,"bundle_layout":"","bundle_add_to_cart_form_location":"","bundle_editable_in_cart":false,"bundle_sold_individually_context":"","bundle_item_grouping":"","bundle_min_size":"","bundle_max_size":"","bundle_price":[],"bundled_items":[],"bundle_sell_ids":[],"_links":{"self":[{"href":"https:\/\/poppersareus.com\/es\/wp-json\/wp\/v2\/product\/3023","targetHints":{"allow":["GET"]}}],"collection":[{"href":"https:\/\/poppersareus.com\/es\/wp-json\/wp\/v2\/product"}],"about":[{"href":"https:\/\/poppersareus.com\/es\/wp-json\/wp\/v2\/types\/product"}],"replies":[{"embeddable":true,"href":"https:\/\/poppersareus.com\/es\/wp-json\/wp\/v2\/comments?post=3023"}],"wp:featuredmedia":[{"embeddable":true,"href":"https:\/\/poppersareus.com\/es\/wp-json\/wp\/v2\/media\/2510"}],"wp:attachment":[{"href":"https:\/\/poppersareus.com\/es\/wp-json\/wp\/v2\/media?parent=3023"}],"wp:term":[{"taxonomy":"product_brand","embeddable":true,"href":"https:\/\/poppersareus.com\/es\/wp-json\/wp\/v2\/product_brand?post=3023"},{"taxonomy":"product_cat","embeddable":true,"href":"https:\/\/poppersareus.com\/es\/wp-json\/wp\/v2\/product_cat?post=3023"},{"taxonomy":"product_tag","embeddable":true,"href":"https:\/\/poppersareus.com\/es\/wp-json\/wp\/v2\/product_tag?post=3023"}],"curies":[{"name":"wp","href":"https:\/\/api.w.org\/{rel}","templated":true}]}}