{"id":3025,"date":"2022-04-16T12:29:42","date_gmt":"2022-04-16T11:29:42","guid":{"rendered":"https:\/\/poppersareus.com\/poppers\/amsterdam-10ml\/"},"modified":"2026-02-01T20:36:07","modified_gmt":"2026-02-01T20:36:07","slug":"amsterdam","status":"publish","type":"product","link":"https:\/\/poppersareus.com\/es\/poppers\/amsterdam\/","title":{"rendered":"Amsterdam 10ml"},"content":{"rendered":"<h2>Botella peque\u00f1a Poppers Amsterdam<\/h2>\n<p>Ya conoce la calidad de los productos de la marca Amsterdam. Con una f\u00f3rmula sencilla, suave y muy concentrada, basta con abrir el frasco para sentir su inconfundible aroma, que desencadena una explosi\u00f3n de sensaciones.<\/p>\n<p>Este superventas habla por s\u00ed solo, con un elevado n\u00famero de ventas en todo el mundo. Ahora tienes la oportunidad de probarlo y obtener los mejores resultados con este frasco de 10 ml.<\/p>\n<p>Su f\u00f3rmula inconfundible ofrece una experiencia \u00fanica. Esta poppers es ideal para usuarios exigentes que buscan los mejores resultados. Y con un frasco de 10 ml, es f\u00e1cil de llevar a todas partes.<\/p>\n<p>Experimente hoy mismo el poder de Amsterdam y descubra una nueva dimensi\u00f3n de placer y sensaciones. Basta con abrir el frasco para sentir su inconfundible aroma y los efectos inmediatos de estos poppers. Debido a su alta calidad, este producto es muy solicitado por los amantes de los poppers y est\u00e1 considerado como uno de los mejores del mercado.<\/p>\n<p>No pierdas m\u00e1s tiempo y consigue ya tu Amsterdam 10ml para una experiencia intensa y duradera. Aproveche la oportunidad de probar uno de los mejores poppers disponibles en el mercado.<\/p>\n<h3>Composici\u00f3n de Amsterdam 10ml<\/h3>\n<p>Nitrito de isopropil (CAS: 541-42-4) (EC: 208-779-0), propan-2-ol (CAS: 67-63-0) (EC: 200-661-7).<\/p>\n<p>&nbsp;<\/p>\n","protected":false},"excerpt":{"rendered":"<ul>\n<li>F\u00f3rmula sencilla y muy concentrada.<\/li>\n<li>Sensaciones inmediatas.<\/li>\n<li>Disponible en formato de 24ml.<\/li>\n<li>Un \u00e9xito de ventas en todo el mundo.<\/li>\n<li>Efectos intensos y duraderos.<\/li>\n<\/ul>\n","protected":false},"featured_media":2474,"comment_status":"open","ping_status":"closed","template":"","meta":{"neve_meta_sidebar":"","neve_meta_container":"","neve_meta_enable_content_width":"off","neve_meta_content_width":100,"neve_meta_title_alignment":"","neve_meta_author_avatar":"","neve_post_elements_order":"","neve_meta_disable_header":"","neve_meta_disable_footer":"","neve_meta_disable_title":"","neve_meta_reading_time":"","_themeisle_gutenberg_block_has_review":false,"neve_tabs_data":"","neve_override_tab_layout":""},"product_brand":[148],"product_cat":[133,131],"product_tag":[159],"class_list":{"0":"post-3025","1":"product","2":"type-product","3":"status-publish","4":"has-post-thumbnail","6":"product_brand-amsterdam","7":"product_cat-poppers-pequenos","8":"product_cat-poppers","9":"product_tag-black-friday","11":"first","12":"instock","13":"taxable","14":"shipping-taxable","15":"purchasable","16":"product-type-simple"},"bundled_by":["6091"],"bundle_stock_status":"instock","bundle_stock_quantity":23,"bundle_virtual":false,"bundle_layout":"","bundle_add_to_cart_form_location":"","bundle_editable_in_cart":false,"bundle_sold_individually_context":"","bundle_item_grouping":"","bundle_min_size":"","bundle_max_size":"","bundle_price":[],"bundled_items":[],"bundle_sell_ids":[],"_links":{"self":[{"href":"https:\/\/poppersareus.com\/es\/wp-json\/wp\/v2\/product\/3025","targetHints":{"allow":["GET"]}}],"collection":[{"href":"https:\/\/poppersareus.com\/es\/wp-json\/wp\/v2\/product"}],"about":[{"href":"https:\/\/poppersareus.com\/es\/wp-json\/wp\/v2\/types\/product"}],"replies":[{"embeddable":true,"href":"https:\/\/poppersareus.com\/es\/wp-json\/wp\/v2\/comments?post=3025"}],"wp:featuredmedia":[{"embeddable":true,"href":"https:\/\/poppersareus.com\/es\/wp-json\/wp\/v2\/media\/2474"}],"wp:attachment":[{"href":"https:\/\/poppersareus.com\/es\/wp-json\/wp\/v2\/media?parent=3025"}],"wp:term":[{"taxonomy":"product_brand","embeddable":true,"href":"https:\/\/poppersareus.com\/es\/wp-json\/wp\/v2\/product_brand?post=3025"},{"taxonomy":"product_cat","embeddable":true,"href":"https:\/\/poppersareus.com\/es\/wp-json\/wp\/v2\/product_cat?post=3025"},{"taxonomy":"product_tag","embeddable":true,"href":"https:\/\/poppersareus.com\/es\/wp-json\/wp\/v2\/product_tag?post=3025"}],"curies":[{"name":"wp","href":"https:\/\/api.w.org\/{rel}","templated":true}]}}