{"id":3026,"date":"2022-04-16T12:28:00","date_gmt":"2022-04-16T11:28:00","guid":{"rendered":"https:\/\/poppersareus.com\/poppers\/amyl-30ml\/"},"modified":"2025-12-21T15:14:01","modified_gmt":"2025-12-21T15:14:01","slug":"amyl","status":"publish","type":"product","link":"https:\/\/poppersareus.com\/es\/poppers\/amyl\/","title":{"rendered":"Amyl 30ml"},"content":{"rendered":"<h2>Amyl poppers botella grande de aluminio<\/h2>\n<p>  Si buscas un popper de alta calidad y extremadamente potente, \u00a1este es tu producto! Esta f\u00f3rmula es famosa, siendo una de las mejores disponibles en el mercado. Y ahora, con su botella de aluminio de edici\u00f3n especial, podr\u00e1s disfrutar de todas las ventajas que te ofrece. Con un empaque simple, pero elegante, estos poppers son extremadamente f\u00e1ciles de transportar y tienen un menor riesgo de rotura que el vidrio. Adem\u00e1s, su f\u00f3rmula es discreta y sutil, pero en cuesti\u00f3n de segundos aumenta de intensidad y se mantiene fuerte durante varios minutos, para que puedas beneficiarte de un efecto m\u00e1s prolongado. Amyl 30ml es una excelente opci\u00f3n para quienes buscan poppers de calidad, producido con nitrito de amilo, es una de las f\u00f3rmulas m\u00e1s potentes del mercado y sin duda superar\u00e1 tus expectativas. Con la edici\u00f3n de aluminio, puede estar seguro de que est\u00e1 comprando un producto de alta calidad, con la garant\u00eda de un transporte m\u00e1s seguro y f\u00e1cil, si no fuera por esta, una versi\u00f3n de bolsillo. \u00a1No pierdas m\u00e1s tiempo buscando otros tipos de poppers, el Amyl 30ml es la elecci\u00f3n correcta para ti! Pru\u00e9balo ahora y siente el poder de este incre\u00edble producto. Comprar poppers online en Espa\u00f1a nunca volver\u00e1 a ser lo mismo para ti despu\u00e9s de probar este producto. Te garantizamos por experiencia que no te arrepentir\u00e1s.  <\/p>\n<h3>Composici\u00f3n de Amyl 30ml<\/h3>\n<p>  Nitrito de amilo (CAS: 110-46-3) (CE: 203-770-8), 3-metilbutan-1-ol (CAS: 123-51-3) (CE: 204-633-5).<\/p>\n","protected":false},"excerpt":{"rendered":"<ul>\n<li>Producto de alta calidad.<\/li>\n<li>Envase de aluminio sencillo y elegante.<\/li>\n<li>Intensidad en segundos y efecto prolongado.<\/li>\n<li>Disponible en tama\u00f1os de 10 y 24 ml.<\/li>\n<li>Producido con nitrito de amilo.<\/li>\n<\/ul>\n","protected":false},"featured_media":2479,"comment_status":"open","ping_status":"closed","template":"","meta":{"neve_meta_sidebar":"","neve_meta_container":"","neve_meta_enable_content_width":"off","neve_meta_content_width":100,"neve_meta_title_alignment":"","neve_meta_author_avatar":"","neve_post_elements_order":"","neve_meta_disable_header":"","neve_meta_disable_footer":"","neve_meta_disable_title":"","neve_meta_reading_time":"","_themeisle_gutenberg_block_has_review":false,"neve_tabs_data":"","neve_override_tab_layout":""},"product_brand":[],"product_cat":[134,131],"product_tag":[],"class_list":{"0":"post-3026","1":"product","2":"type-product","3":"status-publish","4":"has-post-thumbnail","6":"product_cat-poppers-grandes","7":"product_cat-poppers","9":"first","10":"instock","11":"taxable","12":"shipping-taxable","13":"purchasable","14":"product-type-simple"},"bundled_by":[],"bundle_stock_status":"instock","bundle_stock_quantity":8,"bundle_virtual":false,"bundle_layout":"","bundle_add_to_cart_form_location":"","bundle_editable_in_cart":false,"bundle_sold_individually_context":"","bundle_item_grouping":"","bundle_min_size":"","bundle_max_size":"","bundle_price":[],"bundled_items":[],"bundle_sell_ids":[],"_links":{"self":[{"href":"https:\/\/poppersareus.com\/es\/wp-json\/wp\/v2\/product\/3026","targetHints":{"allow":["GET"]}}],"collection":[{"href":"https:\/\/poppersareus.com\/es\/wp-json\/wp\/v2\/product"}],"about":[{"href":"https:\/\/poppersareus.com\/es\/wp-json\/wp\/v2\/types\/product"}],"replies":[{"embeddable":true,"href":"https:\/\/poppersareus.com\/es\/wp-json\/wp\/v2\/comments?post=3026"}],"wp:featuredmedia":[{"embeddable":true,"href":"https:\/\/poppersareus.com\/es\/wp-json\/wp\/v2\/media\/2479"}],"wp:attachment":[{"href":"https:\/\/poppersareus.com\/es\/wp-json\/wp\/v2\/media?parent=3026"}],"wp:term":[{"taxonomy":"product_brand","embeddable":true,"href":"https:\/\/poppersareus.com\/es\/wp-json\/wp\/v2\/product_brand?post=3026"},{"taxonomy":"product_cat","embeddable":true,"href":"https:\/\/poppersareus.com\/es\/wp-json\/wp\/v2\/product_cat?post=3026"},{"taxonomy":"product_tag","embeddable":true,"href":"https:\/\/poppersareus.com\/es\/wp-json\/wp\/v2\/product_tag?post=3026"}],"curies":[{"name":"wp","href":"https:\/\/api.w.org\/{rel}","templated":true}]}}