{"id":3028,"date":"2022-04-16T12:16:00","date_gmt":"2022-04-16T12:16:00","guid":{"rendered":"https:\/\/poppersareus.com\/poppers\/oink-24ml\/"},"modified":"2024-03-07T22:02:45","modified_gmt":"2024-03-07T22:02:45","slug":"oink","status":"publish","type":"product","link":"https:\/\/poppersareus.com\/es\/poppers\/oink\/","title":{"rendered":"oink! 24ml"},"content":{"rendered":"<h2>Poppers oink!, botella grande<\/h2>\n<p>Este es el producto que revolucionar\u00e1 la forma de desinhibirse. El Oink! es un producto potente, con una f\u00f3rmula exclusiva que te hace desatar tus emociones m\u00e1s profundas y salvajes. E incluso si la etiqueta tiene un lindo cerdito, no se deje enga\u00f1ar. Este producto es cualquier cosa menos bonito.<\/p>\n<p>Con Oink descubrir\u00e1s tu lado m\u00e1s salvaje y liberar\u00e1s a los lobos que se esconden en pieles de oveja. Su f\u00f3rmula fuerte y efectiva te hace sentir relajado y desinhibido como ning\u00fan otro poppers lo hace. Y eso no es todo. Este producto, al estar basado en nitrito de isopropilo, ayuda a aumentar el deseo e intensifica las zonas sensoriales.<\/p>\n<p>Con estos poppers, ya no necesitas ocultar tus emociones y sensaciones. Este producto te ayuda a liberarlos de forma segura, r\u00e1pida y eficaz. Y con un empaque discreto y f\u00e1cil de transportar, puede llevarlo a dondequiera que vaya.<\/p>\n<p>No pierdas m\u00e1s tiempo, prueba Oink!, y descubre un nuevo mundo de placer y sensaciones. \u00a1Haz tu pedido ahora y prep\u00e1rate para dar rienda suelta a tu lado m\u00e1s Oink!<\/p>\n<p>No deje escapar esta oportunidad \u00fanica.<\/p>\n<h3>Composici\u00f3n Oink! 24ml<\/h3>\n<p>Nitrito de isopropilo (CAS 541-42-4) (CE: 208-779-0), propan-2-ol (CAS 67-63-0) (CE: 200-661-7).<\/p>\n","protected":false},"excerpt":{"rendered":"<ul>\n<li>F\u00f3rmula fuerte y exclusiva.<\/li>\n<li>Composici\u00f3n a base de nitrito de isopropilo.<\/li>\n<li>Embalaje divertido y f\u00e1cil de llevar.<\/li>\n<li>Ideal para el tiempo libre.<\/li>\n<\/ul>\n","protected":false},"featured_media":2507,"comment_status":"open","ping_status":"closed","template":"","meta":{"neve_meta_sidebar":"","neve_meta_container":"","neve_meta_enable_content_width":"off","neve_meta_content_width":100,"neve_meta_title_alignment":"","neve_meta_author_avatar":"","neve_post_elements_order":"","neve_meta_disable_header":"","neve_meta_disable_footer":"","neve_meta_disable_title":"","neve_meta_reading_time":"","_themeisle_gutenberg_block_has_review":false,"neve_tabs_data":"","neve_override_tab_layout":""},"product_brand":[],"product_cat":[131,134],"product_tag":[],"class_list":{"0":"post-3028","1":"product","2":"type-product","3":"status-publish","4":"has-post-thumbnail","6":"product_cat-poppers","7":"product_cat-poppers-grandes","9":"first","10":"instock","11":"taxable","12":"shipping-taxable","13":"product-type-simple"},"bundled_by":[],"bundle_stock_status":"instock","bundle_stock_quantity":0,"bundle_virtual":false,"bundle_layout":"","bundle_add_to_cart_form_location":"","bundle_editable_in_cart":false,"bundle_sold_individually_context":"","bundle_item_grouping":"","bundle_min_size":"","bundle_max_size":"","bundle_price":[],"bundled_items":[],"bundle_sell_ids":[],"_links":{"self":[{"href":"https:\/\/poppersareus.com\/es\/wp-json\/wp\/v2\/product\/3028","targetHints":{"allow":["GET"]}}],"collection":[{"href":"https:\/\/poppersareus.com\/es\/wp-json\/wp\/v2\/product"}],"about":[{"href":"https:\/\/poppersareus.com\/es\/wp-json\/wp\/v2\/types\/product"}],"replies":[{"embeddable":true,"href":"https:\/\/poppersareus.com\/es\/wp-json\/wp\/v2\/comments?post=3028"}],"wp:featuredmedia":[{"embeddable":true,"href":"https:\/\/poppersareus.com\/es\/wp-json\/wp\/v2\/media\/2507"}],"wp:attachment":[{"href":"https:\/\/poppersareus.com\/es\/wp-json\/wp\/v2\/media?parent=3028"}],"wp:term":[{"taxonomy":"product_brand","embeddable":true,"href":"https:\/\/poppersareus.com\/es\/wp-json\/wp\/v2\/product_brand?post=3028"},{"taxonomy":"product_cat","embeddable":true,"href":"https:\/\/poppersareus.com\/es\/wp-json\/wp\/v2\/product_cat?post=3028"},{"taxonomy":"product_tag","embeddable":true,"href":"https:\/\/poppersareus.com\/es\/wp-json\/wp\/v2\/product_tag?post=3028"}],"curies":[{"name":"wp","href":"https:\/\/api.w.org\/{rel}","templated":true}]}}