{"id":3033,"date":"2022-12-21T18:29:48","date_gmt":"2022-12-21T18:29:48","guid":{"rendered":"https:\/\/poppersareus.com\/poppers\/fun-pops-almendra-15ml\/"},"modified":"2024-03-07T21:46:07","modified_gmt":"2024-03-07T21:46:07","slug":"fun-pops-amendoa-15ml","status":"publish","type":"product","link":"https:\/\/poppersareus.com\/es\/poppers\/fun-pops-amendoa-15ml\/","title":{"rendered":"Fun Pop\u2019s Almendra 15ml"},"content":{"rendered":"<h2>Poppers Fun Pop\u2019s Almendra botella mediana 15ml<\/h2>\n<p>Los Fun Pop de Almendra son una excelente opci\u00f3n para cualquiera que busque poppers de calidad. Fabricado con el mismo nitrito de isopropilo que el original, este producto ofrece una sensaci\u00f3n de euforia inmediata despu\u00e9s de su uso.<\/p>\n<p>El suave aroma a almendras lo hace muy discreto y agradable sin comprometer la eficacia de la f\u00f3rmula y se sabe que tiene m\u00e1s propiedades afrodis\u00edacas debido al aroma a almendras y proporciona efectos duraderos.<\/p>\n<p>Si buscas poppers medianos, pero de gran calidad, estos son una excelente opci\u00f3n. Con la garant\u00eda de las mejores marcas de poppers, este producto es perfecto para quien busca un momento especial e inolvidable. Pru\u00e9belo ahora y descubra por qu\u00e9 las Almendras de Fun Pop son tan populares en Francia y entre nuestros clientes.<\/p>\n<h3>Composici\u00f3n de Fun Pop\u2019s Almendra 15ml<\/h3>\n<p><span data-sheets-value=\"{\"1\":2,\"2\":\"Nitrito de isopropyl (CAS: 541-42-4) (EC: 208-779-0), propan-2-ol (CAS: 67-63-0) (EC: 200-661-7)\"}\" data-sheets-userformat=\"{\"2\":769,\"3\":{\"1\":0},\"11\":4,\"12\":0}\">Nitrito de isopropil (CAS: 541-42-4) (EC: 208-779-0), propan-2-ol (CAS: 67-63-0) (EC: 200-661-7).<\/span><\/p>\n","protected":false},"excerpt":{"rendered":"<ul>\n<li>Compuesto a base de nitrito de isopropilo.<\/li>\n<li>Aroma suave a almendras.<\/li>\n<li>Propiedades afrodis\u00edacas y efecto de larga duraci\u00f3n.<\/li>\n<li>Ideal para momentos especiales e inolvidables.<\/li>\n<\/ul>\n","protected":false},"featured_media":2491,"comment_status":"open","ping_status":"closed","template":"","meta":{"neve_meta_sidebar":"","neve_meta_container":"","neve_meta_enable_content_width":"off","neve_meta_content_width":100,"neve_meta_title_alignment":"","neve_meta_author_avatar":"","neve_post_elements_order":"","neve_meta_disable_header":"","neve_meta_disable_footer":"","neve_meta_disable_title":"","neve_meta_reading_time":"","_themeisle_gutenberg_block_has_review":false,"neve_tabs_data":"","neve_override_tab_layout":""},"product_brand":[],"product_cat":[131,133],"product_tag":[],"class_list":{"0":"post-3033","1":"product","2":"type-product","3":"status-publish","4":"has-post-thumbnail","6":"product_cat-poppers","7":"product_cat-poppers-pequenos","9":"first","10":"instock","11":"taxable","12":"shipping-taxable","13":"product-type-simple"},"bundled_by":[],"bundle_stock_status":"instock","bundle_stock_quantity":0,"bundle_virtual":false,"bundle_layout":"","bundle_add_to_cart_form_location":"","bundle_editable_in_cart":false,"bundle_sold_individually_context":"","bundle_item_grouping":"","bundle_min_size":"","bundle_max_size":"","bundle_price":[],"bundled_items":[],"bundle_sell_ids":[],"_links":{"self":[{"href":"https:\/\/poppersareus.com\/es\/wp-json\/wp\/v2\/product\/3033","targetHints":{"allow":["GET"]}}],"collection":[{"href":"https:\/\/poppersareus.com\/es\/wp-json\/wp\/v2\/product"}],"about":[{"href":"https:\/\/poppersareus.com\/es\/wp-json\/wp\/v2\/types\/product"}],"replies":[{"embeddable":true,"href":"https:\/\/poppersareus.com\/es\/wp-json\/wp\/v2\/comments?post=3033"}],"wp:featuredmedia":[{"embeddable":true,"href":"https:\/\/poppersareus.com\/es\/wp-json\/wp\/v2\/media\/2491"}],"wp:attachment":[{"href":"https:\/\/poppersareus.com\/es\/wp-json\/wp\/v2\/media?parent=3033"}],"wp:term":[{"taxonomy":"product_brand","embeddable":true,"href":"https:\/\/poppersareus.com\/es\/wp-json\/wp\/v2\/product_brand?post=3033"},{"taxonomy":"product_cat","embeddable":true,"href":"https:\/\/poppersareus.com\/es\/wp-json\/wp\/v2\/product_cat?post=3033"},{"taxonomy":"product_tag","embeddable":true,"href":"https:\/\/poppersareus.com\/es\/wp-json\/wp\/v2\/product_tag?post=3033"}],"curies":[{"name":"wp","href":"https:\/\/api.w.org\/{rel}","templated":true}]}}