{"id":3034,"date":"2022-03-26T03:29:57","date_gmt":"2022-03-26T03:29:57","guid":{"rendered":"https:\/\/poppersareus.com\/poppers\/amsterdam-special-30ml\/"},"modified":"2025-02-21T16:58:02","modified_gmt":"2025-02-21T16:58:02","slug":"amsterdam-special","status":"publish","type":"product","link":"https:\/\/poppersareus.com\/es\/poppers\/amsterdam-special\/","title":{"rendered":"Amsterdam Special 30ml"},"content":{"rendered":"<h2>Poppers Amsterdam Especial botella grande 30ml<\/h2>\n<p>Si buscas una experiencia \u00fanica e inolvidable, los poppers Amsterdam Special son la elecci\u00f3n correcta. Producida por la reconocida marca Lockerroom, esta nueva f\u00f3rmula ofrece resultados insuperables e impresionantes.<\/p>\n<p>Una botella redise\u00f1ada y vintage de 30 ml, esta edici\u00f3n especial es la combinaci\u00f3n de tradici\u00f3n e innovaci\u00f3n. Los beneficios son numerosos: aumento de la libido, sensaciones intensas, relajaci\u00f3n muscular, aumento de los sentidos y creatividad.<\/p>\n<p>Si busca algo a\u00fan m\u00e1s compacto, tambi\u00e9n est\u00e1 disponible la versi\u00f3n de 10 ml. Pero sea cual sea la talla que elijas, la calidad siempre est\u00e1 garantizada, ya que es uno de los productos m\u00e1s famosos de Lockerroom.<\/p>\n<p>No pierdas esta oportunidad de probar uno de los mejores productos de Lockerroom y la marca Amsterdam. Haga su pedido ahora mismo y sienta la diferencia en su experiencia personal.<\/p>\n<p>Prueba la versi\u00f3n especial en botella de 30ml con un dise\u00f1o retro, que es la forma que tiene Lockerroom de decir que lo viejo sigue siendo bueno y que se puede reinventar.<\/p>\n<p>Aprovecha ahora tus poppers Amsterdam Special y disfruta de sensaciones inolvidables, como esta marca siempre ha sabido ofrecer en sus productos.<\/p>\n<h3>Composici\u00f3n de Amsterdam Especial 30ml<\/h3>\n<p>Nitrito de pentilo (CAS: 463-04-7) (CE: 207-332-7), pentan-1-ol (CAS: 71-41-0) (CE: 200-752-1), 2-metilbutan-1 -ol (CAS: 137-32-6) (CE: 205-289-9)<\/p>\n<div id=\"gtx-trans\" style=\"position: absolute; left: 197px; top: 590.344px;\">\n<div class=\"gtx-trans-icon\"><\/div>\n<\/div>\n","protected":false},"excerpt":{"rendered":"<ul>\n<li>Producida por Lockerroom.<\/li>\n<li>F\u00f3rmula con resultados impresionantes.<\/li>\n<li>Botella redise\u00f1ada y vintage de 30ml.<\/li>\n<li>Disponible en una versi\u00f3n de 10ml.<\/li>\n<\/ul>\n","protected":false},"featured_media":5331,"comment_status":"open","ping_status":"closed","template":"","meta":{"neve_meta_sidebar":"","neve_meta_container":"","neve_meta_enable_content_width":"off","neve_meta_content_width":100,"neve_meta_title_alignment":"","neve_meta_author_avatar":"","neve_post_elements_order":"","neve_meta_disable_header":"","neve_meta_disable_footer":"","neve_meta_disable_title":"","neve_meta_reading_time":"","_themeisle_gutenberg_block_has_review":false,"neve_tabs_data":"","neve_override_tab_layout":""},"product_brand":[151],"product_cat":[131,134],"product_tag":[],"class_list":{"0":"post-3034","1":"product","2":"type-product","3":"status-publish","4":"has-post-thumbnail","6":"product_brand-lockerroom","7":"product_cat-poppers","8":"product_cat-poppers-grandes","10":"first","11":"instock","12":"taxable","13":"shipping-taxable","14":"purchasable","15":"product-type-simple"},"bundled_by":[],"bundle_stock_status":"instock","bundle_stock_quantity":12,"bundle_virtual":false,"bundle_layout":"","bundle_add_to_cart_form_location":"","bundle_editable_in_cart":false,"bundle_sold_individually_context":"","bundle_item_grouping":"","bundle_min_size":"","bundle_max_size":"","bundle_price":[],"bundled_items":[],"bundle_sell_ids":[],"_links":{"self":[{"href":"https:\/\/poppersareus.com\/es\/wp-json\/wp\/v2\/product\/3034","targetHints":{"allow":["GET"]}}],"collection":[{"href":"https:\/\/poppersareus.com\/es\/wp-json\/wp\/v2\/product"}],"about":[{"href":"https:\/\/poppersareus.com\/es\/wp-json\/wp\/v2\/types\/product"}],"replies":[{"embeddable":true,"href":"https:\/\/poppersareus.com\/es\/wp-json\/wp\/v2\/comments?post=3034"}],"wp:featuredmedia":[{"embeddable":true,"href":"https:\/\/poppersareus.com\/es\/wp-json\/wp\/v2\/media\/5331"}],"wp:attachment":[{"href":"https:\/\/poppersareus.com\/es\/wp-json\/wp\/v2\/media?parent=3034"}],"wp:term":[{"taxonomy":"product_brand","embeddable":true,"href":"https:\/\/poppersareus.com\/es\/wp-json\/wp\/v2\/product_brand?post=3034"},{"taxonomy":"product_cat","embeddable":true,"href":"https:\/\/poppersareus.com\/es\/wp-json\/wp\/v2\/product_cat?post=3034"},{"taxonomy":"product_tag","embeddable":true,"href":"https:\/\/poppersareus.com\/es\/wp-json\/wp\/v2\/product_tag?post=3034"}],"curies":[{"name":"wp","href":"https:\/\/api.w.org\/{rel}","templated":true}]}}