{"id":3036,"date":"2022-03-26T03:01:02","date_gmt":"2022-03-26T03:01:02","guid":{"rendered":"https:\/\/poppersareus.com\/poppers\/rush-9ml\/"},"modified":"2026-03-24T13:46:34","modified_gmt":"2026-03-24T13:46:34","slug":"rush","status":"publish","type":"product","link":"https:\/\/poppersareus.com\/es\/poppers\/rush\/","title":{"rendered":"Rush 9ml"},"content":{"rendered":"<h2>Poppers Rush 9ml<\/h2>\n<p>\u00a1Descubre por qu\u00e9 los poppers Rush con tecnolog\u00eda PPP han sido los m\u00e1s vendidos en todo el mundo durante m\u00e1s de cuarenta a\u00f1os! La f\u00f3rmula incomparable de estos poppers te garantiza una pureza, potencia y potencia notables.<\/p>\n<p>\u00a1Ahora con el Power-Pak Pellet, tu experiencia ser\u00e1 a\u00fan m\u00e1s intensa! Este producto contiene una esfera que captura y elimina las impurezas que provocan la descomposici\u00f3n del producto. Con esta tecnolog\u00eda, se garantiza que sus poppers permanecer\u00e1n tan frescos y potentes como el d\u00eda en que se abrieron por primera vez.<\/p>\n<p>\u00a1El Power-Pak Pellet es una innovaci\u00f3n \u00fanica que marca la diferencia! La perla PPP se desintegrar\u00e1 con el tiempo, manteniendo los poppers efectivos por mucho m\u00e1s tiempo. Nada mejor que estar seguros de que podremos disfrutar de toda la potencia y pureza de estos poppers durante mucho m\u00e1s tiempo, incluso despu\u00e9s de abrirlos.<\/p>\n<p>Los poppers Rush y Power-Pak Pellet son la combinaci\u00f3n perfecta para los amantes del poppers que buscan una experiencia intensa y duradera. Con esta f\u00f3rmula \u00fanica, puede estar seguro de que est\u00e1 comprando un producto de la m\u00e1s alta calidad.<\/p>\n<p>\u00a1No pierdas m\u00e1s tiempo! Compra ya tus poppers y disfruta de una experiencia incre\u00edble, pura y potente. \u00a1Pru\u00e9balo ahora mismo y siente la diferencia!<\/p>\n<h3>Composici\u00f3n Rush 9ml<\/h3>\n<p><span data-sheets-value=\"{\"1\":2,\"2\":\"Nitrito de isopropyl (CAS: 541-42-4) (EC: 208-779-0)\"}\" data-sheets-userformat=\"{\"2\":513,\"3\":{\"1\":0},\"12\":0}\">Nitrito de isopropilo (CAS: 541-42-4) (CE: 208-779-0)<\/span><\/p>\n<div id=\"gtx-trans\" style=\"position: absolute; left: 306px; top: 574.344px;\">\n<div class=\"gtx-trans-icon\"><\/div>\n<\/div>\n","protected":false},"excerpt":{"rendered":"<ul>\n<li>Con tecnolog\u00eda PPP.<\/li>\n<li>F\u00f3rmula pura, potente y potente.<\/li>\n<li>Marca m\u00e1s vendida en el mundo.<\/li>\n<li>Producto de la m\u00e1s alta calidad.<\/li>\n<\/ul>\n","protected":false},"featured_media":2513,"comment_status":"open","ping_status":"closed","template":"","meta":{"neve_meta_sidebar":"","neve_meta_container":"","neve_meta_enable_content_width":"off","neve_meta_content_width":100,"neve_meta_title_alignment":"","neve_meta_author_avatar":"","neve_post_elements_order":"","neve_meta_disable_header":"","neve_meta_disable_footer":"","neve_meta_disable_title":"","neve_meta_reading_time":"","_themeisle_gutenberg_block_has_review":false,"neve_tabs_data":"","neve_override_tab_layout":""},"product_brand":[149,150],"product_cat":[131,133],"product_tag":[],"class_list":{"0":"post-3036","1":"product","2":"type-product","3":"status-publish","4":"has-post-thumbnail","6":"product_brand-pwd","7":"product_brand-rush","8":"product_cat-poppers","9":"product_cat-poppers-pequenos","11":"first","12":"instock","13":"taxable","14":"shipping-taxable","15":"purchasable","16":"product-type-simple"},"bundled_by":[],"bundle_stock_status":"instock","bundle_stock_quantity":10,"bundle_virtual":false,"bundle_layout":"","bundle_add_to_cart_form_location":"","bundle_editable_in_cart":false,"bundle_sold_individually_context":"","bundle_item_grouping":"","bundle_min_size":"","bundle_max_size":"","bundle_price":[],"bundled_items":[],"bundle_sell_ids":[],"_links":{"self":[{"href":"https:\/\/poppersareus.com\/es\/wp-json\/wp\/v2\/product\/3036","targetHints":{"allow":["GET"]}}],"collection":[{"href":"https:\/\/poppersareus.com\/es\/wp-json\/wp\/v2\/product"}],"about":[{"href":"https:\/\/poppersareus.com\/es\/wp-json\/wp\/v2\/types\/product"}],"replies":[{"embeddable":true,"href":"https:\/\/poppersareus.com\/es\/wp-json\/wp\/v2\/comments?post=3036"}],"wp:featuredmedia":[{"embeddable":true,"href":"https:\/\/poppersareus.com\/es\/wp-json\/wp\/v2\/media\/2513"}],"wp:attachment":[{"href":"https:\/\/poppersareus.com\/es\/wp-json\/wp\/v2\/media?parent=3036"}],"wp:term":[{"taxonomy":"product_brand","embeddable":true,"href":"https:\/\/poppersareus.com\/es\/wp-json\/wp\/v2\/product_brand?post=3036"},{"taxonomy":"product_cat","embeddable":true,"href":"https:\/\/poppersareus.com\/es\/wp-json\/wp\/v2\/product_cat?post=3036"},{"taxonomy":"product_tag","embeddable":true,"href":"https:\/\/poppersareus.com\/es\/wp-json\/wp\/v2\/product_tag?post=3036"}],"curies":[{"name":"wp","href":"https:\/\/api.w.org\/{rel}","templated":true}]}}