{"id":3260,"date":"2023-09-29T10:19:39","date_gmt":"2023-09-29T10:19:39","guid":{"rendered":"https:\/\/poppersareus.com\/?post_type=product&#038;p=3260"},"modified":"2025-05-22T16:27:04","modified_gmt":"2025-05-22T15:27:04","slug":"everest-mini-10ml","status":"publish","type":"product","link":"https:\/\/poppersareus.com\/es\/poppers\/everest-mini-10ml\/","title":{"rendered":"Everest Mini 10ml"},"content":{"rendered":"<h2>Poppers Everest Mini 10ml<\/h2>\n<p>Presentamos Everest Mini 10ml, una mezcla de f\u00f3rmulas como isopropilo, isoamileno y otras que ofrece una eficacia y unos resultados espectaculares. Si busca un producto fiable, duradero, potente y pr\u00e1ctico, esta es una excelente elecci\u00f3n.<\/p>\n<p>Este producto es conocido por su mezcla de f\u00f3rmulas, que son muy eficaces para lograr los resultados fuertes y duraderos que siempre has estado buscando.<\/p>\n<p>El envase compacto de 10 ml facilita su transporte y permite utilizarlo en cualquier lugar. Perfecto para llevar a todas partes y muy discreto gracias a su botella delgada y funcional.<\/p>\n<p>Es la elecci\u00f3n de quienes valoran la calidad y la eficacia de un producto fiable. Descubra c\u00f3mo Everest Mini 10ml puede hacer que sus momentos sean m\u00e1s emotivos y agradables.<\/p>\n<p>Cons\u00edguelo ahora y disfruta de la diferencia que la calidad francesa puede marcar en tu d\u00eda a d\u00eda.<\/p>\n<h3>Composici\u00f3n de Everest Mini 10ml<\/h3>\n<p><span data-sheets-value=\"{\"1\":2,\"2\":\"Nitrito de isopropyl (CAS: 541-42-4) (EC: 208-779-0), Nitrito de amyl, is\u00f4meros mistos (CAS: 110-46-3) (EC: 203-770-8), propan-2-ol (CAS: 67-63-0) (EC: 200-661-7), 3-methylbutan-1-ol (CAS: 123-51-3) (EC: 204-633-5)\"}\" data-sheets-userformat=\"{\"2\":769,\"3\":{\"1\":0},\"11\":4,\"12\":0}\">Nitrito de isopropilo (CAS: 541-42-4) (CE: 208-779-0), nitrito de amilo (CAS: 110-46-3) (CE: 203-770-8), propan-2-ol (CAS: 67-63-0) (CE: 200-661-7), 3-metilbutan-1-ol (CAS: 123-51-3) (CE: 204-633-5).<\/span><\/p>\n<div id=\"gtx-trans\" style=\"position: absolute; left: 547px; top: 477.344px;\">\n<div class=\"gtx-trans-icon\"><\/div>\n<\/div>\n","protected":false},"excerpt":{"rendered":"<ul>\n<li>Mezcla de f\u00f3rmulas eficaces como el isopropilo y el isoamileno.<\/li>\n<li>Eficacia y resultados espectaculares.<\/li>\n<li>F\u00f3rmula duradera y potente.<\/li>\n<li>Envase compacto de 10 ml, perfecto para llevar a todas partes.<\/li>\n<li>Calidad francesa!<\/li>\n<\/ul>\n","protected":false},"featured_media":3259,"comment_status":"open","ping_status":"closed","template":"","meta":{"neve_meta_sidebar":"","neve_meta_container":"","neve_meta_enable_content_width":"off","neve_meta_content_width":100,"neve_meta_title_alignment":"","neve_meta_author_avatar":"","neve_post_elements_order":"","neve_meta_disable_header":"","neve_meta_disable_footer":"","neve_meta_disable_title":"","neve_meta_reading_time":"","_themeisle_gutenberg_block_has_review":false,"neve_tabs_data":"","neve_override_tab_layout":""},"product_brand":[153],"product_cat":[133,131],"product_tag":[181,188],"class_list":{"0":"post-3260","1":"product","2":"type-product","3":"status-publish","4":"has-post-thumbnail","6":"product_brand-everest","7":"product_cat-poppers-pequenos","8":"product_cat-poppers","9":"product_tag-cyber-week","10":"product_tag-ofertas","12":"first","13":"instock","14":"sale","15":"taxable","16":"shipping-taxable","17":"purchasable","18":"product-type-simple"},"bundled_by":[],"bundle_stock_status":"instock","bundle_stock_quantity":20,"bundle_virtual":false,"bundle_layout":"","bundle_add_to_cart_form_location":"","bundle_editable_in_cart":false,"bundle_sold_individually_context":"","bundle_item_grouping":"","bundle_min_size":"","bundle_max_size":"","bundle_price":[],"bundled_items":[],"bundle_sell_ids":[],"_links":{"self":[{"href":"https:\/\/poppersareus.com\/es\/wp-json\/wp\/v2\/product\/3260","targetHints":{"allow":["GET"]}}],"collection":[{"href":"https:\/\/poppersareus.com\/es\/wp-json\/wp\/v2\/product"}],"about":[{"href":"https:\/\/poppersareus.com\/es\/wp-json\/wp\/v2\/types\/product"}],"replies":[{"embeddable":true,"href":"https:\/\/poppersareus.com\/es\/wp-json\/wp\/v2\/comments?post=3260"}],"wp:featuredmedia":[{"embeddable":true,"href":"https:\/\/poppersareus.com\/es\/wp-json\/wp\/v2\/media\/3259"}],"wp:attachment":[{"href":"https:\/\/poppersareus.com\/es\/wp-json\/wp\/v2\/media?parent=3260"}],"wp:term":[{"taxonomy":"product_brand","embeddable":true,"href":"https:\/\/poppersareus.com\/es\/wp-json\/wp\/v2\/product_brand?post=3260"},{"taxonomy":"product_cat","embeddable":true,"href":"https:\/\/poppersareus.com\/es\/wp-json\/wp\/v2\/product_cat?post=3260"},{"taxonomy":"product_tag","embeddable":true,"href":"https:\/\/poppersareus.com\/es\/wp-json\/wp\/v2\/product_tag?post=3260"}],"curies":[{"name":"wp","href":"https:\/\/api.w.org\/{rel}","templated":true}]}}