{"id":3265,"date":"2023-10-03T15:09:54","date_gmt":"2023-10-03T15:09:54","guid":{"rendered":"https:\/\/poppersareus.com\/?post_type=product&#038;p=3265"},"modified":"2026-04-26T03:24:07","modified_gmt":"2026-04-26T02:24:07","slug":"jungle-juice-black-label-10ml","status":"publish","type":"product","link":"https:\/\/poppersareus.com\/es\/poppers\/jungle-juice-black-label-10ml\/","title":{"rendered":"Jungle Juice Black Label 10ml"},"content":{"rendered":"<h2>Poppers Jungle Juice Black Label 10ml<\/h2>\n<p>Descubre la verdadera intensidad con esta f\u00f3rmula creada por Lockerroom. Este es el secreto de los verdaderos conocedores, una experiencia que cabe en la palma de la mano.<\/p>\n<p>Jungle Juice es una marca de renombre y la gama Black Label no es una excepci\u00f3n. Con su f\u00f3rmula \u00fanica, ofrece una explosi\u00f3n de intensidad en un frasco de 10 ml. Es la elecci\u00f3n perfecta para quienes buscan una experiencia \u00fanica.<\/p>\n<p>Jungle Juice Black Label te transportar\u00e1 a un mundo de sensaciones intensas. Siente c\u00f3mo fluye la energ\u00eda, aumentando la desinhibici\u00f3n y prepar\u00e1ndote para momentos especiales.<\/p>\n<p>El frasco de 10 ml es compacto y discreto, perfecto para llevar a cualquier parte. Tanto si se trata de una salida nocturna como de un momento m\u00e1s \u00edntimo, siempre est\u00e1 dispuesto a sorprender.<\/p>\n<p>Cualquiera que conozca el producto sabe que cumple estas expectativas, porque es pura intensidad en una botella.<\/p>\n<p>Probar esta f\u00f3rmula es embarcarse en un viaje intenso. Es una oportunidad para llevar sus momentos de placer a un nivel completamente nuevo. Compre ahora y descubra la intensidad que se merece. \u00a1La aventura te espera!<\/p>\n<h3>Composici\u00f3n de Jungle Juice Black Label 10ml<\/h3>\n<p><span data-sheets-value=\"{\"1\":2,\"2\":\"Nitrito de pentilo (CAS: 463-04-7) (EC: 207-332-7), pentan-1-ol (CAS: 71-41-0) (EC: 200-752-1), 2-methylbutan-1-ol (CAS: 137-32-6) (EC: 205-289-9)\"}\" data-sheets-userformat=\"{\"2\":769,\"3\":{\"1\":0},\"11\":4,\"12\":0}\">Nitrito de pentilo (CAS: 463-04-7) (CE: 207-332-7), pentan-1-ol (CAS: 71-41-0) (CE: 200-752-1), 2-metilbutan-1-ol (CAS: 137-32-6) (CE: 205-289-9).<\/span><\/p>\n","protected":false},"excerpt":{"rendered":"<ul>\n<li>Intensidad concentrada en un frasco peque\u00f1o<\/li>\n<li>F\u00f3rmula exclusiva para una experiencia \u00fanica<\/li>\n<li>Pr\u00e1ctico y discreto con 10 ml<\/li>\n<li>Eleve sus momentos de placer<\/li>\n<li>Perfecto para cualquier ocasi\u00f3n<\/li>\n<\/ul>\n","protected":false},"featured_media":3363,"template":"","meta":{"neve_meta_sidebar":"","neve_meta_container":"","neve_meta_enable_content_width":"off","neve_meta_content_width":100,"neve_meta_title_alignment":"","neve_meta_author_avatar":"","neve_post_elements_order":"","neve_meta_disable_header":"","neve_meta_disable_footer":"","neve_meta_disable_title":"","neve_meta_reading_time":"","_themeisle_gutenberg_block_has_review":false,"neve_tabs_data":"","neve_override_tab_layout":""},"product_brand":[152,151],"product_cat":[133,131],"product_tag":[188],"class_list":{"0":"post-3265","1":"product","2":"type-product","3":"status-publish","4":"has-post-thumbnail","6":"product_brand-jungle-juice","7":"product_brand-lockerroom","8":"product_cat-poppers-pequenos","9":"product_cat-poppers","10":"product_tag-ofertas","12":"first","13":"instock","14":"taxable","15":"shipping-taxable","16":"product-type-simple"},"bundled_by":[],"bundle_stock_status":"instock","bundle_stock_quantity":32,"bundle_virtual":false,"bundle_layout":"","bundle_add_to_cart_form_location":"","bundle_editable_in_cart":false,"bundle_sold_individually_context":"","bundle_item_grouping":"","bundle_min_size":"","bundle_max_size":"","bundle_price":[],"bundled_items":[],"bundle_sell_ids":[],"_links":{"self":[{"href":"https:\/\/poppersareus.com\/es\/wp-json\/wp\/v2\/product\/3265","targetHints":{"allow":["GET"]}}],"collection":[{"href":"https:\/\/poppersareus.com\/es\/wp-json\/wp\/v2\/product"}],"about":[{"href":"https:\/\/poppersareus.com\/es\/wp-json\/wp\/v2\/types\/product"}],"wp:featuredmedia":[{"embeddable":true,"href":"https:\/\/poppersareus.com\/es\/wp-json\/wp\/v2\/media\/3363"}],"wp:attachment":[{"href":"https:\/\/poppersareus.com\/es\/wp-json\/wp\/v2\/media?parent=3265"}],"wp:term":[{"taxonomy":"product_brand","embeddable":true,"href":"https:\/\/poppersareus.com\/es\/wp-json\/wp\/v2\/product_brand?post=3265"},{"taxonomy":"product_cat","embeddable":true,"href":"https:\/\/poppersareus.com\/es\/wp-json\/wp\/v2\/product_cat?post=3265"},{"taxonomy":"product_tag","embeddable":true,"href":"https:\/\/poppersareus.com\/es\/wp-json\/wp\/v2\/product_tag?post=3265"}],"curies":[{"name":"wp","href":"https:\/\/api.w.org\/{rel}","templated":true}]}}