{"id":3266,"date":"2023-10-03T15:07:00","date_gmt":"2023-10-03T14:07:00","guid":{"rendered":"https:\/\/poppersareus.com\/?post_type=product&#038;p=3266"},"modified":"2025-11-18T22:12:13","modified_gmt":"2025-11-18T22:12:13","slug":"jungle-juice-plus-25ml","status":"publish","type":"product","link":"https:\/\/poppersareus.com\/es\/poppers\/jungle-juice-plus-25ml\/","title":{"rendered":"Jungle Juice Plus 25ml"},"content":{"rendered":"<h2>Poppers Jungle Juice Plus 25ml<\/h2>\n<p>Si buscas una experiencia sensorial intensa y memorable, Jungle Juice Plus 25ml de Lockerroom es un nombre que no deber\u00eda pasar desapercibido. Este producto ofrece un viaje sensorial \u00fanico para quienes buscan una estimulaci\u00f3n extra en momentos especiales.<\/p>\n<p>Esta composici\u00f3n de Lockerroom es sin\u00f3nimo de potencia y calidad. Con una f\u00f3rmula cuidadosamente formulada, promete una experiencia intensa y estimulante. Basta un poco de aroma para desencadenar una sensaci\u00f3n de euforia que amplifica los sentidos. Jungle Juice Plus es la elecci\u00f3n de muchos que quieren hacer sus momentos a\u00fan m\u00e1s emocionantes y memorables.<\/p>\n<p>Lockerroom, por su parte, es una marca respetada en el mundo de los poppers. Ofrece una gran variedad de productos, entre ellos Jungle Juice Plus 25ml. La marca es conocida por su calidad constante y sus cautivadores aromas, que proporcionan una experiencia sensorial \u00fanica.<\/p>\n<p>La combinaci\u00f3n de esta f\u00f3rmula y la calidad de Lockerroom es una elecci\u00f3n segura para quienes buscan una experiencia realmente inolvidable. Ya sea para uso individual o compartido, este producto ofrece la oportunidad de explorar sensaciones intensas que cautivan los sentidos.<\/p>\n<p>En resumen, Plus 25ml es la elecci\u00f3n fiable para quienes desean experimentar sensaciones intensas y \u00fanicas. Despierte sus sentidos y sum\u00e9rjase en una experiencia sensorial que quedar\u00e1 grabada en su memoria.<\/p>\n<p>Pru\u00e9belo y descubra por qu\u00e9 estos productos son tan populares entre los amantes de las emociones fuertes.<\/p>\n<h3>Composici\u00f3n de Jungle Juice Plus 25ml<\/h3>\n<p>Nitrito de pentilo (CAS: 463-04-7) (CE: 207-332-7), pentan-1-ol (CAS: 71-41-0) (CE: 200-752-1), 2-metilbutan-1 -ol (CAS: 137-32-6) (CE: 205-289-9)<\/p>\n","protected":false},"excerpt":{"rendered":"<ul>\n<li>Ofrece una experiencia sensorial \u00fanica e intensa, perfecta para momentos especiales.<\/li>\n<li>Potencia y calidad en esta f\u00f3rmula cuidadosamente desarrollada por Lockerroom<\/li>\n<li>Marca respetada: Lockerroom es una marca respetada en el mundo de los poppers, conocida por su calidad.<\/li>\n<li>La elecci\u00f3n de muchos que quieren hacer sus momentos m\u00e1s emocionantes y memorables.<\/li>\n<li>La elecci\u00f3n adecuada para quienes buscan una experiencia verdaderamente inolvidable e intensa.<\/li>\n<\/ul>\n","protected":false},"featured_media":3355,"comment_status":"open","ping_status":"closed","template":"","meta":{"neve_meta_sidebar":"","neve_meta_container":"","neve_meta_enable_content_width":"off","neve_meta_content_width":100,"neve_meta_title_alignment":"","neve_meta_author_avatar":"","neve_post_elements_order":"","neve_meta_disable_header":"","neve_meta_disable_footer":"","neve_meta_disable_title":"","neve_meta_reading_time":"","_themeisle_gutenberg_block_has_review":false,"neve_tabs_data":"","neve_override_tab_layout":""},"product_brand":[152,151],"product_cat":[131,134],"product_tag":[],"class_list":{"0":"post-3266","1":"product","2":"type-product","3":"status-publish","4":"has-post-thumbnail","6":"product_brand-jungle-juice","7":"product_brand-lockerroom","8":"product_cat-poppers","9":"product_cat-poppers-grandes","11":"first","12":"instock","13":"taxable","14":"shipping-taxable","15":"purchasable","16":"product-type-simple"},"bundled_by":[],"bundle_stock_status":"instock","bundle_stock_quantity":15,"bundle_virtual":false,"bundle_layout":"","bundle_add_to_cart_form_location":"","bundle_editable_in_cart":false,"bundle_sold_individually_context":"","bundle_item_grouping":"","bundle_min_size":"","bundle_max_size":"","bundle_price":[],"bundled_items":[],"bundle_sell_ids":[],"_links":{"self":[{"href":"https:\/\/poppersareus.com\/es\/wp-json\/wp\/v2\/product\/3266","targetHints":{"allow":["GET"]}}],"collection":[{"href":"https:\/\/poppersareus.com\/es\/wp-json\/wp\/v2\/product"}],"about":[{"href":"https:\/\/poppersareus.com\/es\/wp-json\/wp\/v2\/types\/product"}],"replies":[{"embeddable":true,"href":"https:\/\/poppersareus.com\/es\/wp-json\/wp\/v2\/comments?post=3266"}],"wp:featuredmedia":[{"embeddable":true,"href":"https:\/\/poppersareus.com\/es\/wp-json\/wp\/v2\/media\/3355"}],"wp:attachment":[{"href":"https:\/\/poppersareus.com\/es\/wp-json\/wp\/v2\/media?parent=3266"}],"wp:term":[{"taxonomy":"product_brand","embeddable":true,"href":"https:\/\/poppersareus.com\/es\/wp-json\/wp\/v2\/product_brand?post=3266"},{"taxonomy":"product_cat","embeddable":true,"href":"https:\/\/poppersareus.com\/es\/wp-json\/wp\/v2\/product_cat?post=3266"},{"taxonomy":"product_tag","embeddable":true,"href":"https:\/\/poppersareus.com\/es\/wp-json\/wp\/v2\/product_tag?post=3266"}],"curies":[{"name":"wp","href":"https:\/\/api.w.org\/{rel}","templated":true}]}}