{"id":3702,"date":"2023-12-06T22:22:42","date_gmt":"2023-12-06T22:22:42","guid":{"rendered":"https:\/\/poppersareus.com\/?post_type=product&#038;p=3702"},"modified":"2026-01-30T20:58:39","modified_gmt":"2026-01-30T20:58:39","slug":"amyl-30ml","status":"publish","type":"product","link":"https:\/\/poppersareus.com\/es\/poppers-es\/amyl-30ml\/","title":{"rendered":"Amyl 30ml"},"content":{"rendered":"<h2>Poppers Amyl 30ml<\/h2>\n<p>Prep\u00e1rate para un viaje sensorial inigualable con Amyl 30ml; estos aut\u00e9nticos poppers, que te ofrecen una experiencia intensa, elevando tus sentidos a nuevas alturas de placer. Cada botella es una promesa de euforia, relajaci\u00f3n y una aut\u00e9ntica entrega de sensaciones.<\/p>\n<p>Est\u00e1 formulado para garantizar la m\u00e1xima potencia y pureza. Al elegir este producto, est\u00e1s optando por una calidad superior, dando como resultado aut\u00e9nticos momentos y sensaciones de placer. Lib\u00e9rese de las inhibiciones y disfrute de un viaje de \u00e9xtasis con el nitrito de amilo de confianza.<\/p>\n<p>Experimenta el \u00e9xtasis instant\u00e1neo con Amyl 30ml. Aut\u00e9ntico nitrito para una experiencia pura e intensa. Lib\u00e9rate con cada uso y sum\u00e9rgete en una euforia inigualable.<\/p>\n<p>Este producto est\u00e1 formulado para proporcionar intensos y genuinos momentos de placer y relajaci\u00f3n. No olvides probar el mejor nitrito que ofrece este producto.<\/p>\n<p>Para los usuarios de poppers m\u00e1s experimentados, el nitrito de amilo es uno de los m\u00e1s potentes y espectaculares de utilizar. As\u00ed que si quieres tener sensaciones y momentos \u00fanicos, tienes que probarlos.<\/p>\n<h3>Composici\u00f3n de Amyl 30ml<\/h3>\n<p>Nitrito de amilo (CAS: 110-46-3) (CE: 203-770-8), 3-metilbutan-1-ol (CAS: 123-51-3) (CE: 204-633-5).<\/p>\n<p>&nbsp;<\/p>\n<div id=\"gtx-trans\" style=\"position: absolute; left: 388px; top: 525.344px;\">\n<div class=\"gtx-trans-icon\"><\/div>\n<\/div>\n","protected":false},"excerpt":{"rendered":"<ul>\n<li>Pura intensidad.<\/li>\n<li>Euforia instant\u00e1nea.<\/li>\n<li>Relajaci\u00f3n aut\u00e9ntica.<\/li>\n<li>M\u00e1xima potencia y pureza.<\/li>\n<\/ul>\n","protected":false},"featured_media":3695,"comment_status":"open","ping_status":"closed","template":"","meta":{"neve_meta_sidebar":"","neve_meta_container":"","neve_meta_enable_content_width":"off","neve_meta_content_width":100,"neve_meta_title_alignment":"","neve_meta_author_avatar":"","neve_post_elements_order":"","neve_meta_disable_header":"","neve_meta_disable_footer":"","neve_meta_disable_title":"","neve_meta_reading_time":"","_themeisle_gutenberg_block_has_review":false,"neve_tabs_data":"","neve_override_tab_layout":""},"product_brand":[],"product_cat":[131,134],"product_tag":[],"class_list":{"0":"post-3702","1":"product","2":"type-product","3":"status-publish","4":"has-post-thumbnail","6":"product_cat-poppers","7":"product_cat-poppers-grandes","9":"first","10":"outofstock","11":"taxable","12":"shipping-taxable","13":"purchasable","14":"product-type-simple"},"bundled_by":[],"bundle_stock_status":"outofstock","bundle_stock_quantity":0,"bundle_virtual":false,"bundle_layout":"","bundle_add_to_cart_form_location":"","bundle_editable_in_cart":false,"bundle_sold_individually_context":"","bundle_item_grouping":"","bundle_min_size":"","bundle_max_size":"","bundle_price":[],"bundled_items":[],"bundle_sell_ids":[],"_links":{"self":[{"href":"https:\/\/poppersareus.com\/es\/wp-json\/wp\/v2\/product\/3702","targetHints":{"allow":["GET"]}}],"collection":[{"href":"https:\/\/poppersareus.com\/es\/wp-json\/wp\/v2\/product"}],"about":[{"href":"https:\/\/poppersareus.com\/es\/wp-json\/wp\/v2\/types\/product"}],"replies":[{"embeddable":true,"href":"https:\/\/poppersareus.com\/es\/wp-json\/wp\/v2\/comments?post=3702"}],"wp:featuredmedia":[{"embeddable":true,"href":"https:\/\/poppersareus.com\/es\/wp-json\/wp\/v2\/media\/3695"}],"wp:attachment":[{"href":"https:\/\/poppersareus.com\/es\/wp-json\/wp\/v2\/media?parent=3702"}],"wp:term":[{"taxonomy":"product_brand","embeddable":true,"href":"https:\/\/poppersareus.com\/es\/wp-json\/wp\/v2\/product_brand?post=3702"},{"taxonomy":"product_cat","embeddable":true,"href":"https:\/\/poppersareus.com\/es\/wp-json\/wp\/v2\/product_cat?post=3702"},{"taxonomy":"product_tag","embeddable":true,"href":"https:\/\/poppersareus.com\/es\/wp-json\/wp\/v2\/product_tag?post=3702"}],"curies":[{"name":"wp","href":"https:\/\/api.w.org\/{rel}","templated":true}]}}