{"id":3704,"date":"2023-12-06T22:26:52","date_gmt":"2023-12-06T22:26:52","guid":{"rendered":"https:\/\/poppersareus.com\/?post_type=product&#038;p=3704"},"modified":"2025-12-09T22:35:41","modified_gmt":"2025-12-09T22:35:41","slug":"amyl-deja-vu-30ml","status":"publish","type":"product","link":"https:\/\/poppersareus.com\/es\/poppers\/amyl-deja-vu-30ml\/","title":{"rendered":"Amyl D\u00e9j\u00e0 Vu 30ml"},"content":{"rendered":"<h2>Poppers Amyl D\u00e9j\u00e0 Vu 30ml<\/h2>\n<p>Cuando todo lo que has visto sucede y lo que a\u00fan no ha sucedido parece haber sucedido.<\/p>\n<p>Esta es la sensaci\u00f3n de los poppers Amyl D\u00e9j\u00e0 Vu, que te regalar\u00e1n las mejores sensaciones y te invitar\u00e1n a sumergirte en un mundo de \u00e9xtasis.<\/p>\n<p>Los poppers Amyl D\u00e9j\u00e0 Vu 30ml est\u00e1n fabricados en Francia, con los m\u00e1s altos est\u00e1ndares de calidad, es un poppers que te liberar\u00e1 de tu rutina diaria.<\/p>\n<p>Amyl D\u00e9j\u00e0 Vu te transportar\u00e1 a los a\u00f1os del poppers salvaje. Es uno de los poppers m\u00e1s fuertes que encontrar\u00e1s, gracias a su nitrito de amilo de calidad pura.<\/p>\n<p>Su formato de 30ml transformar\u00e1 tu noche, entre sentidos m\u00e1s afinados y efectos \u00fanicos, son, por tanto, imprescindibles en cualquier fiesta o reuni\u00f3n. \u00bfLo intentar\u00e1s? \u00bfO te quedar\u00e1s con esa sensaci\u00f3n de d\u00e9j\u00e0 vu?<\/p>\n<p>Aprovecha esta novedad en nuestra tienda y seguro que ser\u00e1 un gran \u00e9xito como ya lo est\u00e1 siendo a nivel europeo.<\/p>\n<h3>Composici\u00f3n de Amyl D\u00e9j\u00e0 Vu 30ml<\/h3>\n<p>Nitrito de amilo (CAS: 110-46-3) (CE: 203-770-8), 3-metilbutan-1-ol (CAS: 123-51-3) (CE: 204-633-5).<\/p>\n<p>&nbsp;<\/p>\n","protected":false},"excerpt":{"rendered":"<ul>\n<li>Una experiencia \u00fanica.<\/li>\n<li>Explora sensaciones intensas en un mundo de \u00e9xtasis.<\/li>\n<li>Producido en Francia con altos est\u00e1ndares de calidad.<\/li>\n<li>Reviva los a\u00f1os del poppers salvaje.<\/li>\n<\/ul>\n","protected":false},"featured_media":3706,"comment_status":"open","ping_status":"closed","template":"","meta":{"neve_meta_sidebar":"","neve_meta_container":"","neve_meta_enable_content_width":"off","neve_meta_content_width":100,"neve_meta_title_alignment":"","neve_meta_author_avatar":"","neve_post_elements_order":"","neve_meta_disable_header":"","neve_meta_disable_footer":"","neve_meta_disable_title":"","neve_meta_reading_time":"","_themeisle_gutenberg_block_has_review":false,"neve_tabs_data":"","neve_override_tab_layout":""},"product_brand":[],"product_cat":[134,131],"product_tag":[188],"class_list":{"0":"post-3704","1":"product","2":"type-product","3":"status-publish","4":"has-post-thumbnail","6":"product_cat-poppers-grandes","7":"product_cat-poppers","8":"product_tag-ofertas","10":"first","11":"instock","12":"sale","13":"taxable","14":"shipping-taxable","15":"purchasable","16":"product-type-simple"},"bundled_by":[],"bundle_stock_status":"instock","bundle_stock_quantity":12,"bundle_virtual":false,"bundle_layout":"","bundle_add_to_cart_form_location":"","bundle_editable_in_cart":false,"bundle_sold_individually_context":"","bundle_item_grouping":"","bundle_min_size":"","bundle_max_size":"","bundle_price":[],"bundled_items":[],"bundle_sell_ids":[],"_links":{"self":[{"href":"https:\/\/poppersareus.com\/es\/wp-json\/wp\/v2\/product\/3704","targetHints":{"allow":["GET"]}}],"collection":[{"href":"https:\/\/poppersareus.com\/es\/wp-json\/wp\/v2\/product"}],"about":[{"href":"https:\/\/poppersareus.com\/es\/wp-json\/wp\/v2\/types\/product"}],"replies":[{"embeddable":true,"href":"https:\/\/poppersareus.com\/es\/wp-json\/wp\/v2\/comments?post=3704"}],"wp:featuredmedia":[{"embeddable":true,"href":"https:\/\/poppersareus.com\/es\/wp-json\/wp\/v2\/media\/3706"}],"wp:attachment":[{"href":"https:\/\/poppersareus.com\/es\/wp-json\/wp\/v2\/media?parent=3704"}],"wp:term":[{"taxonomy":"product_brand","embeddable":true,"href":"https:\/\/poppersareus.com\/es\/wp-json\/wp\/v2\/product_brand?post=3704"},{"taxonomy":"product_cat","embeddable":true,"href":"https:\/\/poppersareus.com\/es\/wp-json\/wp\/v2\/product_cat?post=3704"},{"taxonomy":"product_tag","embeddable":true,"href":"https:\/\/poppersareus.com\/es\/wp-json\/wp\/v2\/product_tag?post=3704"}],"curies":[{"name":"wp","href":"https:\/\/api.w.org\/{rel}","templated":true}]}}