{"id":3738,"date":"2023-12-10T11:22:07","date_gmt":"2023-12-10T11:22:07","guid":{"rendered":"https:\/\/poppersareus.com\/poppers\/blue-boy-10ml\/"},"modified":"2025-11-20T18:58:43","modified_gmt":"2025-11-20T18:58:43","slug":"blue-boy-10ml","status":"publish","type":"product","link":"https:\/\/poppersareus.com\/es\/poppers\/blue-boy-10ml\/","title":{"rendered":"Blue Boy 10ml"},"content":{"rendered":"<h2>Blue Boy Lockerroom Poppers 10ml<\/h2>\n<p>Blue Boy de Lockerroom es una opci\u00f3n popular para los amantes del popper de todo el mundo. Con esta versi\u00f3n de 10 ml, le garantizamos que obtendr\u00e1 los mejores resultados posibles.<\/p>\n<p>Con una f\u00f3rmula mejorada, este producto est\u00e1 especialmente dise\u00f1ado para usuarios experimentados que desean una experiencia m\u00e1s intensa. El peque\u00f1o formato es perfecto para quienes buscan un equilibrio entre potencia y durabilidad.<\/p>\n<p>Al comprar en Poppers Are Us, puede estar seguro de que est\u00e1 comprando un producto aut\u00e9ntico y de calidad, directamente del fabricante. Son un producto ic\u00f3nico y muy buscado, y ahora puedes conseguirlos f\u00e1cilmente en l\u00ednea. Existe en versi\u00f3n de 10ml y 25ml.<\/p>\n<p>No pierdas la oportunidad de probar esta legendaria marca de poppers que te dejar\u00e1 sintiendo una mezcla de euforia y relajaci\u00f3n al mismo tiempo. \u00a1Compra ahora y conf\u00edrmalo t\u00fa mismo!<\/p>\n<h3>Composici\u00f3n de Blue boy 10ml<\/h3>\n<p>Nitrito de pentilo (CAS: 463-04-7) (CE: 207-332-7), pentan-1-ol (CAS: 71-41-0) (CE: 200-752-1), 2-metilbutan-1-ol (CAS: 137-32-6) (CE: 205-289-9).<\/p>\n<div id=\"gtx-trans\" style=\"position: absolute; left: 291px; top: 366.344px;\">\n<div class=\"gtx-trans-icon\"><\/div>\n<\/div>\n","protected":false},"excerpt":{"rendered":"<ul>\n<li>Frasco peque\u00f1o y f\u00f3rmula mejorada.<\/li>\n<li>Producida por Lockerroom.<\/li>\n<li>Tambi\u00e9n disponible en formato de 25ml.<\/li>\n<li>Blue Boy &#8211; una de las marcas m\u00e1s reputadas.<\/li>\n<\/ul>\n","protected":false},"featured_media":3709,"comment_status":"open","ping_status":"closed","template":"","meta":{"neve_meta_sidebar":"","neve_meta_container":"","neve_meta_enable_content_width":"off","neve_meta_content_width":100,"neve_meta_title_alignment":"","neve_meta_author_avatar":"","neve_post_elements_order":"","neve_meta_disable_header":"","neve_meta_disable_footer":"","neve_meta_disable_title":"","neve_meta_reading_time":"","_themeisle_gutenberg_block_has_review":false,"neve_tabs_data":"","neve_override_tab_layout":""},"product_brand":[151],"product_cat":[133,131],"product_tag":[188],"class_list":{"0":"post-3738","1":"product","2":"type-product","3":"status-publish","4":"has-post-thumbnail","6":"product_brand-lockerroom","7":"product_cat-poppers-pequenos","8":"product_cat-poppers","9":"product_tag-ofertas","11":"first","12":"instock","13":"sale","14":"taxable","15":"shipping-taxable","16":"purchasable","17":"product-type-simple"},"bundled_by":[],"bundle_stock_status":"instock","bundle_stock_quantity":18,"bundle_virtual":false,"bundle_layout":"","bundle_add_to_cart_form_location":"","bundle_editable_in_cart":false,"bundle_sold_individually_context":"","bundle_item_grouping":"","bundle_min_size":"","bundle_max_size":"","bundle_price":[],"bundled_items":[],"bundle_sell_ids":[],"_links":{"self":[{"href":"https:\/\/poppersareus.com\/es\/wp-json\/wp\/v2\/product\/3738","targetHints":{"allow":["GET"]}}],"collection":[{"href":"https:\/\/poppersareus.com\/es\/wp-json\/wp\/v2\/product"}],"about":[{"href":"https:\/\/poppersareus.com\/es\/wp-json\/wp\/v2\/types\/product"}],"replies":[{"embeddable":true,"href":"https:\/\/poppersareus.com\/es\/wp-json\/wp\/v2\/comments?post=3738"}],"wp:featuredmedia":[{"embeddable":true,"href":"https:\/\/poppersareus.com\/es\/wp-json\/wp\/v2\/media\/3709"}],"wp:attachment":[{"href":"https:\/\/poppersareus.com\/es\/wp-json\/wp\/v2\/media?parent=3738"}],"wp:term":[{"taxonomy":"product_brand","embeddable":true,"href":"https:\/\/poppersareus.com\/es\/wp-json\/wp\/v2\/product_brand?post=3738"},{"taxonomy":"product_cat","embeddable":true,"href":"https:\/\/poppersareus.com\/es\/wp-json\/wp\/v2\/product_cat?post=3738"},{"taxonomy":"product_tag","embeddable":true,"href":"https:\/\/poppersareus.com\/es\/wp-json\/wp\/v2\/product_tag?post=3738"}],"curies":[{"name":"wp","href":"https:\/\/api.w.org\/{rel}","templated":true}]}}