{"id":3741,"date":"2023-12-10T11:21:57","date_gmt":"2023-12-10T11:21:57","guid":{"rendered":"https:\/\/poppersareus.com\/poppers\/the-real-amsterdam-25ml\/"},"modified":"2026-02-03T13:36:31","modified_gmt":"2026-02-03T13:36:31","slug":"the-real-amsterdam-25ml","status":"publish","type":"product","link":"https:\/\/poppersareus.com\/es\/poppers\/the-real-amsterdam-25ml\/","title":{"rendered":"The Real Amsterdam 25ml"},"content":{"rendered":"<h3><span style=\"font-size: 16px;\">The Real Amsterdam \u2013 una f\u00f3rmula equilibrada disponible en cinco formatos<\/span><\/h3>\n<div class=\"relative flex w-full flex-col lg:w-[calc(100%-115px)] agent-turn\">\n<div class=\"flex-col gap-1 md:gap-3\">\n<div class=\"flex flex-grow flex-col max-w-full\">\n<div class=\"min-h-[20px] text-message flex flex-col items-start gap-3 whitespace-pre-wrap break-words [.text-message+&amp;]:mt-5 text-orange-500 overflow-x-auto\" data-message-author-role=\"assistant\" data-message-id=\"da90527f-577c-4972-836d-c298c94bb3f5\">\n<div class=\"text-orange-500 markdown prose w-full break-words dark:prose-invert dark\">\n<p>The Real Amsterdam de Lockerroom es un producto fabricado en Canad\u00e1 y ampliamente reconocido en el mercado europeo. Con una f\u00f3rmula a base de nitrito de pentilo, fue desarrollado seg\u00fan altos est\u00e1ndares de fabricaci\u00f3n para garantizar una composici\u00f3n optimizada.<\/p>\n<p>Con una formulaci\u00f3n cuidadosamente desarrollada, este producto mantiene su consistencia y calidad a lo largo del tiempo, ofreciendo una alternativa confiable para diferentes preferencias de uso. El embalaje est\u00e1 dise\u00f1ado para preservar la composici\u00f3n del producto, garantizando un almacenamiento seguro y un manejo pr\u00e1ctico.<\/p>\n<p>Lockerroom sigue siendo un referente en el sector, conocido por desarrollar productos con composiciones estructuradas y rigurosamente controladas. El producto de esta marca se destaca como una opci\u00f3n reconocida en el mercado, siendo una opci\u00f3n ampliamente buscada por los consumidores.<\/p>\n<p>Si buscas un producto elaborado seg\u00fan criterios de alta calidad, The Real Amsterdam es una alternativa a considerar.<\/p>\n<p>Disponible en formatos de 10ml, 15ml, 20ml, 25ml y 30ml.<\/p>\n<p>Compra ahora The Real Amsterdam y garantiza un producto desarrollado con rigor y atenci\u00f3n al detalle.<\/p>\n<\/div>\n<\/div>\n<\/div>\n<\/div>\n<\/div>\n<h3>Composici\u00f3n de The Real Amsterdam 25ml<\/h3>\n<p>Nitrito de pentilo (CAS: 463-04-7) (CE: 207-332-7), 2-metilbutan-1-ol (CAS: 137-32-6) (CE: 205-289-9).<\/p>\n","protected":false},"excerpt":{"rendered":"<ul>\n<li>F\u00f3rmula desarrollada con nitrito de pentilo.<\/li>\n<li>Disponible en 10 ml, 15 ml, 20 ml, 25 ml y 30 ml.<\/li>\n<li>Producido seg\u00fan altos est\u00e1ndares de calidad.<\/li>\n<li>Composici\u00f3n estructurada para un rendimiento consistente.<\/li>\n<li>Opci\u00f3n ampliamente reconocida en el mercado.<\/li>\n<\/ul>\n","protected":false},"featured_media":3718,"comment_status":"open","ping_status":"closed","template":"","meta":{"neve_meta_sidebar":"","neve_meta_container":"","neve_meta_enable_content_width":"off","neve_meta_content_width":100,"neve_meta_title_alignment":"","neve_meta_author_avatar":"","neve_post_elements_order":"","neve_meta_disable_header":"","neve_meta_disable_footer":"","neve_meta_disable_title":"","neve_meta_reading_time":"","_themeisle_gutenberg_block_has_review":false,"neve_tabs_data":"","neve_override_tab_layout":""},"product_brand":[151],"product_cat":[131,134],"product_tag":[],"class_list":{"0":"post-3741","1":"product","2":"type-product","3":"status-publish","4":"has-post-thumbnail","6":"product_brand-lockerroom","7":"product_cat-poppers","8":"product_cat-poppers-grandes","10":"first","11":"instock","12":"taxable","13":"shipping-taxable","14":"purchasable","15":"product-type-simple"},"bundled_by":[],"bundle_stock_status":"instock","bundle_stock_quantity":12,"bundle_virtual":false,"bundle_layout":"","bundle_add_to_cart_form_location":"","bundle_editable_in_cart":false,"bundle_sold_individually_context":"","bundle_item_grouping":"","bundle_min_size":"","bundle_max_size":"","bundle_price":[],"bundled_items":[],"bundle_sell_ids":[],"_links":{"self":[{"href":"https:\/\/poppersareus.com\/es\/wp-json\/wp\/v2\/product\/3741","targetHints":{"allow":["GET"]}}],"collection":[{"href":"https:\/\/poppersareus.com\/es\/wp-json\/wp\/v2\/product"}],"about":[{"href":"https:\/\/poppersareus.com\/es\/wp-json\/wp\/v2\/types\/product"}],"replies":[{"embeddable":true,"href":"https:\/\/poppersareus.com\/es\/wp-json\/wp\/v2\/comments?post=3741"}],"wp:featuredmedia":[{"embeddable":true,"href":"https:\/\/poppersareus.com\/es\/wp-json\/wp\/v2\/media\/3718"}],"wp:attachment":[{"href":"https:\/\/poppersareus.com\/es\/wp-json\/wp\/v2\/media?parent=3741"}],"wp:term":[{"taxonomy":"product_brand","embeddable":true,"href":"https:\/\/poppersareus.com\/es\/wp-json\/wp\/v2\/product_brand?post=3741"},{"taxonomy":"product_cat","embeddable":true,"href":"https:\/\/poppersareus.com\/es\/wp-json\/wp\/v2\/product_cat?post=3741"},{"taxonomy":"product_tag","embeddable":true,"href":"https:\/\/poppersareus.com\/es\/wp-json\/wp\/v2\/product_tag?post=3741"}],"curies":[{"name":"wp","href":"https:\/\/api.w.org\/{rel}","templated":true}]}}