{"id":4160,"date":"2024-04-13T15:42:28","date_gmt":"2024-04-13T15:42:28","guid":{"rendered":"https:\/\/poppersareus.com\/?post_type=product&#038;p=4160"},"modified":"2025-01-17T15:05:57","modified_gmt":"2025-01-17T15:05:57","slug":"xtrm-snffr-xl","status":"publish","type":"product","link":"https:\/\/poppersareus.com\/es\/accesorios-para-poppers\/xtrm-snffr-xl\/","title":{"rendered":"XTRM SNFFR XL"},"content":{"rendered":"<p class=\"p1\">Con la XTRM SNFFR XL, ahora se garantiza un uso seguro sin contacto con l\u00edquidos.<\/p>\n<p class=\"p1\">Gracias a su sistema de 3 agujeros, se enrosca en la botella\/lata de poppers, llevando la inhalaci\u00f3n a un nuevo nivel.<\/p>\n<p class=\"p1\">El efecto se amplifica muchas veces, ya que el sistema de inhalaci\u00f3n recibe un enorme impulso de la circulaci\u00f3n del aroma cuando se utiliza.<\/p>\n<p class=\"p1\">Este XTRM SNFFR XL evita la irritaci\u00f3n de la piel o el enrojecimiento de la nariz, lo que hace que su uso sea m\u00e1s seguro.<\/p>\n<p class=\"p1\">Incluso los poppers viejos son revividos por el inhalador y se fortalecen nuevamente como cuando se abren, debido a que la concentraci\u00f3n del aroma pasa solamente a trav\u00e9s de los agujeros.<\/p>\n<p class=\"p1\">Con el XTRM SNFFR XL, los poppers duran m\u00e1s porque no est\u00e1n expuestos a mucho aire y, por lo tanto, la evaporaci\u00f3n es m\u00e1s lenta o casi inexistente.<\/p>\n<p class=\"p1\">Fabricado \u00edntegramente en Europa y, por tanto, de calidad superior y material superresistente.<\/p>\n<p class=\"p1\">Este es el accesorio que necesita para botellas\/latas de boca ancha.<\/p>\n","protected":false},"excerpt":{"rendered":"<ul>\n<li>Equipado con un sistema de 3 orificios para mejorar la experiencia de inhalaci\u00f3n.<\/li>\n<li>Amplifica el efecto de tus poppers.<\/li>\n<li>Evita la irritaci\u00f3n de la piel y la nariz, proporcionando un uso m\u00e1s seguro.<\/li>\n<li>Los tapones duran m\u00e1s y evitan la evaporaci\u00f3n al abrir la botella.<\/li>\n<li>Fabricado en Europa, lo que garantiza una calidad y resistencia superiores.<\/li>\n<li>Accesorio indispensable para utilizar con botellas\/latas de boca ancha.<\/li>\n<\/ul>\n","protected":false},"featured_media":4117,"comment_status":"open","ping_status":"closed","template":"","meta":{"neve_meta_sidebar":"","neve_meta_container":"","neve_meta_enable_content_width":"off","neve_meta_content_width":100,"neve_meta_title_alignment":"","neve_meta_author_avatar":"","neve_post_elements_order":"","neve_meta_disable_header":"","neve_meta_disable_footer":"","neve_meta_disable_title":"","neve_meta_reading_time":"","_themeisle_gutenberg_block_has_review":false,"neve_tabs_data":"","neve_override_tab_layout":""},"product_brand":[155],"product_cat":[157],"product_tag":[],"class_list":{"0":"post-4160","1":"product","2":"type-product","3":"status-publish","4":"has-post-thumbnail","6":"product_brand-xtrm","7":"product_cat-accesorios-para-poppers","9":"first","10":"instock","11":"taxable","12":"shipping-taxable","13":"purchasable","14":"product-type-simple"},"bundled_by":[],"bundle_stock_status":"instock","bundle_stock_quantity":1,"bundle_virtual":false,"bundle_layout":"","bundle_add_to_cart_form_location":"","bundle_editable_in_cart":false,"bundle_sold_individually_context":"","bundle_item_grouping":"","bundle_min_size":"","bundle_max_size":"","bundle_price":[],"bundled_items":[],"bundle_sell_ids":[],"_links":{"self":[{"href":"https:\/\/poppersareus.com\/es\/wp-json\/wp\/v2\/product\/4160","targetHints":{"allow":["GET"]}}],"collection":[{"href":"https:\/\/poppersareus.com\/es\/wp-json\/wp\/v2\/product"}],"about":[{"href":"https:\/\/poppersareus.com\/es\/wp-json\/wp\/v2\/types\/product"}],"replies":[{"embeddable":true,"href":"https:\/\/poppersareus.com\/es\/wp-json\/wp\/v2\/comments?post=4160"}],"wp:featuredmedia":[{"embeddable":true,"href":"https:\/\/poppersareus.com\/es\/wp-json\/wp\/v2\/media\/4117"}],"wp:attachment":[{"href":"https:\/\/poppersareus.com\/es\/wp-json\/wp\/v2\/media?parent=4160"}],"wp:term":[{"taxonomy":"product_brand","embeddable":true,"href":"https:\/\/poppersareus.com\/es\/wp-json\/wp\/v2\/product_brand?post=4160"},{"taxonomy":"product_cat","embeddable":true,"href":"https:\/\/poppersareus.com\/es\/wp-json\/wp\/v2\/product_cat?post=4160"},{"taxonomy":"product_tag","embeddable":true,"href":"https:\/\/poppersareus.com\/es\/wp-json\/wp\/v2\/product_tag?post=4160"}],"curies":[{"name":"wp","href":"https:\/\/api.w.org\/{rel}","templated":true}]}}