{"id":4414,"date":"2024-06-21T10:09:22","date_gmt":"2024-06-21T09:09:22","guid":{"rendered":"https:\/\/poppersareus.com\/poppers\/wyffr-ultimate-3-pack-regalo\/"},"modified":"2025-02-04T15:47:48","modified_gmt":"2025-02-04T15:47:48","slug":"wyffr-ultimate-3-pack-regalo","status":"publish","type":"product","link":"https:\/\/poppersareus.com\/es\/accesorios-para-poppers\/wyffr-ultimate-3-pack-regalo\/","title":{"rendered":"WYFF\u2019R Ultimate 3 pack + regalo"},"content":{"rendered":"<h3>Paquete WYFF\u2019R Ultimate 3 + oferta \u2013 practicidad y funcionalidad<\/h3>\n<p>Este juego incluye tres tapas abatibles de diferentes tama\u00f1os, dise\u00f1adas para un f\u00e1cil manejo y uso de botellas compatibles. Con un dise\u00f1o funcional, estas tapas fueron desarrolladas para brindar un sistema de apertura y cierre m\u00e1s pr\u00e1ctico en comparaci\u00f3n con las opciones tradicionales.<\/p>\n<p>El pack incluye tres versiones de diferentes dimensiones para adaptarse mejor a los diferentes formatos de botella. La estructura reforzada de las tapas contribuye a un uso eficiente, reduciendo la necesidad de utilizar tapas convencionales que pueden desgastarse con el tiempo.<\/p>\n<p>Adem\u00e1s de las tres tapas, este set incluye una cadena de transporte, que te permitir\u00e1 mantener la botella segura y accesible en cualquier momento. El dise\u00f1o compacto y resistente fue desarrollado para garantizar comodidad y practicidad en la vida cotidiana.<\/p>\n<p>Contenido del paquete:<\/p>\n<ul>\n<li>1 gorra WYFF\u2019R Ultimate amarilla (talla peque\u00f1a).<\/li>\n<li>1 gorra WYFF\u2019R Ultimate roja (tama\u00f1o mediano).<\/li>\n<li>1 gorra WYFF\u2019R Ultimate azul (talla grande).<\/li>\n<li>1 cadena de transporte incluida.<\/li>\n<\/ul>\n<p>Compra ahora este set y garantiza un accesorio pr\u00e1ctico y funcional para facilitar tu uso.<\/p>\n","protected":false},"excerpt":{"rendered":"<ul>\n<li>Juego de tres tapas abatibles compatibles con diferentes botellas.<\/li>\n<li>Pr\u00e1ctico sistema de apertura y cierre para un uso m\u00e1s eficiente.<\/li>\n<li>Dise\u00f1o funcional que permite el manejo con una sola mano.<\/li>\n<li>Alternativa reforzada a las tapas convencionales.<\/li>\n<li>Incluye cadena de transporte para mayor comodidad.<\/li>\n<\/ul>\n","protected":false},"featured_media":4211,"comment_status":"open","ping_status":"closed","template":"","meta":{"neve_meta_sidebar":"","neve_meta_container":"","neve_meta_enable_content_width":"off","neve_meta_content_width":100,"neve_meta_title_alignment":"","neve_meta_author_avatar":"","neve_post_elements_order":"","neve_meta_disable_header":"","neve_meta_disable_footer":"","neve_meta_disable_title":"","neve_meta_reading_time":"","_themeisle_gutenberg_block_has_review":false,"neve_tabs_data":"","neve_override_tab_layout":""},"product_brand":[172],"product_cat":[157],"product_tag":[],"class_list":{"0":"post-4414","1":"product","2":"type-product","3":"status-publish","4":"has-post-thumbnail","6":"product_brand-wyffr","7":"product_cat-accesorios-para-poppers","9":"first","10":"outofstock","11":"taxable","12":"shipping-taxable","13":"purchasable","14":"product-type-simple"},"bundled_by":[],"bundle_stock_status":"outofstock","bundle_stock_quantity":0,"bundle_virtual":false,"bundle_layout":"","bundle_add_to_cart_form_location":"","bundle_editable_in_cart":false,"bundle_sold_individually_context":"","bundle_item_grouping":"","bundle_min_size":"","bundle_max_size":"","bundle_price":[],"bundled_items":[],"bundle_sell_ids":[],"_links":{"self":[{"href":"https:\/\/poppersareus.com\/es\/wp-json\/wp\/v2\/product\/4414","targetHints":{"allow":["GET"]}}],"collection":[{"href":"https:\/\/poppersareus.com\/es\/wp-json\/wp\/v2\/product"}],"about":[{"href":"https:\/\/poppersareus.com\/es\/wp-json\/wp\/v2\/types\/product"}],"replies":[{"embeddable":true,"href":"https:\/\/poppersareus.com\/es\/wp-json\/wp\/v2\/comments?post=4414"}],"wp:featuredmedia":[{"embeddable":true,"href":"https:\/\/poppersareus.com\/es\/wp-json\/wp\/v2\/media\/4211"}],"wp:attachment":[{"href":"https:\/\/poppersareus.com\/es\/wp-json\/wp\/v2\/media?parent=4414"}],"wp:term":[{"taxonomy":"product_brand","embeddable":true,"href":"https:\/\/poppersareus.com\/es\/wp-json\/wp\/v2\/product_brand?post=4414"},{"taxonomy":"product_cat","embeddable":true,"href":"https:\/\/poppersareus.com\/es\/wp-json\/wp\/v2\/product_cat?post=4414"},{"taxonomy":"product_tag","embeddable":true,"href":"https:\/\/poppersareus.com\/es\/wp-json\/wp\/v2\/product_tag?post=4414"}],"curies":[{"name":"wp","href":"https:\/\/api.w.org\/{rel}","templated":true}]}}