{"id":4660,"date":"2024-08-17T18:19:45","date_gmt":"2024-08-17T17:19:45","guid":{"rendered":"https:\/\/poppersareus.com\/poppers\/iron-fist-10ml\/"},"modified":"2025-12-03T12:58:11","modified_gmt":"2025-12-03T12:58:11","slug":"iron-fist-10ml","status":"publish","type":"product","link":"https:\/\/poppersareus.com\/es\/poppers\/iron-fist-10ml\/","title":{"rendered":"Iron Fist 10ml"},"content":{"rendered":"<h2>Poppers Iron Fist 10ml<\/h2>\n<p> Iron Fist 10ml es un aroma potente y altamente efectivo, especialmente formulado para proporcionar una experiencia intensa y duradera. Este producto contiene nitrito de amilo, un compuesto qu\u00edmico conocido por sus propiedades euf\u00f3ricas y relajantes inmediatas. La botella de 10ml es perfecta para quienes buscan un aroma potente en peque\u00f1as dosis, garantizando una experiencia surrealista. El nitrito de amilo presente en Iron Fist 10 ml ha sido cuidadosamente seleccionado para garantizar la m\u00e1xima eficacia. La f\u00f3rmula est\u00e1 dise\u00f1ada para usuarios que buscan un efecto r\u00e1pido y llamativo, siendo ideal para momentos en los que la intensidad es fundamental. A pesar de su tama\u00f1o compacto, Iron Fist 10ml no compromete la potencia, lo que garantiza que cada uso proporcione una experiencia intensa y atractiva. Esta caracter\u00edstica hace de este aroma una elecci\u00f3n popular entre quienes valoran la intensidad y la eficacia. El envase de 10ml de Iron Fist es discreto y pr\u00e1ctico, lo que facilita su transporte y uso en cualquier lugar. La botella de aluminio es compacta y elegante, lo que te permite llevarla contigo sin llamar la atenci\u00f3n no deseada. Ya sea para salir por la noche o cuando necesitas un r\u00e1pido impulso de intensidad, Iron Fist 10ml ofrece la comodidad de un formato port\u00e1til sin sacrificar la potencia. La combinaci\u00f3n de una f\u00f3rmula potente, con un pr\u00e1ctico envase, hace que este producto sea muy atractivo. Este aroma es especialmente adecuado para quienes buscan una experiencia m\u00e1s fuerte y distinta. Iron Fist 10ml fue formulado para proporcionar un efecto potente e inmediato, lo que lo convierte en una excelente opci\u00f3n tanto para usuarios experimentados como para aquellos que desean explorar nuevas sensaciones. Independientemente de la ocasi\u00f3n, este producto garantiza una experiencia poderosa y atractiva, adapt\u00e1ndose a diferentes contextos y necesidades. <\/p>\n<h3>Composici\u00f3n de Iron Fist 10ml<\/h3>\n<p> Nitrito de amilo (CAS: 110-46-3) (CE: 203-770-8), 3-metilbutan-1-ol (CAS: 123-51-3) (CE: 204-633-5) &nbsp;<\/p>\n","protected":false},"excerpt":{"rendered":"<ul>\n<li>Nitrito de amilo.<\/li>\n<li>Aroma potente y altamente efectivo.<\/li>\n<li>Frasco compacto y discreto de 10ml, f\u00e1cil de transportar.<\/li>\n<li>Experiencia fuerte y atractiva.<\/li>\n<li>Pr\u00e1ctica y elegante botella de aluminio.<\/li>\n<li>Perfecto para realzar cualquier ocasi\u00f3n.<\/li>\n<\/ul>\n","protected":false},"featured_media":4658,"comment_status":"open","ping_status":"closed","template":"","meta":{"neve_meta_sidebar":"","neve_meta_container":"","neve_meta_enable_content_width":"off","neve_meta_content_width":100,"neve_meta_title_alignment":"","neve_meta_author_avatar":"","neve_post_elements_order":"","neve_meta_disable_header":"","neve_meta_disable_footer":"","neve_meta_disable_title":"","neve_meta_reading_time":"","_themeisle_gutenberg_block_has_review":false,"neve_tabs_data":"","neve_override_tab_layout":""},"product_brand":[],"product_cat":[133,131],"product_tag":[],"class_list":{"0":"post-4660","1":"product","2":"type-product","3":"status-publish","4":"has-post-thumbnail","6":"product_cat-poppers-pequenos","7":"product_cat-poppers","9":"first","10":"instock","11":"taxable","12":"shipping-taxable","13":"purchasable","14":"product-type-simple"},"bundled_by":[],"bundle_stock_status":"instock","bundle_stock_quantity":8,"bundle_virtual":false,"bundle_layout":"","bundle_add_to_cart_form_location":"","bundle_editable_in_cart":false,"bundle_sold_individually_context":"","bundle_item_grouping":"","bundle_min_size":"","bundle_max_size":"","bundle_price":[],"bundled_items":[],"bundle_sell_ids":[],"_links":{"self":[{"href":"https:\/\/poppersareus.com\/es\/wp-json\/wp\/v2\/product\/4660","targetHints":{"allow":["GET"]}}],"collection":[{"href":"https:\/\/poppersareus.com\/es\/wp-json\/wp\/v2\/product"}],"about":[{"href":"https:\/\/poppersareus.com\/es\/wp-json\/wp\/v2\/types\/product"}],"replies":[{"embeddable":true,"href":"https:\/\/poppersareus.com\/es\/wp-json\/wp\/v2\/comments?post=4660"}],"wp:featuredmedia":[{"embeddable":true,"href":"https:\/\/poppersareus.com\/es\/wp-json\/wp\/v2\/media\/4658"}],"wp:attachment":[{"href":"https:\/\/poppersareus.com\/es\/wp-json\/wp\/v2\/media?parent=4660"}],"wp:term":[{"taxonomy":"product_brand","embeddable":true,"href":"https:\/\/poppersareus.com\/es\/wp-json\/wp\/v2\/product_brand?post=4660"},{"taxonomy":"product_cat","embeddable":true,"href":"https:\/\/poppersareus.com\/es\/wp-json\/wp\/v2\/product_cat?post=4660"},{"taxonomy":"product_tag","embeddable":true,"href":"https:\/\/poppersareus.com\/es\/wp-json\/wp\/v2\/product_tag?post=4660"}],"curies":[{"name":"wp","href":"https:\/\/api.w.org\/{rel}","templated":true}]}}