{"id":4662,"date":"2024-08-17T17:29:55","date_gmt":"2024-08-17T16:29:55","guid":{"rendered":"https:\/\/poppersareus.com\/poppers\/iron-fist-ultra-strong-10ml\/"},"modified":"2025-08-30T21:15:58","modified_gmt":"2025-08-30T20:15:58","slug":"iron-fist-ultra-strong-10ml","status":"publish","type":"product","link":"https:\/\/poppersareus.com\/es\/poppers\/iron-fist-ultra-strong-10ml\/","title":{"rendered":"Iron Fist Ultra Strong 10ml"},"content":{"rendered":"<h2>Poppers Iron Fist Ultra Strong 10ml<\/h2>\n<div class=\"flex-shrink-0 flex flex-col relative items-end\">\n<div>\n<div class=\"pt-0\">\n<div class=\"gizmo-bot-avatar flex h-8 w-8 items-center justify-center overflow-hidden rounded-full\">\n<div class=\"relative p-1 rounded-sm flex items-center justify-center bg-token-main-surface-primary text-token-text-primary h-8 w-8\"> Iron Fist Ultra Strong 10ml es un aroma potente y concentrado dise\u00f1ado para proporcionar una experiencia intensa y memorable. Este producto est\u00e1 compuesto de nitrito de pentilo, un ingrediente activo conocido por provocar una sensaci\u00f3n inmediata de euforia y relajaci\u00f3n. Con una botella compacta de 10 ml, Iron Fist Ultra Strong es ideal para quienes buscan potencia en peque\u00f1as dosis, ofreciendo una experiencia robusta y de alta intensidad. El nitrito de pentilo de Iron Fist Ultra Strong est\u00e1 especialmente formulado para garantizar que cada uso sea eficaz e instant\u00e1neo. Su f\u00f3rmula Ultra Strong est\u00e1 dirigida a usuarios que buscan un efecto r\u00e1pido y llamativo, siendo ideal para momentos en los que la intensidad es fundamental. A pesar de su peque\u00f1o tama\u00f1o, el frasco de 10 ml contiene una f\u00f3rmula concentrada que no decepciona en t\u00e9rminos de potencia, lo que garantiza que cada uso ofrezca una experiencia s\u00f3lida. El envase de Iron Fist Ultra Strong 10ml, en aluminio, es discreto y port\u00e1til, lo que facilita su transporte y uso en cualquier lugar. El dise\u00f1o compacto de la botella hace que sea f\u00e1cil de llevar contigo, ya sea para salir por la noche o para momentos en los que necesitas un r\u00e1pido impulso de intensidad. El tama\u00f1o peque\u00f1o no compromete la potencia, lo que hace de este producto una opci\u00f3n popular entre quienes valoran la eficacia y la conveniencia en un solo frasco. Iron Fist Ultra Strong 10ml es una potente elecci\u00f3n para quienes quieren intensificar sus sensaciones con un aroma fuerte y eficaz. Ya sea para realzar momentos especiales o para garantizar una experiencia intensa en cualquier lugar, Iron Fist Ultra Strong ofrece todo lo que necesitas. <\/p>\n<h3>Composici\u00f3n de Iron Fist Ultra Strong 10ml<\/h3>\n<\/div>\n<\/div>\n<\/div>\n<\/div>\n<\/div>\n<p> Nitrito de pentilo (CAS: 463-04-7) (CE: 207-332-7), pentan-1-ol (CAS: 71-41-0) (CE: 200-752-1)<\/p>\n","protected":false},"excerpt":{"rendered":"<ul>\n<li>Aroma potente y concentrado con nitrito de pentilo.<\/li>\n<li>F\u00f3rmula ultra fuerte para un efecto r\u00e1pido y notable.<\/li>\n<li>Botella compacta y port\u00e1til de 10ml.<\/li>\n<li>Ideal para quienes buscan potencia en peque\u00f1as dosis.<\/li>\n<li>Embalaje discreto y f\u00e1cil de transportar.<\/li>\n<li>Perfecto para intensificar las sensaciones en cualquier lugar<\/li>\n<\/ul>\n","protected":false},"featured_media":4649,"comment_status":"open","ping_status":"closed","template":"","meta":{"neve_meta_sidebar":"","neve_meta_container":"","neve_meta_enable_content_width":"off","neve_meta_content_width":100,"neve_meta_title_alignment":"","neve_meta_author_avatar":"","neve_post_elements_order":"","neve_meta_disable_header":"","neve_meta_disable_footer":"","neve_meta_disable_title":"","neve_meta_reading_time":"","_themeisle_gutenberg_block_has_review":false,"neve_tabs_data":"","neve_override_tab_layout":""},"product_brand":[],"product_cat":[131,133],"product_tag":[],"class_list":{"0":"post-4662","1":"product","2":"type-product","3":"status-publish","4":"has-post-thumbnail","6":"product_cat-poppers","7":"product_cat-poppers-pequenos","9":"first","10":"instock","11":"taxable","12":"shipping-taxable","13":"purchasable","14":"product-type-simple"},"bundled_by":[],"bundle_stock_status":"instock","bundle_stock_quantity":18,"bundle_virtual":false,"bundle_layout":"","bundle_add_to_cart_form_location":"","bundle_editable_in_cart":false,"bundle_sold_individually_context":"","bundle_item_grouping":"","bundle_min_size":"","bundle_max_size":"","bundle_price":[],"bundled_items":[],"bundle_sell_ids":[],"_links":{"self":[{"href":"https:\/\/poppersareus.com\/es\/wp-json\/wp\/v2\/product\/4662","targetHints":{"allow":["GET"]}}],"collection":[{"href":"https:\/\/poppersareus.com\/es\/wp-json\/wp\/v2\/product"}],"about":[{"href":"https:\/\/poppersareus.com\/es\/wp-json\/wp\/v2\/types\/product"}],"replies":[{"embeddable":true,"href":"https:\/\/poppersareus.com\/es\/wp-json\/wp\/v2\/comments?post=4662"}],"wp:featuredmedia":[{"embeddable":true,"href":"https:\/\/poppersareus.com\/es\/wp-json\/wp\/v2\/media\/4649"}],"wp:attachment":[{"href":"https:\/\/poppersareus.com\/es\/wp-json\/wp\/v2\/media?parent=4662"}],"wp:term":[{"taxonomy":"product_brand","embeddable":true,"href":"https:\/\/poppersareus.com\/es\/wp-json\/wp\/v2\/product_brand?post=4662"},{"taxonomy":"product_cat","embeddable":true,"href":"https:\/\/poppersareus.com\/es\/wp-json\/wp\/v2\/product_cat?post=4662"},{"taxonomy":"product_tag","embeddable":true,"href":"https:\/\/poppersareus.com\/es\/wp-json\/wp\/v2\/product_tag?post=4662"}],"curies":[{"name":"wp","href":"https:\/\/api.w.org\/{rel}","templated":true}]}}