{"id":4664,"date":"2024-08-17T15:57:29","date_gmt":"2024-08-17T14:57:29","guid":{"rendered":"https:\/\/poppersareus.com\/poppers\/jungle-juice-plus-extreme-formula-30ml\/"},"modified":"2026-02-03T13:36:29","modified_gmt":"2026-02-03T13:36:29","slug":"jungle-juice-plus-extreme-formula-30ml","status":"publish","type":"product","link":"https:\/\/poppersareus.com\/es\/poppers\/jungle-juice-plus-extreme-formula-30ml\/","title":{"rendered":"Jungle Juice Plus Extreme Formula 30ml"},"content":{"rendered":"<h2>Poppers Jungle Juice Plus Extreme Formula 30ml<\/h2>\n<div class=\"flex-shrink-0 flex flex-col relative items-end\">\n<div>\n<div class=\"pt-0\">\n<div class=\"gizmo-bot-avatar flex h-8 w-8 items-center justify-center overflow-hidden rounded-full\"><\/div>\n<\/div>\n<\/div>\n<\/div>\n<div class=\"group\/conversation-turn relative flex w-full min-w-0 flex-col agent-turn\">\n<div class=\"flex-col gap-1 md:gap-3\">\n<div class=\"flex max-w-full flex-col flex-grow\">\n<div class=\"min-h-[20px] text-message flex w-full flex-col items-end gap-2 whitespace-pre-wrap break-words [.text-message+&amp;]:mt-5 overflow-x-auto\" dir=\"auto\" data-message-author-role=\"assistant\" data-message-id=\"6317f0d6-e972-498c-9553-833496780b84\">\n<div class=\"flex w-full flex-col gap-1 empty:hidden first:pt-[3px]\">\n<p class=\"p1\">Jungle Juice Plus Extreme Formula 30ml es una versi\u00f3n mejorada de uno de los aromas m\u00e1s populares del mercado, creada para quienes buscan experiencias a\u00fan m\u00e1s intensas. Este producto, ampliamente reconocido por su potencia, est\u00e1 compuesto por nitrito de pentilo, un ingrediente activo que proporciona sensaci\u00f3n de euforia y relajaci\u00f3n, intensificando las sensaciones y aumentando el placer.<\/p>\n<p class=\"p1\">Con un mayor volumen de 30ml, Jungle Juice Plus Extreme Formula es ideal para quienes desean un producto que dure m\u00e1s tiempo, sin perder su efectividad. La botella m\u00e1s grande tambi\u00e9n es conveniente para compartir en momentos sociales o \u00edntimos, asegurando que no falte intensidad cuando m\u00e1s la necesitas.<\/p>\n<p> La f\u00f3rmula mejorada fue desarrollada para proporcionar un efecto m\u00e1s potente y duradero, lo que convierte a esta fragancia en una opci\u00f3n popular entre los entusiastas que buscan una experiencia m\u00e1s fuerte.<\/p>\n<p class=\"p1\">Jungle Juice Plus Extreme Formula es especialmente apreciado en contextos donde se desea intensidad, ya sea en eventos sociales o momentos m\u00e1s personales. Este efecto es especialmente \u00fatil en momentos de cercan\u00eda, donde la relajaci\u00f3n puede contribuir a una experiencia m\u00e1s satisfactoria.<\/p>\n<p class=\"p1\">En definitiva, Jungle Juice Plus Extreme Formula 30ml es la opci\u00f3n ideal para quienes buscan llevar sus experiencias sensoriales a un nivel superior. Su potente f\u00f3rmula y su mayor formato hacen de este producto el favorito entre quienes quieren explorar nuevas dimensiones e intensidades. Ya sea para una ocasi\u00f3n especial o para tu vida cotidiana, este aroma ofrece una experiencia poderosa e inolvidable, cumpliendo la promesa de brindar momentos de pura euforia y relajaci\u00f3n.<\/p>\n<\/div>\n<\/div>\n<\/div>\n<\/div>\n<\/div>\n<h3>Composici\u00f3n de Jungle Juice Plus Extreme Formula 30ml<\/h3>\n<p> Nitrito de pentilo (CAS: 463-04-7) (CE: 207-332-7), pentan-1-ol (CAS: 71-41-0) (CE: 200-752-1), 2-metilbutan-1 -ol (CAS: 137-32-6) (CE: 205-289-9)<\/p>\n","protected":false},"excerpt":{"rendered":"<ul>\n<li>Nitrito de pentilo para un efecto m\u00e1ximo.<\/li>\n<li>Aroma potente, que eleva tus sensaciones a nuevas alturas.<\/li>\n<li>Botella de 30ml, perfecta para compartir.<\/li>\n<li>Euforia intensa, relajaci\u00f3n profunda y sensaciones amplificadas.<\/li>\n<li>Momentos especiales y experiencias \u00edntimas con extra intensidad.<\/li>\n<li>F\u00f3rmula avanzada para un impacto duradero e inolvidable.<\/li>\n<\/ul>\n","protected":false},"featured_media":4639,"comment_status":"open","ping_status":"closed","template":"","meta":{"neve_meta_sidebar":"","neve_meta_container":"","neve_meta_enable_content_width":"off","neve_meta_content_width":100,"neve_meta_title_alignment":"","neve_meta_author_avatar":"","neve_post_elements_order":"","neve_meta_disable_header":"","neve_meta_disable_footer":"","neve_meta_disable_title":"","neve_meta_reading_time":"","_themeisle_gutenberg_block_has_review":false,"neve_tabs_data":"","neve_override_tab_layout":""},"product_brand":[152,151],"product_cat":[131,134],"product_tag":[159],"class_list":{"0":"post-4664","1":"product","2":"type-product","3":"status-publish","4":"has-post-thumbnail","6":"product_brand-jungle-juice","7":"product_brand-lockerroom","8":"product_cat-poppers","9":"product_cat-poppers-grandes","10":"product_tag-black-friday","12":"first","13":"instock","14":"taxable","15":"shipping-taxable","16":"purchasable","17":"product-type-simple"},"bundled_by":[],"bundle_stock_status":"instock","bundle_stock_quantity":2,"bundle_virtual":false,"bundle_layout":"","bundle_add_to_cart_form_location":"","bundle_editable_in_cart":false,"bundle_sold_individually_context":"","bundle_item_grouping":"","bundle_min_size":"","bundle_max_size":"","bundle_price":[],"bundled_items":[],"bundle_sell_ids":[],"_links":{"self":[{"href":"https:\/\/poppersareus.com\/es\/wp-json\/wp\/v2\/product\/4664","targetHints":{"allow":["GET"]}}],"collection":[{"href":"https:\/\/poppersareus.com\/es\/wp-json\/wp\/v2\/product"}],"about":[{"href":"https:\/\/poppersareus.com\/es\/wp-json\/wp\/v2\/types\/product"}],"replies":[{"embeddable":true,"href":"https:\/\/poppersareus.com\/es\/wp-json\/wp\/v2\/comments?post=4664"}],"wp:featuredmedia":[{"embeddable":true,"href":"https:\/\/poppersareus.com\/es\/wp-json\/wp\/v2\/media\/4639"}],"wp:attachment":[{"href":"https:\/\/poppersareus.com\/es\/wp-json\/wp\/v2\/media?parent=4664"}],"wp:term":[{"taxonomy":"product_brand","embeddable":true,"href":"https:\/\/poppersareus.com\/es\/wp-json\/wp\/v2\/product_brand?post=4664"},{"taxonomy":"product_cat","embeddable":true,"href":"https:\/\/poppersareus.com\/es\/wp-json\/wp\/v2\/product_cat?post=4664"},{"taxonomy":"product_tag","embeddable":true,"href":"https:\/\/poppersareus.com\/es\/wp-json\/wp\/v2\/product_tag?post=4664"}],"curies":[{"name":"wp","href":"https:\/\/api.w.org\/{rel}","templated":true}]}}