{"id":4740,"date":"2024-08-20T15:24:18","date_gmt":"2024-08-20T14:24:18","guid":{"rendered":"https:\/\/poppersareus.com\/poppers\/republik-the-mix-24ml\/"},"modified":"2025-11-02T08:50:29","modified_gmt":"2025-11-02T08:50:29","slug":"republik-the-mix-24ml","status":"publish","type":"product","link":"https:\/\/poppersareus.com\/es\/poppers\/republik-the-mix-24ml\/","title":{"rendered":"Republik The Mix 24ml"},"content":{"rendered":"<h2>Poppers Republik The Mix 24ml<\/h2>\n<div class=\"flex-shrink-0 flex flex-col relative items-end\">\n<div class=\"pt-0\">\n<div class=\"gizmo-bot-avatar flex h-8 w-8 items-center justify-center overflow-hidden rounded-full\">\n<div class=\"relative p-1 rounded-sm flex items-center justify-center bg-token-main-surface-primary text-token-text-primary h-8 w-8\">\n<p>\u00a1Te presentamos los nuevos poppers que est\u00e1n revolucionando el mercado! Con una f\u00f3rmula \u00fanica que combina nitrito de isopropilo y nitrito de amilo, este producto fue creado para brindarte una experiencia incomparable. Si buscas intensidad y un efecto duradero, Republik The Mix es la opci\u00f3n ideal. Con 24 ml de pura potencia, este frasco ofrece una dosis generosa para cualquier ocasi\u00f3n especial. El dise\u00f1o elegante y moderno no solo garantiza eficacia, sino que tambi\u00e9n hace que quieras tenerlo siempre contigo. La innovadora combinaci\u00f3n de sus ingredientes eleva las sensaciones a nuevos niveles, haciendo que cada momento sea inolvidable. \u00bfPor qu\u00e9 elegir este producto? \u00a1Porque es la elecci\u00f3n perfecta para quienes exigen lo mejor! Ideal para quienes buscan algo m\u00e1s intenso, m\u00e1s llamativo y memorable. La f\u00f3rmula ha sido cuidadosamente desarrollada para impresionar y dejar una marca duradera. No te conformes con menos: elige los poppers que conquistar\u00e1n a todos. Este producto va m\u00e1s all\u00e1 de un simple aroma; Es una experiencia premium que transforma cualquier situaci\u00f3n en algo extraordinario. Su f\u00f3rmula equilibrada y de alta calidad garantiza eficacia y potencia en cada uso. No pierdas la oportunidad de probar este lanzamiento que promete cambiar el juego. \u00a1C\u00f3mpralo ahora y prep\u00e1rate para sorprenderte! Tambi\u00e9n disponible en frasco peque\u00f1o: <a href=\"https:\/\/poppersareus.com\/es\/poppers\/republik-the-mix-10ml\/\">Republik The Mix 10ml<\/a>  <\/p>\n<\/div>\n<\/div>\n<\/div>\n<\/div>\n<h3>Composici\u00f3n de Republik The Mix 24ml<\/h3>\n<p>Nitrito de isopropilo (CAS: 541-42-4) (CE: 208-779-0), propan-2-ol (CAS: 67-63-0) (CE: 200-661-7), nitrito de amilo (CAS: 110-46-3) (CE: 203-770-8), 3-metilbutan-1-ol (CAS: 123-51-3) (CE: 204-633-5)<\/p>\n","protected":false},"excerpt":{"rendered":"<ul>\n<li>Revolucionario.<\/li>\n<li>Potente f\u00f3rmula de isopropilo y amilo.<\/li>\n<li>24ml de pura intensidad.<\/li>\n<li>Ideal para sensaciones extraordinarias.<\/li>\n<li>Perfecto para cualquier ocasi\u00f3n.<\/li>\n<li>Para aquellos que exigen lo mejor y m\u00e1s fuerte.<\/li>\n<\/ul>\n","protected":false},"featured_media":4679,"comment_status":"open","ping_status":"closed","template":"","meta":{"neve_meta_sidebar":"","neve_meta_container":"","neve_meta_enable_content_width":"off","neve_meta_content_width":100,"neve_meta_title_alignment":"","neve_meta_author_avatar":"","neve_post_elements_order":"","neve_meta_disable_header":"","neve_meta_disable_footer":"","neve_meta_disable_title":"","neve_meta_reading_time":"","_themeisle_gutenberg_block_has_review":false,"neve_tabs_data":"","neve_override_tab_layout":""},"product_brand":[179],"product_cat":[134,131],"product_tag":[188],"class_list":{"0":"post-4740","1":"product","2":"type-product","3":"status-publish","4":"has-post-thumbnail","6":"product_brand-republik","7":"product_cat-poppers-grandes","8":"product_cat-poppers","9":"product_tag-ofertas","11":"first","12":"instock","13":"sale","14":"taxable","15":"shipping-taxable","16":"purchasable","17":"product-type-simple"},"bundled_by":[],"bundle_stock_status":"instock","bundle_stock_quantity":9,"bundle_virtual":false,"bundle_layout":"","bundle_add_to_cart_form_location":"","bundle_editable_in_cart":false,"bundle_sold_individually_context":"","bundle_item_grouping":"","bundle_min_size":"","bundle_max_size":"","bundle_price":[],"bundled_items":[],"bundle_sell_ids":[],"_links":{"self":[{"href":"https:\/\/poppersareus.com\/es\/wp-json\/wp\/v2\/product\/4740","targetHints":{"allow":["GET"]}}],"collection":[{"href":"https:\/\/poppersareus.com\/es\/wp-json\/wp\/v2\/product"}],"about":[{"href":"https:\/\/poppersareus.com\/es\/wp-json\/wp\/v2\/types\/product"}],"replies":[{"embeddable":true,"href":"https:\/\/poppersareus.com\/es\/wp-json\/wp\/v2\/comments?post=4740"}],"wp:featuredmedia":[{"embeddable":true,"href":"https:\/\/poppersareus.com\/es\/wp-json\/wp\/v2\/media\/4679"}],"wp:attachment":[{"href":"https:\/\/poppersareus.com\/es\/wp-json\/wp\/v2\/media?parent=4740"}],"wp:term":[{"taxonomy":"product_brand","embeddable":true,"href":"https:\/\/poppersareus.com\/es\/wp-json\/wp\/v2\/product_brand?post=4740"},{"taxonomy":"product_cat","embeddable":true,"href":"https:\/\/poppersareus.com\/es\/wp-json\/wp\/v2\/product_cat?post=4740"},{"taxonomy":"product_tag","embeddable":true,"href":"https:\/\/poppersareus.com\/es\/wp-json\/wp\/v2\/product_tag?post=4740"}],"curies":[{"name":"wp","href":"https:\/\/api.w.org\/{rel}","templated":true}]}}