{"id":4741,"date":"2024-08-20T17:30:31","date_gmt":"2024-08-20T16:30:31","guid":{"rendered":"https:\/\/poppersareus.com\/poppers\/republik-the-mix-10ml\/"},"modified":"2025-11-02T08:50:26","modified_gmt":"2025-11-02T08:50:26","slug":"republik-the-mix-10ml","status":"publish","type":"product","link":"https:\/\/poppersareus.com\/es\/poppers\/republik-the-mix-10ml\/","title":{"rendered":"Republik The Mix 10ml"},"content":{"rendered":"<h2>Poppers Republik The Mix 10ml<\/h2>\n<div class=\"flex-shrink-0 flex flex-col relative items-end\">\n<div class=\"pt-0\">\n<div class=\"gizmo-bot-avatar flex h-8 w-8 items-center justify-center overflow-hidden rounded-full\">\n<div class=\"relative p-1 rounded-sm flex items-center justify-center bg-token-main-surface-primary text-token-text-primary h-8 w-8\">\n<p>Descubre el poder de Republik The Mix 10ml, los poppers que est\u00e1n redefiniendo la intensidad. Con una f\u00f3rmula innovadora que combina nitrito de isopropilo y nitrito de amilo, este producto es perfecto para quienes buscan una experiencia fuerte y memorable. La mezcla equilibrada de ingredientes garantiza sensaciones amplificadas, lo que la hace ideal para momentos en los que necesitas algo m\u00e1s.<\/p>\n<p>Con 10 ml de potencia pura, este frasco compacto es f\u00e1cil de transportar y ofrece comodidad sin comprometer la eficacia. Ya sea para una ocasi\u00f3n especial o para elevar tu rutina, Republik The Mix 10ml es la opci\u00f3n ideal para intensificar cada momento.<\/p>\n<p>El dise\u00f1o discreto y moderno de la botella la hace pr\u00e1ctica y atractiva, asegurando que siempre tendr\u00e1s lo mejor contigo. No te conformes con menos: elige los poppers que est\u00e1n conquistando a todos. La combinaci\u00f3n de nitritos hace de este producto una opci\u00f3n de alta calidad, que brinda una experiencia premium que no querr\u00e1 perderse.<\/p>\n<p>Perfecto para quienes exigen lo mejor, Republik The Mix 10ml fue creado para impresionar desde el primer uso. C\u00f3mpralo ahora y descubre por qu\u00e9 estos poppers se han convertido en una opci\u00f3n tan popular entre quienes buscan algo realmente especial. Si quieres transformar cualquier situaci\u00f3n en una experiencia \u00fanica, Republik The Mix 10ml es la soluci\u00f3n adecuada para ti.<\/p>\n<p>Prep\u00e1rate para sorprenderte y llevar tus sensaciones a un nuevo nivel con este aroma de alta calidad. \u00a1No pierdas la oportunidad de probar este lanzamiento que promete marcar la diferencia!<\/p>\n<p>Tambi\u00e9n disponible en botella grande: <a href=\"https:\/\/poppersareus.com\/poppers\/republik-the-mix-24ml\/\">Republik The Mix 24ml<\/a><\/p>\n<\/div>\n<\/div>\n<\/div>\n<\/div>\n<h3>Composici\u00f3n de Republik The Mix 10ml<\/h3>\n<p>Nitrito de isopropilo (CAS: 541-42-4) (CE: 208-779-0), propan-2-ol (CAS: 67-63-0) (CE: 200-661-7), nitrito de amilo (CAS: 110-46-3) (CE: 203-770-8), 3-metilbutan-1-ol (CAS: 123-51-3) (CE: 204-633-5)<\/p>\n","protected":false},"excerpt":{"rendered":"<ul>\n<li>Potente f\u00f3rmula con nitrito de isopropilo y amilo.<\/li>\n<li>10ml de intensidad concentrada.<\/li>\n<li>Botella compacta y pr\u00e1ctica.<\/li>\n<li>Sensaciones amplificadas para momentos especiales.<\/li>\n<li>Dise\u00f1o discreto y moderno.<\/li>\n<li>Elecci\u00f3n popular para una experiencia premium.<\/li>\n<\/ul>\n","protected":false},"featured_media":4688,"comment_status":"open","ping_status":"closed","template":"","meta":{"neve_meta_sidebar":"","neve_meta_container":"","neve_meta_enable_content_width":"off","neve_meta_content_width":100,"neve_meta_title_alignment":"","neve_meta_author_avatar":"","neve_post_elements_order":"","neve_meta_disable_header":"","neve_meta_disable_footer":"","neve_meta_disable_title":"","neve_meta_reading_time":"","_themeisle_gutenberg_block_has_review":false,"neve_tabs_data":"","neve_override_tab_layout":""},"product_brand":[179],"product_cat":[133,131],"product_tag":[188],"class_list":{"0":"post-4741","1":"product","2":"type-product","3":"status-publish","4":"has-post-thumbnail","6":"product_brand-republik","7":"product_cat-poppers-pequenos","8":"product_cat-poppers","9":"product_tag-ofertas","11":"first","12":"instock","13":"sale","14":"taxable","15":"shipping-taxable","16":"purchasable","17":"product-type-simple"},"bundled_by":[],"bundle_stock_status":"instock","bundle_stock_quantity":13,"bundle_virtual":false,"bundle_layout":"","bundle_add_to_cart_form_location":"","bundle_editable_in_cart":false,"bundle_sold_individually_context":"","bundle_item_grouping":"","bundle_min_size":"","bundle_max_size":"","bundle_price":[],"bundled_items":[],"bundle_sell_ids":[],"_links":{"self":[{"href":"https:\/\/poppersareus.com\/es\/wp-json\/wp\/v2\/product\/4741","targetHints":{"allow":["GET"]}}],"collection":[{"href":"https:\/\/poppersareus.com\/es\/wp-json\/wp\/v2\/product"}],"about":[{"href":"https:\/\/poppersareus.com\/es\/wp-json\/wp\/v2\/types\/product"}],"replies":[{"embeddable":true,"href":"https:\/\/poppersareus.com\/es\/wp-json\/wp\/v2\/comments?post=4741"}],"wp:featuredmedia":[{"embeddable":true,"href":"https:\/\/poppersareus.com\/es\/wp-json\/wp\/v2\/media\/4688"}],"wp:attachment":[{"href":"https:\/\/poppersareus.com\/es\/wp-json\/wp\/v2\/media?parent=4741"}],"wp:term":[{"taxonomy":"product_brand","embeddable":true,"href":"https:\/\/poppersareus.com\/es\/wp-json\/wp\/v2\/product_brand?post=4741"},{"taxonomy":"product_cat","embeddable":true,"href":"https:\/\/poppersareus.com\/es\/wp-json\/wp\/v2\/product_cat?post=4741"},{"taxonomy":"product_tag","embeddable":true,"href":"https:\/\/poppersareus.com\/es\/wp-json\/wp\/v2\/product_tag?post=4741"}],"curies":[{"name":"wp","href":"https:\/\/api.w.org\/{rel}","templated":true}]}}