{"id":4742,"date":"2024-08-21T09:56:21","date_gmt":"2024-08-21T08:56:21","guid":{"rendered":"https:\/\/poppersareus.com\/poppers\/republik-big-fist-24ml\/"},"modified":"2025-11-02T08:50:22","modified_gmt":"2025-11-02T08:50:22","slug":"republik-big-fist-24ml","status":"publish","type":"product","link":"https:\/\/poppersareus.com\/es\/poppers\/republik-big-fist-24ml\/","title":{"rendered":"Republik Big Fist 24ml"},"content":{"rendered":"<h2>Poppers Republik Big Fist 24ml<\/h2>\n<div class=\"flex-shrink-0 flex flex-col relative items-end\">\n<div class=\"pt-0\">\n<div class=\"gizmo-bot-avatar flex h-8 w-8 items-center justify-center overflow-hidden rounded-full\">\n<div class=\"relative p-1 rounded-sm flex items-center justify-center bg-token-main-surface-primary text-token-text-primary h-8 w-8\">\n<p>Descubre la potencia de Republik Big Fist 24ml, los poppers que est\u00e1n causando sensaci\u00f3n entre los que buscan la m\u00e1xima intensidad. Con una f\u00f3rmula exclusiva a base de nitrito de amilo, este producto fue desarrollado para brindarte una experiencia profunda y total. La f\u00f3rmula amilo garantiza sensaciones intensas, lo que hace que este popper sea ideal para quienes no pueden conformarse con menos.<\/p>\n<p>La botella de 24ml es perfecta para compartir en ocasiones especiales. El dise\u00f1o de la botella es moderno y pr\u00e1ctico, permitiendo un manejo f\u00e1cil y discreto, est\u00e9s donde est\u00e9s. Este popper es ideal para elevar cualquier momento, transform\u00e1ndolo en una experiencia inolvidable.<\/p>\n<p>\u00bfPor qu\u00e9 elegir Republik Big Fist? Porque es la elecci\u00f3n perfecta para quienes exigen la m\u00e1xima intensidad y calidad. La f\u00f3rmula a base de amilo ha sido creada cuidadosamente para garantizar que cada uso sea efectivo y sorprendente, dejando una impresi\u00f3n fuera de este mundo. Este producto es perfecto para quienes buscan una experiencia \u00fanica.<\/p>\n<p>Republik Big Fist 24ml no es solo un popper: es una experiencia premium que transforma cualquier ocasi\u00f3n en algo extraordinario. Su f\u00f3rmula de alta calidad garantiza una experiencia poderosa e inmersiva. No pierdas la oportunidad de probar este producto que est\u00e1 conquistando a todos. \u00a1Consigue ya tu botella de Republik Big Fist 24ml y lleva tus sensaciones a un nuevo nivel!<\/p>\n<p>Este es el momento de descubrir por qu\u00e9 todo el mundo habla de Republik Big Fist. No te conformes con menos, opta por una experiencia que realmente marque la diferencia.<\/p>\n<\/div>\n<p>Disponible en botella peque\u00f1a: <a href=\"https:\/\/poppersareus.com\/es\/poppers\/republik-big-fist-10ml\/\">Republik Big Fist 10ml<\/a><\/p>\n<\/div>\n<\/div>\n<\/div>\n<h3>Composici\u00f3n de Republik Big Fist 24ml<\/h3>\n<p>Nitrito de amilo (CAS: 110-46-3) (CE: 203-770-8), 3-metilbutan-1-ol (CAS: 123-51-3) (CE: 204-633-5)<\/p>\n","protected":false},"excerpt":{"rendered":"<ul>\n<li>Potente f\u00f3rmula con nitrito de amilo.<\/li>\n<li>24ml intensidad m\u00e1xima<\/li>\n<li>Dise\u00f1o moderno y pr\u00e1ctico.<\/li>\n<li>Ideal para experiencias memorables.<\/li>\n<li>La elecci\u00f3n perfecta para quienes exigen calidad.<\/li>\n<\/ul>\n","protected":false},"featured_media":4694,"comment_status":"open","ping_status":"closed","template":"","meta":{"neve_meta_sidebar":"","neve_meta_container":"","neve_meta_enable_content_width":"off","neve_meta_content_width":100,"neve_meta_title_alignment":"","neve_meta_author_avatar":"","neve_post_elements_order":"","neve_meta_disable_header":"","neve_meta_disable_footer":"","neve_meta_disable_title":"","neve_meta_reading_time":"","_themeisle_gutenberg_block_has_review":false,"neve_tabs_data":"","neve_override_tab_layout":""},"product_brand":[179],"product_cat":[134,131],"product_tag":[188],"class_list":{"0":"post-4742","1":"product","2":"type-product","3":"status-publish","4":"has-post-thumbnail","6":"product_brand-republik","7":"product_cat-poppers-grandes","8":"product_cat-poppers","9":"product_tag-ofertas","11":"first","12":"instock","13":"sale","14":"taxable","15":"shipping-taxable","16":"purchasable","17":"product-type-simple"},"bundled_by":[],"bundle_stock_status":"instock","bundle_stock_quantity":8,"bundle_virtual":false,"bundle_layout":"","bundle_add_to_cart_form_location":"","bundle_editable_in_cart":false,"bundle_sold_individually_context":"","bundle_item_grouping":"","bundle_min_size":"","bundle_max_size":"","bundle_price":[],"bundled_items":[],"bundle_sell_ids":[],"_links":{"self":[{"href":"https:\/\/poppersareus.com\/es\/wp-json\/wp\/v2\/product\/4742","targetHints":{"allow":["GET"]}}],"collection":[{"href":"https:\/\/poppersareus.com\/es\/wp-json\/wp\/v2\/product"}],"about":[{"href":"https:\/\/poppersareus.com\/es\/wp-json\/wp\/v2\/types\/product"}],"replies":[{"embeddable":true,"href":"https:\/\/poppersareus.com\/es\/wp-json\/wp\/v2\/comments?post=4742"}],"wp:featuredmedia":[{"embeddable":true,"href":"https:\/\/poppersareus.com\/es\/wp-json\/wp\/v2\/media\/4694"}],"wp:attachment":[{"href":"https:\/\/poppersareus.com\/es\/wp-json\/wp\/v2\/media?parent=4742"}],"wp:term":[{"taxonomy":"product_brand","embeddable":true,"href":"https:\/\/poppersareus.com\/es\/wp-json\/wp\/v2\/product_brand?post=4742"},{"taxonomy":"product_cat","embeddable":true,"href":"https:\/\/poppersareus.com\/es\/wp-json\/wp\/v2\/product_cat?post=4742"},{"taxonomy":"product_tag","embeddable":true,"href":"https:\/\/poppersareus.com\/es\/wp-json\/wp\/v2\/product_tag?post=4742"}],"curies":[{"name":"wp","href":"https:\/\/api.w.org\/{rel}","templated":true}]}}