{"id":4751,"date":"2024-08-21T16:08:00","date_gmt":"2024-08-21T15:08:00","guid":{"rendered":"https:\/\/poppersareus.com\/poppers\/republik-ultra-strong-24ml\/"},"modified":"2025-11-02T08:50:15","modified_gmt":"2025-11-02T08:50:15","slug":"republik-ultra-strong-24ml","status":"publish","type":"product","link":"https:\/\/poppersareus.com\/es\/poppers\/republik-ultra-strong-24ml\/","title":{"rendered":"Republik Ultra Strong 24ml"},"content":{"rendered":"<h2>Poppers Republik Ultra Strong 24ml<\/h2>\n<div class=\"flex-shrink-0 flex flex-col relative items-end\">\n<div class=\"pt-0\">\n<div class=\"gizmo-bot-avatar flex h-8 w-8 items-center justify-center overflow-hidden rounded-full\">\n<div class=\"relative p-1 rounded-sm flex items-center justify-center bg-token-main-surface-primary text-token-text-primary h-8 w-8\">\n<p>Descubre Republik Ultra Strong 24ml, los poppers que revolucionaron tu experiencia sensorial. Creado con una f\u00f3rmula ultrapotente a base de nitrito de pentilo, este producto es lo que necesitas para llevar tus sensaciones a un nuevo nivel. Si buscas intensidad pura y duradera, Republik Ultra Strong es la elecci\u00f3n que te sorprender\u00e1.<\/p>\n<p>Con 24 ml de puro poder, esta botella es ideal para quienes no pueden conformarse con menos. El dise\u00f1o sofisticado y f\u00e1cil de usar significa que puedes llevarlo contigo a cualquier lugar, asegur\u00e1ndote de estar siempre preparado para momentos inolvidables. Estos son los poppers que transformar\u00e1n cualquier ocasi\u00f3n en algo extraordinario.<\/p>\n<p>La f\u00f3rmula exclusiva de Republik Ultra Strong fue desarrollada para brindar un efecto inmediato y duradero, asegurando que cada uso te deje completamente impresionado. Esta no es una fragancia m\u00e1s: es una experiencia intensa y sorprendente, perfecta para quienes desean lo mejor en t\u00e9rminos de calidad y potencia.<\/p>\n<p>\u00bfPor qu\u00e9 elegir Republik Ultra Strong? Porque son los poppers que todo el mundo quiere. Su f\u00f3rmula de alta calidad garantiza un impacto inigualable, lo que lo hace indispensable para quienes buscan sensaciones fuertes y duraderas. Cada gota ha sido cuidadosamente formulada para ofrecerte una experiencia de primer nivel, dej\u00e1ndote siempre con ganas de m\u00e1s.<\/p>\n<p>No pierdas la oportunidad de probar Republik Ultra Fuerte 24ml. Compra ahora este poppers que se est\u00e1 conquistando a todo aquel que exige lo mejor. D\u00e9jate sumergir en una experiencia sensorial \u00fanica y eleva tus sensaciones con el producto que promete no decepcionarte. Este es el momento de deleitarse con la intensidad que s\u00f3lo Republik Ultra Strong puede ofrecer.<\/p>\n<\/div>\n<p>Disponible en botella peque\u00f1a: <a href=\"https:\/\/poppersareus.com\/es\/poppers\/republik-ultra-strong-10ml\/\">Republik Ultra Strong 10ml<\/a><\/p>\n<\/div>\n<\/div>\n<\/div>\n<h3>Composici\u00f3n de Republik Ultra Strong 24ml<\/h3>\n<p>Nitrito de pentilo (CAS: 463-04-7) (CE: 207-332-7), 3-metilbutan-1-ol (CAS: 123-51-3) (CE: 204-633-5)<\/p>\n","protected":false},"excerpt":{"rendered":"<ul>\n<li>Potente f\u00f3rmula con nitrito de pentilo.<\/li>\n<li>Dise\u00f1o sofisticado y pr\u00e1ctico.<\/li>\n<li>Efecto inmediato y duradero<\/li>\n<li>Ideal para experiencias memorables.<\/li>\n<\/ul>\n","protected":false},"featured_media":4701,"comment_status":"open","ping_status":"closed","template":"","meta":{"neve_meta_sidebar":"","neve_meta_container":"","neve_meta_enable_content_width":"off","neve_meta_content_width":100,"neve_meta_title_alignment":"","neve_meta_author_avatar":"","neve_post_elements_order":"","neve_meta_disable_header":"","neve_meta_disable_footer":"","neve_meta_disable_title":"","neve_meta_reading_time":"","_themeisle_gutenberg_block_has_review":false,"neve_tabs_data":"","neve_override_tab_layout":""},"product_brand":[179],"product_cat":[134,131],"product_tag":[188],"class_list":{"0":"post-4751","1":"product","2":"type-product","3":"status-publish","4":"has-post-thumbnail","6":"product_brand-republik","7":"product_cat-poppers-grandes","8":"product_cat-poppers","9":"product_tag-ofertas","11":"first","12":"instock","13":"sale","14":"taxable","15":"shipping-taxable","16":"purchasable","17":"product-type-simple"},"bundled_by":[],"bundle_stock_status":"instock","bundle_stock_quantity":16,"bundle_virtual":false,"bundle_layout":"","bundle_add_to_cart_form_location":"","bundle_editable_in_cart":false,"bundle_sold_individually_context":"","bundle_item_grouping":"","bundle_min_size":"","bundle_max_size":"","bundle_price":[],"bundled_items":[],"bundle_sell_ids":[],"_links":{"self":[{"href":"https:\/\/poppersareus.com\/es\/wp-json\/wp\/v2\/product\/4751","targetHints":{"allow":["GET"]}}],"collection":[{"href":"https:\/\/poppersareus.com\/es\/wp-json\/wp\/v2\/product"}],"about":[{"href":"https:\/\/poppersareus.com\/es\/wp-json\/wp\/v2\/types\/product"}],"replies":[{"embeddable":true,"href":"https:\/\/poppersareus.com\/es\/wp-json\/wp\/v2\/comments?post=4751"}],"wp:featuredmedia":[{"embeddable":true,"href":"https:\/\/poppersareus.com\/es\/wp-json\/wp\/v2\/media\/4701"}],"wp:attachment":[{"href":"https:\/\/poppersareus.com\/es\/wp-json\/wp\/v2\/media?parent=4751"}],"wp:term":[{"taxonomy":"product_brand","embeddable":true,"href":"https:\/\/poppersareus.com\/es\/wp-json\/wp\/v2\/product_brand?post=4751"},{"taxonomy":"product_cat","embeddable":true,"href":"https:\/\/poppersareus.com\/es\/wp-json\/wp\/v2\/product_cat?post=4751"},{"taxonomy":"product_tag","embeddable":true,"href":"https:\/\/poppersareus.com\/es\/wp-json\/wp\/v2\/product_tag?post=4751"}],"curies":[{"name":"wp","href":"https:\/\/api.w.org\/{rel}","templated":true}]}}