{"id":4757,"date":"2024-08-22T09:08:28","date_gmt":"2024-08-22T08:08:28","guid":{"rendered":"https:\/\/poppersareus.com\/poppers\/republik-yellow-24ml\/"},"modified":"2025-11-02T08:50:00","modified_gmt":"2025-11-02T08:50:00","slug":"republik-yellow-24ml","status":"publish","type":"product","link":"https:\/\/poppersareus.com\/es\/poppers\/republik-yellow-24ml\/","title":{"rendered":"Republik Yellow 24ml"},"content":{"rendered":"<h2>Poppers Republik Yellow 24ml<\/h2>\n<p>Republik Yellow 24ml es un producto que combina frescura e intensidad, ideal para quienes buscan algo diferente y de alta calidad. Con una f\u00f3rmula a base de nitrito de isopropilo, este popper brinda una experiencia revitalizante y duradera, perfecta para quienes valoran resultados inmediatos y consistentes. <\/p>\n<p class=\"relative p-1 rounded-sm flex items-center justify-center bg-token-main-surface-primary text-token-text-primary h-8 w-8\">Con un moderno frasco de 24ml, Republik Yellow ofrece m\u00faltiples usos manteniendo siempre la misma potencia desde el primer hasta el \u00faltimo uso. Este producto es la opci\u00f3n ideal para quienes desean un aroma confiable, con el toque innovador que la marca Republik garantiza en todos sus productos. <\/p>\n<p class=\"relative p-1 rounded-sm flex items-center justify-center bg-token-main-surface-primary text-token-text-primary h-8 w-8\">Elegir Republik Yellow 24ml significa elegir un producto que destaca por su capacidad de ofrecer una experiencia intensa y refrescante. Es el aliado perfecto para quienes no renuncian a la calidad y buscan siempre lo mejor. Prueba Republik Yellow y siente la diferencia que puede hacer este aroma.  <\/p>\n<h3>Composici\u00f3n de Republik Yellow 24ml<\/h3>\n<p>Nitrito de isopropilo (CAS: 541-42-4) (EC: 208-779-0), Propan-2-ol (CAS: 67-63-0) (EC: 200-661-7)<\/p>\n","protected":false},"excerpt":{"rendered":"<ul>\n<li>Aroma fresco e intenso<\/li>\n<li>F\u00f3rmula a base de nitrito de isopropilo<\/li>\n<li>Botella generosa de 24 ml.<\/li>\n<li>Ideal para m\u00faltiples usos<\/li>\n<li>Calidad e innovaci\u00f3n de la marca Republik<\/li>\n<\/ul>\n","protected":false},"featured_media":4718,"comment_status":"open","ping_status":"closed","template":"","meta":{"neve_meta_sidebar":"","neve_meta_container":"","neve_meta_enable_content_width":"off","neve_meta_content_width":100,"neve_meta_title_alignment":"","neve_meta_author_avatar":"","neve_post_elements_order":"","neve_meta_disable_header":"","neve_meta_disable_footer":"","neve_meta_disable_title":"","neve_meta_reading_time":"","_themeisle_gutenberg_block_has_review":false,"neve_tabs_data":"","neve_override_tab_layout":""},"product_brand":[179],"product_cat":[134,131],"product_tag":[188],"class_list":{"0":"post-4757","1":"product","2":"type-product","3":"status-publish","4":"has-post-thumbnail","6":"product_brand-republik","7":"product_cat-poppers-grandes","8":"product_cat-poppers","9":"product_tag-ofertas","11":"first","12":"instock","13":"sale","14":"taxable","15":"shipping-taxable","16":"purchasable","17":"product-type-simple"},"bundled_by":[],"bundle_stock_status":"instock","bundle_stock_quantity":17,"bundle_virtual":false,"bundle_layout":"","bundle_add_to_cart_form_location":"","bundle_editable_in_cart":false,"bundle_sold_individually_context":"","bundle_item_grouping":"","bundle_min_size":"","bundle_max_size":"","bundle_price":[],"bundled_items":[],"bundle_sell_ids":[],"_links":{"self":[{"href":"https:\/\/poppersareus.com\/es\/wp-json\/wp\/v2\/product\/4757","targetHints":{"allow":["GET"]}}],"collection":[{"href":"https:\/\/poppersareus.com\/es\/wp-json\/wp\/v2\/product"}],"about":[{"href":"https:\/\/poppersareus.com\/es\/wp-json\/wp\/v2\/types\/product"}],"replies":[{"embeddable":true,"href":"https:\/\/poppersareus.com\/es\/wp-json\/wp\/v2\/comments?post=4757"}],"wp:featuredmedia":[{"embeddable":true,"href":"https:\/\/poppersareus.com\/es\/wp-json\/wp\/v2\/media\/4718"}],"wp:attachment":[{"href":"https:\/\/poppersareus.com\/es\/wp-json\/wp\/v2\/media?parent=4757"}],"wp:term":[{"taxonomy":"product_brand","embeddable":true,"href":"https:\/\/poppersareus.com\/es\/wp-json\/wp\/v2\/product_brand?post=4757"},{"taxonomy":"product_cat","embeddable":true,"href":"https:\/\/poppersareus.com\/es\/wp-json\/wp\/v2\/product_cat?post=4757"},{"taxonomy":"product_tag","embeddable":true,"href":"https:\/\/poppersareus.com\/es\/wp-json\/wp\/v2\/product_tag?post=4757"}],"curies":[{"name":"wp","href":"https:\/\/api.w.org\/{rel}","templated":true}]}}