{"id":4844,"date":"2024-09-18T10:46:14","date_gmt":"2024-09-18T09:46:14","guid":{"rendered":"https:\/\/poppersareus.com\/poppers\/taiwan-blue-15ml\/"},"modified":"2026-03-30T22:08:34","modified_gmt":"2026-03-30T21:08:34","slug":"taiwan-blue-15ml","status":"publish","type":"product","link":"https:\/\/poppersareus.com\/es\/poppers\/taiwan-blue-15ml\/","title":{"rendered":"Taiwan Blue 15ml"},"content":{"rendered":"<h2>Poppers Taiwan Blue 15ml<\/h2>\n<p class=\"p1\">Si buscas una experiencia intensa y diferenciada, Taiwan Blue 15ml es la elecci\u00f3n correcta. Fabricado por la prestigiosa marca Lockerroom, este popper destaca por su potente f\u00f3rmula con nitrito de pentilo, proporcion\u00e1ndote sensaciones \u00fanicas y duraderas. Con un solo uso, sentir\u00e1s que te invade una oleada de desinhibici\u00f3n y placer.  <\/p>\n<p class=\"p1\">La botella compacta de 15ml es discreta y f\u00e1cil de transportar, permiti\u00e9ndote llevarla donde quieras, de forma pr\u00e1ctica y sin llamar la atenci\u00f3n. Perfecto para quienes buscan combinar discreci\u00f3n con eficiencia, Taiwan Blue ofrece un formato ideal para uso personal o compartido, brindando siempre una experiencia de alta calidad. <\/p>\n<p class=\"p1\">La f\u00f3rmula de Taiwan Blue fue desarrollada para brindar resultados r\u00e1pidos y efectivos, convirti\u00e9ndola en la opci\u00f3n ideal para quienes no renuncian a los momentos de puro placer. Cada gota de este potente popper es sin\u00f3nimo de confianza y satisfacci\u00f3n, garantizando siempre la misma intensidad en cada uso. <\/p>\n<p class=\"p1\">No esperes m\u00e1s para probar Taiwan Blue 15ml y descubre qu\u00e9 hace de este popper una de las opciones favoritas de los usuarios m\u00e1s exigentes. Con una combinaci\u00f3n perfecta entre potencia, discreci\u00f3n y practicidad, este es el producto que no puede faltar en tu colecci\u00f3n. <\/p>\n<h3>Composici\u00f3n de Taiwan Blue 15ml<\/h3>\n<p>Nitrito de pentilo (CAS: 463-04-7) (CE: 207-332-7), 2-metilbutan-1-ol (CAS: 137-32-6) (CE: 205-289-9).<\/p>\n","protected":false},"excerpt":{"rendered":"<ul>\n<li>Potente f\u00f3rmula con nitrito de pentilo para sensaciones intensas.<\/li>\n<li>Frasco compacto de 15ml, discreto y f\u00e1cil de transportar.<\/li>\n<li>Producto de alta calidad de la marca Lockerroom.<\/li>\n<li>Resultados r\u00e1pidos y efectivos para momentos \u00fanicos<\/li>\n<li>Combina discreci\u00f3n con poder.<\/li>\n<\/ul>\n","protected":false},"featured_media":4841,"comment_status":"open","ping_status":"closed","template":"","meta":{"neve_meta_sidebar":"","neve_meta_container":"","neve_meta_enable_content_width":"off","neve_meta_content_width":100,"neve_meta_title_alignment":"","neve_meta_author_avatar":"","neve_post_elements_order":"","neve_meta_disable_header":"","neve_meta_disable_footer":"","neve_meta_disable_title":"","neve_meta_reading_time":"","_themeisle_gutenberg_block_has_review":false,"neve_tabs_data":"","neve_override_tab_layout":""},"product_brand":[151],"product_cat":[134,131],"product_tag":[188],"class_list":{"0":"post-4844","1":"product","2":"type-product","3":"status-publish","4":"has-post-thumbnail","6":"product_brand-lockerroom","7":"product_cat-poppers-grandes","8":"product_cat-poppers","9":"product_tag-ofertas","11":"first","12":"instock","13":"sale","14":"taxable","15":"shipping-taxable","16":"purchasable","17":"product-type-simple"},"bundled_by":[],"bundle_stock_status":"instock","bundle_stock_quantity":16,"bundle_virtual":false,"bundle_layout":"","bundle_add_to_cart_form_location":"","bundle_editable_in_cart":false,"bundle_sold_individually_context":"","bundle_item_grouping":"","bundle_min_size":"","bundle_max_size":"","bundle_price":[],"bundled_items":[],"bundle_sell_ids":[],"_links":{"self":[{"href":"https:\/\/poppersareus.com\/es\/wp-json\/wp\/v2\/product\/4844","targetHints":{"allow":["GET"]}}],"collection":[{"href":"https:\/\/poppersareus.com\/es\/wp-json\/wp\/v2\/product"}],"about":[{"href":"https:\/\/poppersareus.com\/es\/wp-json\/wp\/v2\/types\/product"}],"replies":[{"embeddable":true,"href":"https:\/\/poppersareus.com\/es\/wp-json\/wp\/v2\/comments?post=4844"}],"wp:featuredmedia":[{"embeddable":true,"href":"https:\/\/poppersareus.com\/es\/wp-json\/wp\/v2\/media\/4841"}],"wp:attachment":[{"href":"https:\/\/poppersareus.com\/es\/wp-json\/wp\/v2\/media?parent=4844"}],"wp:term":[{"taxonomy":"product_brand","embeddable":true,"href":"https:\/\/poppersareus.com\/es\/wp-json\/wp\/v2\/product_brand?post=4844"},{"taxonomy":"product_cat","embeddable":true,"href":"https:\/\/poppersareus.com\/es\/wp-json\/wp\/v2\/product_cat?post=4844"},{"taxonomy":"product_tag","embeddable":true,"href":"https:\/\/poppersareus.com\/es\/wp-json\/wp\/v2\/product_tag?post=4844"}],"curies":[{"name":"wp","href":"https:\/\/api.w.org\/{rel}","templated":true}]}}