{"id":5072,"date":"2024-11-06T11:39:00","date_gmt":"2024-11-06T11:39:00","guid":{"rendered":"https:\/\/poppersareus.com\/poppers\/poppers-amulet\/"},"modified":"2025-11-02T08:51:49","modified_gmt":"2025-11-02T08:51:49","slug":"poppers-amulet","status":"publish","type":"product","link":"https:\/\/poppersareus.com\/es\/accesorios-para-poppers\/poppers-amuleto\/","title":{"rendered":"Poppers Amulet"},"content":{"rendered":"<h3>Poppers Amulet \u2014 Dispositivo de acero inoxidable con cadena<\/h3>\n<p>Tenga siempre practicidad y comodidad con Poppers Amulet, un dispositivo discreto y funcional que se puede llevar alrededor del cuello, eliminando la necesidad de llevar la botella. Simplemente, introduce algod\u00f3n u otro material absorbente en su interior, a\u00f1ade unas gotas del producto deseado y \u00fasalo siempre que sea necesario.<\/p>\n<p>Con una cadena met\u00e1lica elegante y discreta, este accesorio pasa f\u00e1cilmente por un collar normal y queda reservado y listo para usar. Para utilizarlo desenrosca la parte superior, donde encontrar\u00e1s dos cilindros interiores. En lo m\u00e1s peque\u00f1o, introduce un material absorbente como algod\u00f3n o papel toalla, a\u00f1ade unas gotas y vuelve a cerrar.<\/p>\n<p><strong>C\u00f3mo utilizar el Poppers Amulet:<\/strong><\/p>\n<ul>\n<li>Desenrosqu\u00e9 el dispositivo, separando ambas partes internas.<\/li>\n<li>Inserte material absorbente, como algod\u00f3n o toalla de papel, en el cilindro m\u00e1s peque\u00f1o.<\/li>\n<li>A\u00f1adir unas gotas del producto deseado directamente sobre el material absorbente.<\/li>\n<li>Vuelva a atornillar todas las piezas.<\/li>\n<li>Abrir cuando sea necesario.<\/li>\n<\/ul>\n<p><strong>Presupuesto<\/strong>:<\/p>\n<ul>\n<li>Longitud: aprox. 6,4 cm <\/li>\n<li>Longitud de la cadena: aprox. 36cm <\/li>\n<li>Di\u00e1metro: aprox. 1,6 cent\u00edmetros <\/li>\n<li>Material: acero inoxidable<\/li>\n<li>Color: plata<\/li>\n<\/ul>\n<p>Una soluci\u00f3n pr\u00e1ctica y discreta para quienes buscan comodidad y funcionalidad en su d\u00eda a d\u00eda.<\/p>\n","protected":false},"excerpt":{"rendered":"<ul>\n<li>Amuleto discreto y elegante para llevar al cuello.<\/li>\n<li>Dise\u00f1o de acero inoxidable con cadena de 36 cm.<\/li>\n<li>F\u00e1cil de usar: desenrosque, agregue botones autom\u00e1ticos y cierre<\/li>\n<li>Dimensiones: 6,4 cm de largo, 1,6 cm de di\u00e1metro<\/li>\n<li>Color plateado, apariencia sofisticada y discreta.<\/li>\n<\/ul>\n","protected":false},"featured_media":5050,"comment_status":"open","ping_status":"closed","template":"","meta":{"neve_meta_sidebar":"","neve_meta_container":"","neve_meta_enable_content_width":"off","neve_meta_content_width":100,"neve_meta_title_alignment":"","neve_meta_author_avatar":"","neve_post_elements_order":"","neve_meta_disable_header":"","neve_meta_disable_footer":"","neve_meta_disable_title":"","neve_meta_reading_time":"","_themeisle_gutenberg_block_has_review":false,"neve_tabs_data":"","neve_override_tab_layout":""},"product_brand":[],"product_cat":[157],"product_tag":[],"class_list":{"0":"post-5072","1":"product","2":"type-product","3":"status-publish","4":"has-post-thumbnail","6":"product_cat-accesorios-para-poppers","8":"first","9":"instock","10":"taxable","11":"shipping-taxable","12":"purchasable","13":"product-type-simple"},"bundled_by":[],"bundle_stock_status":"instock","bundle_stock_quantity":1,"bundle_virtual":false,"bundle_layout":"","bundle_add_to_cart_form_location":"","bundle_editable_in_cart":false,"bundle_sold_individually_context":"","bundle_item_grouping":"","bundle_min_size":"","bundle_max_size":"","bundle_price":[],"bundled_items":[],"bundle_sell_ids":[],"_links":{"self":[{"href":"https:\/\/poppersareus.com\/es\/wp-json\/wp\/v2\/product\/5072","targetHints":{"allow":["GET"]}}],"collection":[{"href":"https:\/\/poppersareus.com\/es\/wp-json\/wp\/v2\/product"}],"about":[{"href":"https:\/\/poppersareus.com\/es\/wp-json\/wp\/v2\/types\/product"}],"replies":[{"embeddable":true,"href":"https:\/\/poppersareus.com\/es\/wp-json\/wp\/v2\/comments?post=5072"}],"wp:featuredmedia":[{"embeddable":true,"href":"https:\/\/poppersareus.com\/es\/wp-json\/wp\/v2\/media\/5050"}],"wp:attachment":[{"href":"https:\/\/poppersareus.com\/es\/wp-json\/wp\/v2\/media?parent=5072"}],"wp:term":[{"taxonomy":"product_brand","embeddable":true,"href":"https:\/\/poppersareus.com\/es\/wp-json\/wp\/v2\/product_brand?post=5072"},{"taxonomy":"product_cat","embeddable":true,"href":"https:\/\/poppersareus.com\/es\/wp-json\/wp\/v2\/product_cat?post=5072"},{"taxonomy":"product_tag","embeddable":true,"href":"https:\/\/poppersareus.com\/es\/wp-json\/wp\/v2\/product_tag?post=5072"}],"curies":[{"name":"wp","href":"https:\/\/api.w.org\/{rel}","templated":true}]}}