{"id":5073,"date":"2024-11-06T12:21:33","date_gmt":"2024-11-06T12:21:33","guid":{"rendered":"https:\/\/poppersareus.com\/poppers\/adaptador-republik-con-tapa\/"},"modified":"2025-02-14T21:31:15","modified_gmt":"2025-02-14T21:31:15","slug":"adaptador-republik-con-tapa","status":"publish","type":"product","link":"https:\/\/poppersareus.com\/es\/accesorios-para-poppers\/adaptador-republik-con-tapa\/","title":{"rendered":"Adaptador Republik con tapa"},"content":{"rendered":"<p><strong>Adaptador Republik con tapa: practicidad y versatilidad para botellas<\/strong><\/p>\n<p>El Adaptador con Tapa Republik es una soluci\u00f3n pr\u00e1ctica para sustituir temporalmente la tapa original de la botella. Con un dise\u00f1o funcional, es f\u00e1cil de usar: basta con atornillar el adaptador, levantando y presionando la tapa protectora para abrirla o cerrarla con una mano.<\/p>\n<p>La forma alargada del Adaptador con Tapa Republik fue dise\u00f1ada para facilitar su uso y garantizar la comodidad al manipular botellas peque\u00f1as, ovaladas y de aluminio. Fabricado en pl\u00e1stico resistente, incluye una tapa de dos piezas que evita el contacto directo con el contenido, aportando seguridad y practicidad.<\/p>\n<p><strong>Instrucciones importantes:<\/strong><\/p>\n<ul>\n<li>Mantenga la botella en posici\u00f3n vertical y evite agitarla.<\/li>\n<li>El adaptador no evita fugas ni evaporaci\u00f3n.<\/li>\n<li>Para abrir, incline la cubierta protectora con el pulgar.<\/li>\n<li>Durante el uso, no bloquee el peque\u00f1o orificio de ventilaci\u00f3n en la base de la tapa.<\/li>\n<li>Despu\u00e9s de su uso, vuelva a colocar la tapa original y lave el adaptador con agua tibia.<\/li>\n<\/ul>\n<p><strong>Compatible con las siguientes botellas:<\/strong><\/p>\n<ul>\n<li>Botellas peque\u00f1as.<\/li>\n<li>Botellas medianas (excepto la l\u00ednea Magnum).<\/li>\n<li>Botellas grandes \u201covaladas\u201d (como Rush Ultra Strong, BareBuddy y Xtrash).<\/li>\n<li>Botellas \u201caltas\u201d (del tipo Highrise Ultra Strong).<\/li>\n<li>Botellas de \u201caluminio\u201d (tipo Iron Fist).<\/li>\n<li>Botellas redondas \u201cXL\u201d (tipos Radikal Rush y Amsterdam Revolution).<\/li>\n<\/ul>\n<p><strong>(Poppers no incluidos)<\/strong><\/p>\n","protected":false},"excerpt":{"rendered":"<ul>\n<li>Reemplaza temporalmente el tap\u00f3n original, facilitando el uso con botellas peque\u00f1as, ovaladas y de aluminio.<\/li>\n<li>Le permite abrir con una mano; simplemente levante la tapa y presione la parte superior.<\/li>\n<li>Forma alargada dise\u00f1ada para mayor comodidad durante el uso.<\/li>\n<li>Fabricado en pl\u00e1stico suave y duradero, con tapa de dos partes para evitar el contacto directo con el contenido.<\/li>\n<li>Amplia apertura para un uso seguro y funcional.<\/li>\n<li>Compatible con la mayor\u00eda de las botellas.<\/li>\n<\/ul>\n","protected":false},"featured_media":5057,"template":"","meta":{"neve_meta_sidebar":"","neve_meta_container":"","neve_meta_enable_content_width":"off","neve_meta_content_width":100,"neve_meta_title_alignment":"","neve_meta_author_avatar":"","neve_post_elements_order":"","neve_meta_disable_header":"","neve_meta_disable_footer":"","neve_meta_disable_title":"","neve_meta_reading_time":"","_themeisle_gutenberg_block_has_review":false,"neve_tabs_data":"","neve_override_tab_layout":""},"product_brand":[179],"product_cat":[157],"product_tag":[],"class_list":{"0":"post-5073","1":"product","2":"type-product","3":"status-publish","4":"has-post-thumbnail","6":"product_brand-republik","7":"product_cat-accesorios-para-poppers","9":"first","10":"outofstock","11":"taxable","12":"shipping-taxable","13":"product-type-simple"},"bundled_by":[],"bundle_stock_status":"outofstock","bundle_stock_quantity":0,"bundle_virtual":false,"bundle_layout":"","bundle_add_to_cart_form_location":"","bundle_editable_in_cart":false,"bundle_sold_individually_context":"","bundle_item_grouping":"","bundle_min_size":"","bundle_max_size":"","bundle_price":[],"bundled_items":[],"bundle_sell_ids":[],"_links":{"self":[{"href":"https:\/\/poppersareus.com\/es\/wp-json\/wp\/v2\/product\/5073","targetHints":{"allow":["GET"]}}],"collection":[{"href":"https:\/\/poppersareus.com\/es\/wp-json\/wp\/v2\/product"}],"about":[{"href":"https:\/\/poppersareus.com\/es\/wp-json\/wp\/v2\/types\/product"}],"wp:featuredmedia":[{"embeddable":true,"href":"https:\/\/poppersareus.com\/es\/wp-json\/wp\/v2\/media\/5057"}],"wp:attachment":[{"href":"https:\/\/poppersareus.com\/es\/wp-json\/wp\/v2\/media?parent=5073"}],"wp:term":[{"taxonomy":"product_brand","embeddable":true,"href":"https:\/\/poppersareus.com\/es\/wp-json\/wp\/v2\/product_brand?post=5073"},{"taxonomy":"product_cat","embeddable":true,"href":"https:\/\/poppersareus.com\/es\/wp-json\/wp\/v2\/product_cat?post=5073"},{"taxonomy":"product_tag","embeddable":true,"href":"https:\/\/poppersareus.com\/es\/wp-json\/wp\/v2\/product_tag?post=5073"}],"curies":[{"name":"wp","href":"https:\/\/api.w.org\/{rel}","templated":true}]}}