{"id":5074,"date":"2024-11-06T15:14:27","date_gmt":"2024-11-06T15:14:27","guid":{"rendered":"https:\/\/poppersareus.com\/poppers\/republik-harness-small\/"},"modified":"2025-11-02T08:49:53","modified_gmt":"2025-11-02T08:49:53","slug":"republik-harness-small","status":"publish","type":"product","link":"https:\/\/poppersareus.com\/es\/accesorios-para-poppers\/republik-harness-small\/","title":{"rendered":"Republik Harness Small"},"content":{"rendered":"<p><strong>Republik Harness Small \u2014 \u00a1El arn\u00e9s Poppers que est\u00e1s buscando!<\/strong><\/p>\n<p>Dale un toque moderno, divertido y \u00abfetiche\u00bb a tus botellas de poppers con el Republik Harness Small. \u00a1Este complemento perfecto para tus poppers te acompa\u00f1a en fiestas, reuniones, momentos en pareja o simplemente como elemento decorativo, d\u00e1ndoles a tus botellas un estilo atrevido y provocativo! \u00a1S\u00e9 el primero en tener el nuevo Republik Harness Small para poppers, de venta exclusiva en nuestra tienda a un precio especial! Dise\u00f1ado originalmente para poppers Republik, pero el arn\u00e9s es compatible con cualquier botella de popper de 10 ml. \u00a1Transforma tus botellas de poppers en un divertido y atractivo accesorio de fiesta! Adem\u00e1s de aportar un atrevido look \u00abfetiche\u00bb, el arn\u00e9s ofrece un manejo m\u00e1s seguro y pr\u00e1ctico, mayor estabilidad y ayuda a evitar que la botella resbale o caiga al suelo, absorbiendo peque\u00f1os impactos. <\/p>\n<p><strong>Detalles del producto:<\/strong><\/p>\n<ul>\n<li>Arn\u00e9s peque\u00f1o para botellas de poppers.<\/li>\n<li>Compatible con botellas de 10 ml.<\/li>\n<li>Hecho de pl\u00e1stico de alta calidad<\/li>\n<li>Incre\u00edble mirada fetichista<\/li>\n<li>Mejor agarre y estabilidad<\/li>\n<li>Previene resbalones<\/li>\n<li>Gran opci\u00f3n de regalo para los fan\u00e1ticos del popper.<\/li>\n<li>Absorbe impactos para proteger contra ca\u00eddas.<\/li>\n<li>F\u00e1cil de usar<\/li>\n<\/ul>\n<p><strong>(Poppers no incluidos)<\/strong><\/p>\n","protected":false},"excerpt":{"rendered":"<ul>\n<li>Un look atrevido para tus botellas de poppers.<\/li>\n<li>Compatibilidad con botellas de 10 ml.<\/li>\n<li>M\u00e1s f\u00e1cil de sostener y manejar.<\/li>\n<li>Previene resbalones y ca\u00eddas.<\/li>\n<li>Pl\u00e1stico de alta calidad.<\/li>\n<li>Protecci\u00f3n contra impactos y peque\u00f1os golpes.<\/li>\n<li>Regalo divertido e ideal para los fans del popper.<\/li>\n<\/ul>\n","protected":false},"featured_media":5069,"comment_status":"open","ping_status":"closed","template":"","meta":{"neve_meta_sidebar":"","neve_meta_container":"","neve_meta_enable_content_width":"off","neve_meta_content_width":100,"neve_meta_title_alignment":"","neve_meta_author_avatar":"","neve_post_elements_order":"","neve_meta_disable_header":"","neve_meta_disable_footer":"","neve_meta_disable_title":"","neve_meta_reading_time":"","_themeisle_gutenberg_block_has_review":false,"neve_tabs_data":"","neve_override_tab_layout":""},"product_brand":[179],"product_cat":[157],"product_tag":[188],"class_list":{"0":"post-5074","1":"product","2":"type-product","3":"status-publish","4":"has-post-thumbnail","6":"product_brand-republik","7":"product_cat-accesorios-para-poppers","8":"product_tag-ofertas","10":"first","11":"instock","12":"sale","13":"taxable","14":"shipping-taxable","15":"purchasable","16":"product-type-simple"},"bundled_by":[],"bundle_stock_status":"instock","bundle_stock_quantity":47,"bundle_virtual":false,"bundle_layout":"","bundle_add_to_cart_form_location":"","bundle_editable_in_cart":false,"bundle_sold_individually_context":"","bundle_item_grouping":"","bundle_min_size":"","bundle_max_size":"","bundle_price":[],"bundled_items":[],"bundle_sell_ids":[],"_links":{"self":[{"href":"https:\/\/poppersareus.com\/es\/wp-json\/wp\/v2\/product\/5074","targetHints":{"allow":["GET"]}}],"collection":[{"href":"https:\/\/poppersareus.com\/es\/wp-json\/wp\/v2\/product"}],"about":[{"href":"https:\/\/poppersareus.com\/es\/wp-json\/wp\/v2\/types\/product"}],"replies":[{"embeddable":true,"href":"https:\/\/poppersareus.com\/es\/wp-json\/wp\/v2\/comments?post=5074"}],"wp:featuredmedia":[{"embeddable":true,"href":"https:\/\/poppersareus.com\/es\/wp-json\/wp\/v2\/media\/5069"}],"wp:attachment":[{"href":"https:\/\/poppersareus.com\/es\/wp-json\/wp\/v2\/media?parent=5074"}],"wp:term":[{"taxonomy":"product_brand","embeddable":true,"href":"https:\/\/poppersareus.com\/es\/wp-json\/wp\/v2\/product_brand?post=5074"},{"taxonomy":"product_cat","embeddable":true,"href":"https:\/\/poppersareus.com\/es\/wp-json\/wp\/v2\/product_cat?post=5074"},{"taxonomy":"product_tag","embeddable":true,"href":"https:\/\/poppersareus.com\/es\/wp-json\/wp\/v2\/product_tag?post=5074"}],"curies":[{"name":"wp","href":"https:\/\/api.w.org\/{rel}","templated":true}]}}