{"id":5099,"date":"2024-11-06T20:27:55","date_gmt":"2024-11-06T20:27:55","guid":{"rendered":"https:\/\/poppersareus.com\/poppers\/xtrm-snffr-palitos-de-algodon\/"},"modified":"2025-11-02T08:52:07","modified_gmt":"2025-11-02T08:52:07","slug":"xtrm-snffr-palitos-de-algodon","status":"publish","type":"product","link":"https:\/\/poppersareus.com\/es\/accesorios-para-poppers\/xtrm-snffr-palitos-de-algodon\/","title":{"rendered":"XTRM SNFFR algod\u00f3n Sticks"},"content":{"rendered":"<h3>Bastoncillos de algod\u00f3n XTRM SNFFR: accesorios esenciales para un uso eficiente<\/h3>\n<p>Los Sticks de algod\u00f3n XTRM SNFFR son el complemento ideal para maximizar la funcionalidad de accesorios compatibles, como el Poppers Amulet y el Push Steel Amulet. Estas barras fueron desarrolladas para absorber y difundir contenido de forma eficiente y pr\u00e1ctica. Cada paquete contiene 9 unidades de alta calidad dise\u00f1adas para un uso \u00f3ptimo. El uso es sencillo: desenvuelve los bastoncillos de algod\u00f3n, ins\u00e9rtalos en el accesorio seg\u00fan las instrucciones y \u00fasalo seg\u00fan sea necesario. Estos bastoncillos de algod\u00f3n garantizan una distribuci\u00f3n uniforme y pr\u00e1ctica, perfectos para uso personal o en ambientes que requieren eficiencia y consistencia. Con XTRM SNFFR algod\u00f3n Sticks tendr\u00e1s una soluci\u00f3n confiable y pr\u00e1ctica para tu equipo. <\/p>\n<p><strong>Nota: El paquete solo incluye 9 bastoncillos de algod\u00f3n. Todos los dem\u00e1s art\u00edculos que se muestran tienen fines ilustrativos y se venden por separado. <\/strong><\/p>\n","protected":false},"excerpt":{"rendered":"<ul>\n<li>XTRM SNFFR Palitos de algod\u00f3n<\/li>\n<li>Compatible con Poppers Amulet y Push Steel Amulet<\/li>\n<li>Paquete de 9 bastoncillos de algod\u00f3n.<\/li>\n<li>Absorbe y difunde los aromas de forma intensa y duradera.<\/li>\n<li>F\u00e1cil de usar, s\u00f3lo sigue las instrucciones del accesorio.<\/li>\n<\/ul>\n","protected":false},"featured_media":5077,"comment_status":"open","ping_status":"closed","template":"","meta":{"neve_meta_sidebar":"","neve_meta_container":"","neve_meta_enable_content_width":"off","neve_meta_content_width":100,"neve_meta_title_alignment":"","neve_meta_author_avatar":"","neve_post_elements_order":"","neve_meta_disable_header":"","neve_meta_disable_footer":"","neve_meta_disable_title":"","neve_meta_reading_time":"","_themeisle_gutenberg_block_has_review":false,"neve_tabs_data":"","neve_override_tab_layout":""},"product_brand":[155],"product_cat":[157],"product_tag":[188],"class_list":{"0":"post-5099","1":"product","2":"type-product","3":"status-publish","4":"has-post-thumbnail","6":"product_brand-xtrm","7":"product_cat-accesorios-para-poppers","8":"product_tag-ofertas","10":"first","11":"instock","12":"sale","13":"taxable","14":"shipping-taxable","15":"purchasable","16":"product-type-simple"},"bundled_by":[],"bundle_stock_status":"instock","bundle_stock_quantity":2,"bundle_virtual":false,"bundle_layout":"","bundle_add_to_cart_form_location":"","bundle_editable_in_cart":false,"bundle_sold_individually_context":"","bundle_item_grouping":"","bundle_min_size":"","bundle_max_size":"","bundle_price":[],"bundled_items":[],"bundle_sell_ids":[],"_links":{"self":[{"href":"https:\/\/poppersareus.com\/es\/wp-json\/wp\/v2\/product\/5099","targetHints":{"allow":["GET"]}}],"collection":[{"href":"https:\/\/poppersareus.com\/es\/wp-json\/wp\/v2\/product"}],"about":[{"href":"https:\/\/poppersareus.com\/es\/wp-json\/wp\/v2\/types\/product"}],"replies":[{"embeddable":true,"href":"https:\/\/poppersareus.com\/es\/wp-json\/wp\/v2\/comments?post=5099"}],"wp:featuredmedia":[{"embeddable":true,"href":"https:\/\/poppersareus.com\/es\/wp-json\/wp\/v2\/media\/5077"}],"wp:attachment":[{"href":"https:\/\/poppersareus.com\/es\/wp-json\/wp\/v2\/media?parent=5099"}],"wp:term":[{"taxonomy":"product_brand","embeddable":true,"href":"https:\/\/poppersareus.com\/es\/wp-json\/wp\/v2\/product_brand?post=5099"},{"taxonomy":"product_cat","embeddable":true,"href":"https:\/\/poppersareus.com\/es\/wp-json\/wp\/v2\/product_cat?post=5099"},{"taxonomy":"product_tag","embeddable":true,"href":"https:\/\/poppersareus.com\/es\/wp-json\/wp\/v2\/product_tag?post=5099"}],"curies":[{"name":"wp","href":"https:\/\/api.w.org\/{rel}","templated":true}]}}