{"id":5227,"date":"2024-11-12T15:10:24","date_gmt":"2024-11-12T15:10:24","guid":{"rendered":"https:\/\/poppersareus.com\/poppers\/xtrm-blubber-poppers-botella-100-ml\/"},"modified":"2025-02-14T21:31:08","modified_gmt":"2025-02-14T21:31:08","slug":"xtrm-blubber-poppers-botella-100-ml","status":"publish","type":"product","link":"https:\/\/poppersareus.com\/es\/accesorios-para-poppers\/xtrm-blubber-poppers-botella-100-ml\/","title":{"rendered":"XTRM BLUBBER POPPERS Botella 100 ml"},"content":{"rendered":"<h3>XTRM BLUBBER POPPERS Botella 100 ml \u2014 Eficiencia y control a tu alcance<\/h3>\n<p>Presentamos la Botella XTRM BLUBBER POPPERS 100 ml, un pr\u00e1ctico e innovador dispositivo dise\u00f1ado para proporcionar un control total del flujo de aire con un simple bot\u00f3n, ajustando el uso al nivel deseado.<\/p>\n<p>Este dispositivo es f\u00e1cil de usar. Simplemente, conecte la botella de aluminio de 100 ml, incluida en el kit, y estar\u00e1 listo para un uso eficiente y funcional.<\/p>\n<p><strong>Qu\u00e9 incluye el kit Botella XTRM BLUBBER POPPERS 100 ml:<\/strong><\/p>\n<ul>\n<li>Botella de aluminio de 100 ml.<\/li>\n<li>Controlador para ajuste del flujo de aire.<\/li>\n<li>Bolsa de almacenamiento XTRM para transporte y protecci\u00f3n.<\/li>\n<li>Tap\u00f3n para sellar el frasco despu\u00e9s de su uso.<\/li>\n<\/ul>\n<p>La botella XTRM BLUBBER POPPERS de 100 ml es una soluci\u00f3n confiable y ajustable, ideal para quienes buscan practicidad y funcionalidad en un solo dispositivo.<\/p>\n<p><strong>Atenci\u00f3n:<\/strong> Los elementos adicionales como m\u00e1scara antig\u00e1s, manguera y filtro no est\u00e1n incluidos en el kit.<\/p>\n<p>Los productos XTRM se fabrican con la m\u00e1s alta calidad austriaca. \u00a1Pru\u00e9balo ahora!<\/p>\n","protected":false},"excerpt":{"rendered":"<ul>\n<li>Control de flujo ajustable para un uso eficiente.<\/li>\n<li>Dise\u00f1o de primera calidad.<\/li>\n<li>Botella de aluminio de 100 ml.<\/li>\n<li>Incluye botella, controlador, bolsa de almacenamiento y tapa para un sellado seguro.<\/li>\n<\/ul>\n","protected":false},"featured_media":5117,"comment_status":"open","ping_status":"closed","template":"","meta":{"neve_meta_sidebar":"","neve_meta_container":"","neve_meta_enable_content_width":"off","neve_meta_content_width":100,"neve_meta_title_alignment":"","neve_meta_author_avatar":"","neve_post_elements_order":"","neve_meta_disable_header":"","neve_meta_disable_footer":"","neve_meta_disable_title":"","neve_meta_reading_time":"","_themeisle_gutenberg_block_has_review":false,"neve_tabs_data":"","neve_override_tab_layout":""},"product_brand":[155],"product_cat":[157],"product_tag":[],"class_list":{"0":"post-5227","1":"product","2":"type-product","3":"status-publish","4":"has-post-thumbnail","6":"product_brand-xtrm","7":"product_cat-accesorios-para-poppers","9":"first","10":"instock","11":"taxable","12":"shipping-taxable","13":"purchasable","14":"product-type-simple"},"bundled_by":[],"bundle_stock_status":"instock","bundle_stock_quantity":1,"bundle_virtual":false,"bundle_layout":"","bundle_add_to_cart_form_location":"","bundle_editable_in_cart":false,"bundle_sold_individually_context":"","bundle_item_grouping":"","bundle_min_size":"","bundle_max_size":"","bundle_price":[],"bundled_items":[],"bundle_sell_ids":[],"_links":{"self":[{"href":"https:\/\/poppersareus.com\/es\/wp-json\/wp\/v2\/product\/5227","targetHints":{"allow":["GET"]}}],"collection":[{"href":"https:\/\/poppersareus.com\/es\/wp-json\/wp\/v2\/product"}],"about":[{"href":"https:\/\/poppersareus.com\/es\/wp-json\/wp\/v2\/types\/product"}],"replies":[{"embeddable":true,"href":"https:\/\/poppersareus.com\/es\/wp-json\/wp\/v2\/comments?post=5227"}],"wp:featuredmedia":[{"embeddable":true,"href":"https:\/\/poppersareus.com\/es\/wp-json\/wp\/v2\/media\/5117"}],"wp:attachment":[{"href":"https:\/\/poppersareus.com\/es\/wp-json\/wp\/v2\/media?parent=5227"}],"wp:term":[{"taxonomy":"product_brand","embeddable":true,"href":"https:\/\/poppersareus.com\/es\/wp-json\/wp\/v2\/product_brand?post=5227"},{"taxonomy":"product_cat","embeddable":true,"href":"https:\/\/poppersareus.com\/es\/wp-json\/wp\/v2\/product_cat?post=5227"},{"taxonomy":"product_tag","embeddable":true,"href":"https:\/\/poppersareus.com\/es\/wp-json\/wp\/v2\/product_tag?post=5227"}],"curies":[{"name":"wp","href":"https:\/\/api.w.org\/{rel}","templated":true}]}}