{"id":5311,"date":"2024-12-04T12:37:40","date_gmt":"2024-12-04T12:37:40","guid":{"rendered":"https:\/\/poppersareus.com\/poppers\/push-relax-anal-spray\/"},"modified":"2025-02-04T10:35:36","modified_gmt":"2025-02-04T10:35:36","slug":"push-relax-anal-spray","status":"publish","type":"product","link":"https:\/\/poppersareus.com\/es\/lubricantes\/push-relax-anal-spray\/","title":{"rendered":"Push Relax Anal Spray"},"content":{"rendered":"<h3>Push Relax Anal Spray \u2013 Confort y Bienestar<\/h3>\n<p>Push Relax Anal Spray fue desarrollado para brindar un efecto calmante y mayor comodidad, adecuado para diferentes usuarios. Su f\u00f3rmula equilibrada contiene ingredientes cuidadosamente seleccionados para una aplicaci\u00f3n eficaz y pr\u00e1ctica. Este spray est\u00e1 dise\u00f1ado para ser suave con la piel, asegurando un efecto r\u00e1pido sin causar molestias. Push Relax Anal Spray es soluble en agua, sin grasa y de f\u00e1cil eliminaci\u00f3n, ofreciendo mayor comodidad en el d\u00eda a d\u00eda. <\/p>\n<p><strong>C\u00f3mo utilizar:<\/strong><\/p>\n<ul>\n<li>Pulverizar una o dos veces sobre la zona deseada.<\/li>\n<li>Esper\u00e9 unos momentos para que se absorba.<\/li>\n<li>Producto de uso t\u00f3pico, aplicar \u00fanicamente en la zona recomendada.<\/li>\n<\/ul>\n<p>Su embalaje compacto y discreto permite un transporte c\u00f3modo, estando siempre disponible cuando sea necesario.<\/p>\n<p><strong>Caracter\u00edsticas principales:<\/strong><\/p>\n<ul>\n<li>F\u00f3rmula suave y eficaz, con ingredientes dermatol\u00f3gicamente probados.<\/li>\n<li>R\u00e1pida absorci\u00f3n, favoreciendo una sensaci\u00f3n de confort.<\/li>\n<li>Textura ligera y f\u00e1cil de quitar, asegurando practicidad.<\/li>\n<li>Dise\u00f1o compacto y discreto, ideal para uso diario.<\/li>\n<\/ul>\n<p><strong>Ingredientes activos:<\/strong> Agua, glicerina, Laureth-9, entre otros componentes seleccionados para un efecto calmante inmediato.<\/p>\n","protected":false},"excerpt":{"rendered":"<ul>\n<li class=\"p1\">Proporciona comodidad y bienestar para hombres y mujeres.<\/li>\n<li class=\"p1\">F\u00f3rmula dermatol\u00f3gicamente probada, suave y soluble en agua.<\/li>\n<li class=\"p1\">Compacto, pr\u00e1ctico y f\u00e1cil de usar.<\/li>\n<li class=\"p1\">Aplicaci\u00f3n sencilla con 1 o 2 pulverizaciones.<\/li>\n<li class=\"p1\">Contiene agua, glicerina y laureth-9.<\/li>\n<\/ul>\n","protected":false},"featured_media":5309,"comment_status":"open","ping_status":"closed","template":"","meta":{"neve_meta_sidebar":"","neve_meta_container":"","neve_meta_enable_content_width":"off","neve_meta_content_width":100,"neve_meta_title_alignment":"","neve_meta_author_avatar":"","neve_post_elements_order":"","neve_meta_disable_header":"","neve_meta_disable_footer":"","neve_meta_disable_title":"","neve_meta_reading_time":"","_themeisle_gutenberg_block_has_review":false,"neve_tabs_data":"","neve_override_tab_layout":""},"product_brand":[175],"product_cat":[185],"product_tag":[181],"class_list":{"0":"post-5311","1":"product","2":"type-product","3":"status-publish","4":"has-post-thumbnail","6":"product_brand-push","7":"product_cat-lubricantes","8":"product_tag-cyber-week","10":"first","11":"outofstock","12":"sale","13":"taxable","14":"shipping-taxable","15":"purchasable","16":"product-type-simple"},"bundled_by":[],"bundle_stock_status":"outofstock","bundle_stock_quantity":0,"bundle_virtual":false,"bundle_layout":"","bundle_add_to_cart_form_location":"","bundle_editable_in_cart":false,"bundle_sold_individually_context":"","bundle_item_grouping":"","bundle_min_size":"","bundle_max_size":"","bundle_price":[],"bundled_items":[],"bundle_sell_ids":[],"_links":{"self":[{"href":"https:\/\/poppersareus.com\/es\/wp-json\/wp\/v2\/product\/5311","targetHints":{"allow":["GET"]}}],"collection":[{"href":"https:\/\/poppersareus.com\/es\/wp-json\/wp\/v2\/product"}],"about":[{"href":"https:\/\/poppersareus.com\/es\/wp-json\/wp\/v2\/types\/product"}],"replies":[{"embeddable":true,"href":"https:\/\/poppersareus.com\/es\/wp-json\/wp\/v2\/comments?post=5311"}],"wp:featuredmedia":[{"embeddable":true,"href":"https:\/\/poppersareus.com\/es\/wp-json\/wp\/v2\/media\/5309"}],"wp:attachment":[{"href":"https:\/\/poppersareus.com\/es\/wp-json\/wp\/v2\/media?parent=5311"}],"wp:term":[{"taxonomy":"product_brand","embeddable":true,"href":"https:\/\/poppersareus.com\/es\/wp-json\/wp\/v2\/product_brand?post=5311"},{"taxonomy":"product_cat","embeddable":true,"href":"https:\/\/poppersareus.com\/es\/wp-json\/wp\/v2\/product_cat?post=5311"},{"taxonomy":"product_tag","embeddable":true,"href":"https:\/\/poppersareus.com\/es\/wp-json\/wp\/v2\/product_tag?post=5311"}],"curies":[{"name":"wp","href":"https:\/\/api.w.org\/{rel}","templated":true}]}}