{"id":5378,"date":"2024-12-18T16:29:33","date_gmt":"2024-12-18T16:29:33","guid":{"rendered":"https:\/\/poppersareus.com\/poppers\/xtrm-banger-station-60-ml-xtrm-can-2-snffr\/"},"modified":"2025-02-04T10:35:35","modified_gmt":"2025-02-04T10:35:35","slug":"xtrm-banger-station-60-ml-xtrm-can-2-snffr","status":"publish","type":"product","link":"https:\/\/poppersareus.com\/es\/accesorios-para-poppers\/xtrm-banger-station-60-ml-xtrm-can-2-snffr\/","title":{"rendered":"XTRM BANGER STATION + 60 ml XTRM CAN + 2 SNFFR"},"content":{"rendered":"<h3>XTRM BANGER STATION + 60 ml XTRM CAN + 2 SNFFR \u2013 sistema vers\u00e1til, estable y funcional<\/h3>\n<p>La XTRM BANGER STATION + 60 ml XTRM CAN + 2 SNFFR es un sistema completo, dise\u00f1ado para ofrecer eficiencia, seguridad y practicidad. Con un bote XTRM CAN de 60 ml garantiza un excelente rendimiento, mientras que el accesorio XTRM SNFFR con dos conexiones permite un uso vers\u00e1til, adaptado tanto para uso individual como compartido. Equipada con una manguera flexible de 2&#215;1 metros, la ESTACI\u00d3N XTRM BANGER + CAN XTRM de 60 ml + 2 SNFFR est\u00e1 dise\u00f1ada para garantizar una distribuci\u00f3n uniforme y precisa, independientemente de la posici\u00f3n. El accesorio extralargo fue dise\u00f1ado para un ajuste ergon\u00f3mico y c\u00f3modo, haciendo que su utilizaci\u00f3n sea a\u00fan m\u00e1s intuitiva. La estructura incluye una base amplia y estable, lo que garantiza que las botellas permanezcan seguras sin riesgo de volcarse o derramar su contenido. Con un dise\u00f1o pensado para evitar desperdicios y maximizar la seguridad, este sistema fue desarrollado para brindar un manejo pr\u00e1ctico y eficiente. Fabricada con materiales de primera calidad, la manguera especial de silicona destaca por su durabilidad y resistencia, soportando vapores y garantizando un uso prolongado y seguro. Su calidad de acabado refuerza la robustez y fiabilidad del conjunto. Gracias al innovador dise\u00f1o del accesorio con dos accesorios, XTRM BANGER STATION + 60 ml XTRM CAN + 2 SNFFR se adapta f\u00e1cilmente a las diferentes necesidades, ofreciendo una soluci\u00f3n estructurada y eficaz. Ya sea por la calidad de los materiales, la robustez de la construcci\u00f3n o la posibilidad de personalizaci\u00f3n, este sistema combina innovaci\u00f3n y funcionalidad para un rendimiento optimizado. Si buscas estabilidad, eficiencia y facilidad de uso, la ESTACI\u00d3N XTRM BANGER + BOTE XTRM de 60 ml + 2 SNFFR es la opci\u00f3n ideal. Disponibles en nuestra tienda, garantizando una calidad superior y un sistema completo para un manejo seguro y eficiente. <\/p>\n","protected":false},"excerpt":{"rendered":"<ul>\n<li class=\"p1\">Botella XTRM CAN de 60 ml para experiencias intensas.<\/li>\n<li class=\"p1\">2 conexiones XTRM BANGER STATION + CAN XTRM de 60 ml + 2 SNFFR para uso individual o compartido.<\/li>\n<li class=\"p1\">Manguera flexible de silicona de 2\u00d71 metro.<\/li>\n<li class=\"p1\">Base amplia que evita que las botellas se vuelquen o se derramen.<\/li>\n<li class=\"p1\">Dise\u00f1o robusto y seguro para m\u00e1xima durabilidad.<\/li>\n<\/ul>\n","protected":false},"featured_media":5375,"comment_status":"open","ping_status":"closed","template":"","meta":{"neve_meta_sidebar":"","neve_meta_container":"","neve_meta_enable_content_width":"off","neve_meta_content_width":100,"neve_meta_title_alignment":"","neve_meta_author_avatar":"","neve_post_elements_order":"","neve_meta_disable_header":"","neve_meta_disable_footer":"","neve_meta_disable_title":"","neve_meta_reading_time":"","_themeisle_gutenberg_block_has_review":false,"neve_tabs_data":"","neve_override_tab_layout":""},"product_brand":[155],"product_cat":[157],"product_tag":[],"class_list":{"0":"post-5378","1":"product","2":"type-product","3":"status-publish","4":"has-post-thumbnail","6":"product_brand-xtrm","7":"product_cat-accesorios-para-poppers","9":"first","10":"outofstock","11":"taxable","12":"shipping-taxable","13":"purchasable","14":"product-type-simple"},"bundled_by":[],"bundle_stock_status":"outofstock","bundle_stock_quantity":0,"bundle_virtual":false,"bundle_layout":"","bundle_add_to_cart_form_location":"","bundle_editable_in_cart":false,"bundle_sold_individually_context":"","bundle_item_grouping":"","bundle_min_size":"","bundle_max_size":"","bundle_price":[],"bundled_items":[],"bundle_sell_ids":[],"_links":{"self":[{"href":"https:\/\/poppersareus.com\/es\/wp-json\/wp\/v2\/product\/5378","targetHints":{"allow":["GET"]}}],"collection":[{"href":"https:\/\/poppersareus.com\/es\/wp-json\/wp\/v2\/product"}],"about":[{"href":"https:\/\/poppersareus.com\/es\/wp-json\/wp\/v2\/types\/product"}],"replies":[{"embeddable":true,"href":"https:\/\/poppersareus.com\/es\/wp-json\/wp\/v2\/comments?post=5378"}],"wp:featuredmedia":[{"embeddable":true,"href":"https:\/\/poppersareus.com\/es\/wp-json\/wp\/v2\/media\/5375"}],"wp:attachment":[{"href":"https:\/\/poppersareus.com\/es\/wp-json\/wp\/v2\/media?parent=5378"}],"wp:term":[{"taxonomy":"product_brand","embeddable":true,"href":"https:\/\/poppersareus.com\/es\/wp-json\/wp\/v2\/product_brand?post=5378"},{"taxonomy":"product_cat","embeddable":true,"href":"https:\/\/poppersareus.com\/es\/wp-json\/wp\/v2\/product_cat?post=5378"},{"taxonomy":"product_tag","embeddable":true,"href":"https:\/\/poppersareus.com\/es\/wp-json\/wp\/v2\/product_tag?post=5378"}],"curies":[{"name":"wp","href":"https:\/\/api.w.org\/{rel}","templated":true}]}}