{"id":5524,"date":"2025-01-09T15:54:57","date_gmt":"2025-01-09T15:54:57","guid":{"rendered":"https:\/\/poppersareus.com\/poppers\/amsterdam-with-butanol-24ml\/"},"modified":"2025-01-09T15:54:57","modified_gmt":"2025-01-09T15:54:57","slug":"amsterdam-with-butanol-24ml","status":"publish","type":"product","link":"https:\/\/poppersareus.com\/es\/poppers\/amsterdam-with-butanol-24ml\/","title":{"rendered":"Amsterdam with Butanol 24ml"},"content":{"rendered":"<h2>Poppers Amsterdam with Butanol 24ml<\/h2>\n<p class=\"p1\">Amsterdam with Butanol 24ml es la combinaci\u00f3n perfecta entre potencia y calidad, ideal para quienes buscan un aroma llamativo y duradero. Este producto destaca por su f\u00f3rmula potenciada con butanol, aportando una experiencia intensa y un efecto r\u00e1pido, capaz de transformar cualquier ocasi\u00f3n en algo memorable. <\/p>\n<p class=\"p1\">Con una botella de 24ml, este aroma ofrece un excelente rendimiento, por lo que es perfecto para quienes desean un producto duradero y eficaz. Una vez utilizado, crea una atm\u00f3sfera atractiva y relajante, ideal para momentos de relajaci\u00f3n o para compartir con alguien especial. <\/p>\n<p class=\"p1\">El dise\u00f1o discreto y moderno de la botella la hace f\u00e1cil de transportar y pr\u00e1ctica de usar, permiti\u00e9ndote tenerla siempre a mano para cualquier situaci\u00f3n. Su f\u00f3rmula de alta calidad garantiza una experiencia \u00fanica, lo que la convierte en una opci\u00f3n confiable tanto para principiantes como para usuarios experimentados. <\/p>\n<p class=\"p1\">Si buscas intensidad y calidad en un solo producto, Amsterdam with Butanol 24ml es la elecci\u00f3n correcta. \u00a1Descubre ahora este poderoso aroma y transforma tus momentos en experiencias verdaderamente inolvidables! No pierdas la oportunidad de probar este cl\u00e1sico reinventado.  <\/p>\n<h3>Composici\u00f3n de Amsterdam with Butanol 24ml<\/h3>\n<p class=\"p1\">Nitrito de pentilo (CAS: 463-04-7) (CE: 207-332-7), 1-Butan-1-ol (CAS: 71-36-3) (CE: 200-751-6).<\/p>\n","protected":false},"excerpt":{"rendered":"<ul>\n<li class=\"p1\">Aroma llamativo e intenso con f\u00f3rmula mejorada de butanol.<\/li>\n<li class=\"p1\">Botella de 24ml con excelente rendimiento y practicidad.<\/li>\n<li class=\"p1\">Efecto r\u00e1pido para crear una atm\u00f3sfera inmersiva y relajante.<\/li>\n<li class=\"p1\">Dise\u00f1o discreto y moderno, f\u00e1cil de transportar y utilizar.<\/li>\n<li class=\"p1\">Adecuado para principiantes y usuarios experimentados.<\/li>\n<li class=\"p1\">Para momentos y experiencias memorables.<\/li>\n<\/ul>\n","protected":false},"featured_media":5521,"comment_status":"open","ping_status":"closed","template":"","meta":{"neve_meta_sidebar":"","neve_meta_container":"","neve_meta_enable_content_width":"off","neve_meta_content_width":100,"neve_meta_title_alignment":"","neve_meta_author_avatar":"","neve_post_elements_order":"","neve_meta_disable_header":"","neve_meta_disable_footer":"","neve_meta_disable_title":"","neve_meta_reading_time":"","_themeisle_gutenberg_block_has_review":false,"neve_tabs_data":"","neve_override_tab_layout":""},"product_brand":[148],"product_cat":[134,131],"product_tag":[],"class_list":{"0":"post-5524","1":"product","2":"type-product","3":"status-publish","4":"has-post-thumbnail","6":"product_brand-amsterdam","7":"product_cat-poppers-grandes","8":"product_cat-poppers","10":"first","11":"instock","12":"sale","13":"taxable","14":"shipping-taxable","15":"purchasable","16":"product-type-simple"},"bundled_by":[],"bundle_stock_status":"instock","bundle_stock_quantity":9,"bundle_virtual":false,"bundle_layout":"","bundle_add_to_cart_form_location":"","bundle_editable_in_cart":false,"bundle_sold_individually_context":"","bundle_item_grouping":"","bundle_min_size":"","bundle_max_size":"","bundle_price":[],"bundled_items":[],"bundle_sell_ids":[],"_links":{"self":[{"href":"https:\/\/poppersareus.com\/es\/wp-json\/wp\/v2\/product\/5524","targetHints":{"allow":["GET"]}}],"collection":[{"href":"https:\/\/poppersareus.com\/es\/wp-json\/wp\/v2\/product"}],"about":[{"href":"https:\/\/poppersareus.com\/es\/wp-json\/wp\/v2\/types\/product"}],"replies":[{"embeddable":true,"href":"https:\/\/poppersareus.com\/es\/wp-json\/wp\/v2\/comments?post=5524"}],"wp:featuredmedia":[{"embeddable":true,"href":"https:\/\/poppersareus.com\/es\/wp-json\/wp\/v2\/media\/5521"}],"wp:attachment":[{"href":"https:\/\/poppersareus.com\/es\/wp-json\/wp\/v2\/media?parent=5524"}],"wp:term":[{"taxonomy":"product_brand","embeddable":true,"href":"https:\/\/poppersareus.com\/es\/wp-json\/wp\/v2\/product_brand?post=5524"},{"taxonomy":"product_cat","embeddable":true,"href":"https:\/\/poppersareus.com\/es\/wp-json\/wp\/v2\/product_cat?post=5524"},{"taxonomy":"product_tag","embeddable":true,"href":"https:\/\/poppersareus.com\/es\/wp-json\/wp\/v2\/product_tag?post=5524"}],"curies":[{"name":"wp","href":"https:\/\/api.w.org\/{rel}","templated":true}]}}