{"id":7616,"date":"2025-12-09T18:07:23","date_gmt":"2025-12-09T18:07:23","guid":{"rendered":"https:\/\/poppersareus.com\/poppers\/mini-quick-silver-skull-15ml\/"},"modified":"2026-04-13T20:14:18","modified_gmt":"2026-04-13T19:14:18","slug":"mini-quick-silver-skull-15ml","status":"publish","type":"product","link":"https:\/\/poppersareus.com\/es\/poppers\/mini-quick-silver-skull-15ml\/","title":{"rendered":"Mini Quick Silver Skull 15ml"},"content":{"rendered":"<h3 data-path-to-node=\"3\">Mini Quick Silver Skull 15 ml: dise\u00f1o exclusivo y portabilidad<\/h3>\n<p data-path-to-node=\"4\">El Mini Quick Silver Skull 15ml se consolida en el mercado como una opci\u00f3n top, combinando una composici\u00f3n cuidadosamente desarrollada con un dise\u00f1o inconfundible. Si buscas la misma calidad reconocida que la versi\u00f3n m\u00e1s grande, pero en un formato m\u00e1s compacto y port\u00e1til, esta es la opci\u00f3n ideal para ti. Con una f\u00f3rmula de alta calidad, este producto fue creado para garantizar un rendimiento confiable y constante en cualquier situaci\u00f3n.<\/p>\n<p data-path-to-node=\"5\">La ic\u00f3nica botella de vidrio plateado no solo cumple una funci\u00f3n est\u00e9tica: es una soluci\u00f3n t\u00e9cnica eficaz para conservar el contenido con la m\u00e1xima seguridad. Su acabado refinado le da un aspecto distintivo y moderno, convirti\u00e9ndolo en una opci\u00f3n \u00fanica para quienes valoran los materiales duraderos. El tama\u00f1o de 15 ml te ofrece la gran ventaja de la portabilidad, manteniendo al mismo tiempo la protecci\u00f3n total contra la luz y los factores ambientales que podr\u00edan degradar la f\u00f3rmula.<\/p>\n<p data-path-to-node=\"6\">La calidad del Mini Quick Silver Skull 15ml es uno de sus principales atributos. Su formulaci\u00f3n sigue rigurosos est\u00e1ndares de fabricaci\u00f3n, garantizando una experiencia robusta y un rendimiento optimizado. El embalaje fue dise\u00f1ado espec\u00edficamente para facilitar el almacenamiento seguro del producto, garantizando su conservaci\u00f3n y frescura en el tiempo, incluso en este formato m\u00e1s peque\u00f1o.<\/p>\n<p data-path-to-node=\"7\">La gama Quick Silver contin\u00faa innovando, manteniendo siempre su compromiso con la excelencia. Con un dise\u00f1o pr\u00e1ctico, discreto y funcional, esta botella fue creada para garantizar comodidad y protecci\u00f3n. Aproveche esta oportunidad para asegurarse un art\u00edculo de primera calidad. Pide ahora tu Mini Quick Silver Skull 15ml y aseg\u00farate de recibir un producto desarrollado con los m\u00e1s altos est\u00e1ndares de calidad y eficacia.<\/p>\n<h3>Composici\u00f3n de Mini Quick Silver Skull 15ml<\/h3>\n<p>Nitrito de isopropilo (CAS: 541-42-4) (CE: 208-779-0), propan-2-ol (CAS: 67-63-0) (CE: 200-661-7).<\/p>\n","protected":false},"excerpt":{"rendered":"<ul>\n<li>F\u00f3rmula de alta calidad con nitrito de propilo.<\/li>\n<li>Botella compacta de 15 ml para una mayor portabilidad.<\/li>\n<li>Dise\u00f1o ic\u00f3nico y exclusivo en cristal plateado.<\/li>\n<li>Rendimiento confiable y durabilidad duradera.<\/li>\n<\/ul>\n","protected":false},"featured_media":7608,"comment_status":"open","ping_status":"closed","template":"","meta":{"neve_meta_sidebar":"","neve_meta_container":"","neve_meta_enable_content_width":"off","neve_meta_content_width":100,"neve_meta_title_alignment":"","neve_meta_author_avatar":"","neve_post_elements_order":"","neve_meta_disable_header":"","neve_meta_disable_footer":"","neve_meta_disable_title":"","neve_meta_reading_time":"","_themeisle_gutenberg_block_has_review":false,"neve_tabs_data":"","neve_override_tab_layout":""},"product_brand":[262],"product_cat":[84,86],"product_tag":[],"class_list":{"0":"post-7616","1":"product","2":"type-product","3":"status-publish","4":"has-post-thumbnail","6":"product_brand-quick-silver","7":"product_cat-poppers","8":"product_cat-poppers-pequenos","10":"first","11":"instock","12":"sale","13":"taxable","14":"shipping-taxable","15":"purchasable","16":"product-type-simple"},"bundled_by":[],"bundle_stock_status":"instock","bundle_stock_quantity":18,"bundle_virtual":false,"bundle_layout":"","bundle_add_to_cart_form_location":"","bundle_editable_in_cart":false,"bundle_sold_individually_context":"","bundle_item_grouping":"","bundle_min_size":"","bundle_max_size":"","bundle_price":[],"bundled_items":[],"bundle_sell_ids":[],"_links":{"self":[{"href":"https:\/\/poppersareus.com\/es\/wp-json\/wp\/v2\/product\/7616","targetHints":{"allow":["GET"]}}],"collection":[{"href":"https:\/\/poppersareus.com\/es\/wp-json\/wp\/v2\/product"}],"about":[{"href":"https:\/\/poppersareus.com\/es\/wp-json\/wp\/v2\/types\/product"}],"replies":[{"embeddable":true,"href":"https:\/\/poppersareus.com\/es\/wp-json\/wp\/v2\/comments?post=7616"}],"wp:featuredmedia":[{"embeddable":true,"href":"https:\/\/poppersareus.com\/es\/wp-json\/wp\/v2\/media\/7608"}],"wp:attachment":[{"href":"https:\/\/poppersareus.com\/es\/wp-json\/wp\/v2\/media?parent=7616"}],"wp:term":[{"taxonomy":"product_brand","embeddable":true,"href":"https:\/\/poppersareus.com\/es\/wp-json\/wp\/v2\/product_brand?post=7616"},{"taxonomy":"product_cat","embeddable":true,"href":"https:\/\/poppersareus.com\/es\/wp-json\/wp\/v2\/product_cat?post=7616"},{"taxonomy":"product_tag","embeddable":true,"href":"https:\/\/poppersareus.com\/es\/wp-json\/wp\/v2\/product_tag?post=7616"}],"curies":[{"name":"wp","href":"https:\/\/api.w.org\/{rel}","templated":true}]}}